{"id":2536,"date":"2018-10-05T02:00:03","date_gmt":"2018-10-05T02:00:03","guid":{"rendered":"http:\/\/demo.roadthemes.com\/sneaker\/?page_id=3"},"modified":"2025-11-26T13:15:13","modified_gmt":"2025-11-26T13:15:13","slug":"expeditions-retours","status":"publish","type":"page","link":"https:\/\/perlya-bijoux.com\/index.php\/expeditions-retours\/","title":{"rendered":"Exp\u00e9ditions et retours"},"content":{"rendered":"<div class=\"wpb-content-wrapper\">[vc_row][vc_column][vc_column_text css=&#8221;&#8221;].[\/vc_column_text][\/vc_column][\/vc_row][vc_row][vc_column][vc_column_text css=&#8221;&#8221;]\n<h3>FORMULAIRE DE RETOUR<\/h3>\n<p>Chez Perlya, je souhaite vous offrir une exp\u00e9rience d&#8217;achat agr\u00e9able.<\/p>\n<p>Si vous devez retourner un bijou, vous disposez de 14 jours \u00e0 compter de la r\u00e9ception de votre commande.<\/p>\n<p>Les frais de retour sont \u00e0 votre charge, sauf si l&#8217;article est d\u00e9fectueux ou si nous avons commis une erreur de commande.<\/p>\n<p>Nous vous conseillons de bien emballer vos retours pour garantir leur s\u00e9curit\u00e9 durant le transport.<\/p>\n<p>Instructions :<\/p>\n<ol>\n<li>Compl\u00e9tez le formulaire ci-dessous<\/li>\n<li>Envoyez-le \u00e0 l&#8217;adresse suivante : Perlya 41 All\u00e9e de Gouran \u2013 64100 Bayonne<\/li>\n<\/ol>\n<p>Note importante : Les articles en promotion (prix doux ou cat\u00e9gorie soldes) ainsi que les boucles d\u2019oreilles ne sont ni repris ni \u00e9chang\u00e9s.<\/p>\n<p>Nous proc\u00e9dons au remboursement dans un d\u00e9lai de 7 jours apr\u00e8s r\u00e9ception de votre retour.<\/p>\n<p>En cas de doute, n&#8217;h\u00e9sitez pas \u00e0 nous contacter \u00e0 <a href=\"mailto:smm64cb@gmail.com\">smm64cb@gmail.com<\/a><\/p>\n<p>&nbsp;<\/p>\n<table width=\"624\">\n<tbody>\n<tr>\n<td width=\"125\">Num\u00e9ro de commande<\/td>\n<td width=\"125\">Nom du Bijoux<\/td>\n<td width=\"125\">Quantit\u00e9<\/td>\n<td width=\"125\">Raison du retour<\/td>\n<td width=\"125\">souhait<\/td>\n<\/tr>\n<tr>\n<td width=\"125\"><\/td>\n<td width=\"125\"><\/td>\n<td width=\"125\"><\/td>\n<td width=\"125\">Trop petit<\/p>\n<p>Trop grand<\/p>\n<p>Pas \u00e0 mon go\u00fbt<\/td>\n<td width=\"125\">Echange<\/p>\n<p>ou<\/p>\n<p>Remboursement<\/td>\n<\/tr>\n<tr>\n<td width=\"125\"><\/td>\n<td width=\"125\"><\/td>\n<td width=\"125\"><\/td>\n<td width=\"125\">Trop petit<\/p>\n<p>Trop grand<\/p>\n<p>Pas \u00e0 mon go\u00fbt<\/td>\n<td width=\"125\">Echange<\/p>\n<p>ou<\/p>\n<p>Remboursement<\/td>\n<\/tr>\n<tr>\n<td width=\"125\"><\/td>\n<td width=\"125\"><\/td>\n<td width=\"125\"><\/td>\n<td width=\"125\">Trop petit<\/p>\n<p>Trop grand<\/p>\n<p>Pas \u00e0 mon go\u00fbt<\/td>\n<td width=\"125\">Echange<\/p>\n<p>ou<\/p>\n<p>Remboursement<\/td>\n<\/tr>\n<\/tbody>\n<\/table>\n<p>&nbsp;<\/p>\n<p>Merci d\u2019entourer votre choix<\/p>\n<p>&nbsp;<\/p>\n<p>Date de la commande : &#8230;&#8230;&#8230;&#8230;&#8230;&#8230;&#8230;&#8230;&#8230;&#8230;&#8230;&#8230;&#8230;&#8230;&#8230;&#8230;&#8230;&#8230;&#8230;&#8230;&#8230;&#8230;&#8230;&#8230;&#8230;.<\/p>\n<p>Date de r\u00e9ception de la commande : &#8230;&#8230;&#8230;&#8230;&#8230;&#8230;&#8230;&#8230;&#8230;&#8230;&#8230;&#8230;&#8230;&#8230;&#8230;&#8230;&#8230;&#8230;&#8230;&#8230;&#8230;<\/p>\n<p>Date de renvoi de la commande (vous disposez de 14 jours \u00e0 compter de la r\u00e9ception de votre commande) : \u2026\u2026\u2026\u2026\u2026\u2026\u2026\u2026\u2026\u2026\u2026\u2026\u2026\u2026\u2026<\/p>\n<p>Nom Pr\u00e9nom : &#8230;&#8230;&#8230;&#8230;&#8230;&#8230;&#8230;&#8230;&#8230;&#8230;&#8230;&#8230;&#8230;&#8230;&#8230;&#8230;&#8230;&#8230;&#8230;&#8230;&#8230;&#8230;&#8230;&#8230;&#8230;&#8230;&#8230;&#8230;&#8230;&#8230;&#8230;&#8230;&#8230;&#8230;&#8230;..<\/p>\n<p>Adresse : &#8230;&#8230;&#8230;&#8230;&#8230;&#8230;&#8230;&#8230;&#8230;&#8230;&#8230;&#8230;&#8230;&#8230;&#8230;&#8230;&#8230;&#8230;&#8230;&#8230;&#8230;&#8230;&#8230;&#8230;&#8230;&#8230;&#8230;&#8230;&#8230;&#8230;&#8230;&#8230;&#8230;&#8230;&#8230;&#8230;<\/p>\n<p>Code Postal &amp; Ville : &#8230;&#8230;&#8230;&#8230;&#8230;&#8230;&#8230;&#8230;&#8230;&#8230;&#8230;&#8230;&#8230;&#8230;&#8230;&#8230;&#8230;&#8230;&#8230;&#8230;&#8230;&#8230;&#8230;&#8230;&#8230;&#8230;&#8230;&#8230;&#8230;&#8230;..<\/p>\n<p>Adresse mail : &#8230;&#8230;&#8230;&#8230;&#8230;&#8230;&#8230;&#8230;&#8230;&#8230;&#8230;&#8230;&#8230;&#8230;&#8230;&#8230;&#8230;&#8230;&#8230;&#8230;&#8230;&#8230;&#8230;&#8230;&#8230;&#8230;&#8230;&#8230;&#8230;&#8230;&#8230;&#8230;&#8230;&#8230;.<\/p>\n<p>Conditions de retour :<\/p>\n<ul>\n<li>Vous devez retourner les produits dans leur \u00e9tat d&#8217;origine (neuf, non port\u00e9, non utilis\u00e9) et dans leur emballage d&#8217;origine. \u25cf Les boucles d&#8217;oreilles ne sont ni reprises ni \u00e9chang\u00e9es pour des raisons d\u2019hygi\u00e8ne. \u25cf Les produits ab\u00eem\u00e9s ou incomplets ne seront pas rembours\u00e9s ou \u00e9chang\u00e9s. \u25cf L\u2019envoi reste sous votre responsabilit\u00e9 en cas de perte ou de dommage par les services postaux. \u25cf vous disposez de 14 jours \u00e0 compter de la r\u00e9ception de votre commande<\/li>\n<\/ul>\n<p>Nous vous remercions pour votre compr\u00e9hension et restons disponibles pour toute question.<\/p>\n<p>Merci d&#8217;avoir choisi Perlya !<\/p>\n<p>Nous esp\u00e9rons vous revoir bient\u00f4t et vous remercions pour votre confiance.[\/vc_column_text][\/vc_column][\/vc_row][vc_row][vc_column][\/vc_column][\/vc_row][vc_row][vc_column][\/vc_column][\/vc_row][vc_row][vc_column][\/vc_column][\/vc_row]\n<\/div>","protected":false},"excerpt":{"rendered":"<p>[vc_row][vc_column][vc_column_text css=&#8221;&#8221;].[\/vc_column_text][\/vc_column][\/vc_row][vc_row][vc_column][vc_column_text css=&#8221;&#8221;] FORMULAIRE DE RETOUR Chez Perlya, je souhaite vous offrir une exp\u00e9rience d&#8217;achat agr\u00e9able. Si vous devez retourner un bijou, vous disposez de 14 jours \u00e0 compter de la r\u00e9ception de votre commande. Les frais de retour sont \u00e0 votre charge, sauf si l&#8217;article est d\u00e9fectueux ou si<\/p>\n","protected":false},"author":1,"featured_media":0,"parent":0,"menu_order":0,"comment_status":"closed","ping_status":"closed","template":"","meta":{"footnotes":""},"class_list":["post-2536","page","type-page","status-publish","hentry"],"yoast_head":"<!-- This site is optimized with the Yoast SEO plugin v26.9 - https:\/\/yoast.com\/product\/yoast-seo-wordpress\/ -->\n<title>Exp\u00e9ditions et retours - Perlya<\/title>\n<meta name=\"robots\" content=\"index, follow, max-snippet:-1, max-image-preview:large, max-video-preview:-1\" \/>\n<link rel=\"canonical\" href=\"https:\/\/perlya-bijoux.com\/index.php\/expeditions-retours\/\" \/>\n<meta property=\"og:locale\" content=\"fr_FR\" \/>\n<meta property=\"og:type\" content=\"article\" \/>\n<meta property=\"og:title\" content=\"Exp\u00e9ditions et retours - Perlya\" \/>\n<meta property=\"og:description\" content=\"[vc_row][vc_column][vc_column_text css=&#8221;&#8221;].[\/vc_column_text][\/vc_column][\/vc_row][vc_row][vc_column][vc_column_text css=&#8221;&#8221;] FORMULAIRE DE RETOUR Chez Perlya, je souhaite vous offrir une exp\u00e9rience d&#8217;achat agr\u00e9able. Si vous devez retourner un bijou, vous disposez de 14 jours \u00e0 compter de la r\u00e9ception de votre commande. Les frais de retour sont \u00e0 votre charge, sauf si l&#8217;article est d\u00e9fectueux ou si\" \/>\n<meta property=\"og:url\" content=\"https:\/\/perlya-bijoux.com\/index.php\/expeditions-retours\/\" \/>\n<meta property=\"og:site_name\" content=\"Perlya\" \/>\n<meta property=\"article:modified_time\" content=\"2025-11-26T13:15:13+00:00\" \/>\n<meta name=\"twitter:card\" content=\"summary_large_image\" \/>\n<meta name=\"twitter:label1\" content=\"Dur\u00e9e de lecture estim\u00e9e\" \/>\n\t<meta name=\"twitter:data1\" content=\"2 minutes\" \/>\n<script type=\"application\/ld+json\" class=\"yoast-schema-graph\">{\"@context\":\"https:\/\/schema.org\",\"@graph\":[{\"@type\":\"WebPage\",\"@id\":\"https:\/\/perlya-bijoux.com\/index.php\/expeditions-retours\/\",\"url\":\"https:\/\/perlya-bijoux.com\/index.php\/expeditions-retours\/\",\"name\":\"Exp\u00e9ditions et retours - Perlya\",\"isPartOf\":{\"@id\":\"https:\/\/perlya-bijoux.com\/#website\"},\"datePublished\":\"2018-10-05T02:00:03+00:00\",\"dateModified\":\"2025-11-26T13:15:13+00:00\",\"breadcrumb\":{\"@id\":\"https:\/\/perlya-bijoux.com\/index.php\/expeditions-retours\/#breadcrumb\"},\"inLanguage\":\"fr-FR\",\"potentialAction\":[{\"@type\":\"ReadAction\",\"target\":[\"https:\/\/perlya-bijoux.com\/index.php\/expeditions-retours\/\"]}]},{\"@type\":\"BreadcrumbList\",\"@id\":\"https:\/\/perlya-bijoux.com\/index.php\/expeditions-retours\/#breadcrumb\",\"itemListElement\":[{\"@type\":\"ListItem\",\"position\":1,\"name\":\"Accueil\",\"item\":\"https:\/\/perlya-bijoux.com\/\"},{\"@type\":\"ListItem\",\"position\":2,\"name\":\"Exp\u00e9ditions et retours\"}]},{\"@type\":\"WebSite\",\"@id\":\"https:\/\/perlya-bijoux.com\/#website\",\"url\":\"https:\/\/perlya-bijoux.com\/\",\"name\":\"Perlya\",\"description\":\"\",\"potentialAction\":[{\"@type\":\"SearchAction\",\"target\":{\"@type\":\"EntryPoint\",\"urlTemplate\":\"https:\/\/perlya-bijoux.com\/?s={search_term_string}\"},\"query-input\":{\"@type\":\"PropertyValueSpecification\",\"valueRequired\":true,\"valueName\":\"search_term_string\"}}],\"inLanguage\":\"fr-FR\"}]}<\/script>\n<!-- \/ Yoast SEO plugin. -->","yoast_head_json":{"title":"Exp\u00e9ditions et retours - Perlya","robots":{"index":"index","follow":"follow","max-snippet":"max-snippet:-1","max-image-preview":"max-image-preview:large","max-video-preview":"max-video-preview:-1"},"canonical":"https:\/\/perlya-bijoux.com\/index.php\/expeditions-retours\/","og_locale":"fr_FR","og_type":"article","og_title":"Exp\u00e9ditions et retours - Perlya","og_description":"[vc_row][vc_column][vc_column_text css=&#8221;&#8221;].[\/vc_column_text][\/vc_column][\/vc_row][vc_row][vc_column][vc_column_text css=&#8221;&#8221;] FORMULAIRE DE RETOUR Chez Perlya, je souhaite vous offrir une exp\u00e9rience d&#8217;achat agr\u00e9able. Si vous devez retourner un bijou, vous disposez de 14 jours \u00e0 compter de la r\u00e9ception de votre commande. Les frais de retour sont \u00e0 votre charge, sauf si l&#8217;article est d\u00e9fectueux ou si","og_url":"https:\/\/perlya-bijoux.com\/index.php\/expeditions-retours\/","og_site_name":"Perlya","article_modified_time":"2025-11-26T13:15:13+00:00","twitter_card":"summary_large_image","twitter_misc":{"Dur\u00e9e de lecture estim\u00e9e":"2 minutes"},"schema":{"@context":"https:\/\/schema.org","@graph":[{"@type":"WebPage","@id":"https:\/\/perlya-bijoux.com\/index.php\/expeditions-retours\/","url":"https:\/\/perlya-bijoux.com\/index.php\/expeditions-retours\/","name":"Exp\u00e9ditions et retours - Perlya","isPartOf":{"@id":"https:\/\/perlya-bijoux.com\/#website"},"datePublished":"2018-10-05T02:00:03+00:00","dateModified":"2025-11-26T13:15:13+00:00","breadcrumb":{"@id":"https:\/\/perlya-bijoux.com\/index.php\/expeditions-retours\/#breadcrumb"},"inLanguage":"fr-FR","potentialAction":[{"@type":"ReadAction","target":["https:\/\/perlya-bijoux.com\/index.php\/expeditions-retours\/"]}]},{"@type":"BreadcrumbList","@id":"https:\/\/perlya-bijoux.com\/index.php\/expeditions-retours\/#breadcrumb","itemListElement":[{"@type":"ListItem","position":1,"name":"Accueil","item":"https:\/\/perlya-bijoux.com\/"},{"@type":"ListItem","position":2,"name":"Exp\u00e9ditions et retours"}]},{"@type":"WebSite","@id":"https:\/\/perlya-bijoux.com\/#website","url":"https:\/\/perlya-bijoux.com\/","name":"Perlya","description":"","potentialAction":[{"@type":"SearchAction","target":{"@type":"EntryPoint","urlTemplate":"https:\/\/perlya-bijoux.com\/?s={search_term_string}"},"query-input":{"@type":"PropertyValueSpecification","valueRequired":true,"valueName":"search_term_string"}}],"inLanguage":"fr-FR"}]}},"_links":{"self":[{"href":"https:\/\/perlya-bijoux.com\/index.php\/wp-json\/wp\/v2\/pages\/2536","targetHints":{"allow":["GET"]}}],"collection":[{"href":"https:\/\/perlya-bijoux.com\/index.php\/wp-json\/wp\/v2\/pages"}],"about":[{"href":"https:\/\/perlya-bijoux.com\/index.php\/wp-json\/wp\/v2\/types\/page"}],"author":[{"embeddable":true,"href":"https:\/\/perlya-bijoux.com\/index.php\/wp-json\/wp\/v2\/users\/1"}],"replies":[{"embeddable":true,"href":"https:\/\/perlya-bijoux.com\/index.php\/wp-json\/wp\/v2\/comments?post=2536"}],"version-history":[{"count":5,"href":"https:\/\/perlya-bijoux.com\/index.php\/wp-json\/wp\/v2\/pages\/2536\/revisions"}],"predecessor-version":[{"id":3114,"href":"https:\/\/perlya-bijoux.com\/index.php\/wp-json\/wp\/v2\/pages\/2536\/revisions\/3114"}],"wp:attachment":[{"href":"https:\/\/perlya-bijoux.com\/index.php\/wp-json\/wp\/v2\/media?parent=2536"}],"curies":[{"name":"wp","href":"https:\/\/api.w.org\/{rel}","templated":true}]}}