{"id":3,"date":"2025-09-17T08:20:40","date_gmt":"2025-09-17T08:20:40","guid":{"rendered":"http:\/\/perlya-bijoux.com\/?page_id=3"},"modified":"2025-11-04T09:57:01","modified_gmt":"2025-11-04T09:57:01","slug":"mentions-legales","status":"publish","type":"page","link":"https:\/\/perlya-bijoux.com\/index.php\/mentions-legales\/","title":{"rendered":"Mentions l\u00e9gales"},"content":{"rendered":"<div class=\"wpb-content-wrapper\">[vc_row][vc_column][vc_column_text css=&#8221;&#8221;]\r\n<p class=\"wp-block-heading\">PERLYA BIJOUX<\/p>\r\n<p class=\"wp-block-heading\">SIREN 833 210 214<\/p>\r\n<p class=\"wp-block-heading\">SIRET <span style=\"font-size: 1rem;\">833 210 214 00023<\/span><\/p>\r\n<p class=\"wp-block-heading\">\u00a0ACTIVIT\u00c9 (NAF \/ APE) Fabrication d&#8217;articles de bijouterie fantaisie et articles similaires &#8211; 3213Z<\/p>\r\n<p class=\"wp-block-heading\">ADRESSE: ALLEE DE GOURAN, 64100 BAYONNE<\/p>\r\n<p>DIRECTRICE DE PUBLICATION:\u00a0 MADAME CHRISTELLE BLANCHARD\u00a0<\/p>\r\n<p>TEL: 06 69 00 57 56\u00a0<\/p>\r\n<p>HEBERGEUR: OVH SAS soci\u00e9t\u00e9 immatricul\u00e9e au RCS de Lille sous le num\u00e9ro 537 407 926 sise <em>2, rue Kellermann, 59100 Roubaix<\/em>.<\/p>\r\n<p>&nbsp;<\/p>\r\n[\/vc_column_text][\/vc_column][\/vc_row]<\/div>","protected":false},"excerpt":{"rendered":"<p>[vc_row][vc_column][vc_column_text css=&#8221;&#8221;] PERLYA BIJOUX SIREN 833 210 214 SIRET 833 210 214 00023 \u00a0ACTIVIT\u00c9 (NAF \/ APE) Fabrication d&#8217;articles de bijouterie fantaisie et articles similaires &#8211; 3213Z ADRESSE: ALLEE DE GOURAN, 64100 BAYONNE DIRECTRICE DE PUBLICATION:\u00a0 MADAME CHRISTELLE BLANCHARD\u00a0 TEL: 06 69 00 57 56\u00a0 HEBERGEUR: OVH SAS soci\u00e9t\u00e9 immatricul\u00e9e<\/p>\n","protected":false},"author":1,"featured_media":0,"parent":0,"menu_order":0,"comment_status":"closed","ping_status":"closed","template":"","meta":{"footnotes":""},"class_list":["post-3","page","type-page","status-publish","hentry"],"yoast_head":"<!-- This site is optimized with the Yoast SEO plugin v26.9 - https:\/\/yoast.com\/product\/yoast-seo-wordpress\/ -->\n<title>Mentions l\u00e9gales - Perlya<\/title>\n<meta name=\"robots\" content=\"index, follow, max-snippet:-1, max-image-preview:large, max-video-preview:-1\" \/>\n<link rel=\"canonical\" href=\"https:\/\/perlya-bijoux.com\/index.php\/mentions-legales\/\" \/>\n<meta property=\"og:locale\" content=\"fr_FR\" \/>\n<meta property=\"og:type\" content=\"article\" \/>\n<meta property=\"og:title\" content=\"Mentions l\u00e9gales - Perlya\" \/>\n<meta property=\"og:description\" content=\"[vc_row][vc_column][vc_column_text css=&#8221;&#8221;] PERLYA BIJOUX SIREN 833 210 214 SIRET 833 210 214 00023 \u00a0ACTIVIT\u00c9 (NAF \/ APE) Fabrication d&#8217;articles de bijouterie fantaisie et articles similaires &#8211; 3213Z ADRESSE: ALLEE DE GOURAN, 64100 BAYONNE DIRECTRICE DE PUBLICATION:\u00a0 MADAME CHRISTELLE BLANCHARD\u00a0 TEL: 06 69 00 57 56\u00a0 HEBERGEUR: OVH SAS soci\u00e9t\u00e9 immatricul\u00e9e\" \/>\n<meta property=\"og:url\" content=\"https:\/\/perlya-bijoux.com\/index.php\/mentions-legales\/\" \/>\n<meta property=\"og:site_name\" content=\"Perlya\" \/>\n<meta property=\"article:modified_time\" content=\"2025-11-04T09:57:01+00:00\" \/>\n<meta name=\"twitter:card\" content=\"summary_large_image\" \/>\n<script type=\"application\/ld+json\" class=\"yoast-schema-graph\">{\"@context\":\"https:\/\/schema.org\",\"@graph\":[{\"@type\":\"WebPage\",\"@id\":\"https:\/\/perlya-bijoux.com\/index.php\/mentions-legales\/\",\"url\":\"https:\/\/perlya-bijoux.com\/index.php\/mentions-legales\/\",\"name\":\"Mentions l\u00e9gales - Perlya\",\"isPartOf\":{\"@id\":\"https:\/\/perlya-bijoux.com\/#website\"},\"datePublished\":\"2025-09-17T08:20:40+00:00\",\"dateModified\":\"2025-11-04T09:57:01+00:00\",\"breadcrumb\":{\"@id\":\"https:\/\/perlya-bijoux.com\/index.php\/mentions-legales\/#breadcrumb\"},\"inLanguage\":\"fr-FR\",\"potentialAction\":[{\"@type\":\"ReadAction\",\"target\":[\"https:\/\/perlya-bijoux.com\/index.php\/mentions-legales\/\"]}]},{\"@type\":\"BreadcrumbList\",\"@id\":\"https:\/\/perlya-bijoux.com\/index.php\/mentions-legales\/#breadcrumb\",\"itemListElement\":[{\"@type\":\"ListItem\",\"position\":1,\"name\":\"Accueil\",\"item\":\"https:\/\/perlya-bijoux.com\/\"},{\"@type\":\"ListItem\",\"position\":2,\"name\":\"Mentions l\u00e9gales\"}]},{\"@type\":\"WebSite\",\"@id\":\"https:\/\/perlya-bijoux.com\/#website\",\"url\":\"https:\/\/perlya-bijoux.com\/\",\"name\":\"Perlya\",\"description\":\"\",\"potentialAction\":[{\"@type\":\"SearchAction\",\"target\":{\"@type\":\"EntryPoint\",\"urlTemplate\":\"https:\/\/perlya-bijoux.com\/?s={search_term_string}\"},\"query-input\":{\"@type\":\"PropertyValueSpecification\",\"valueRequired\":true,\"valueName\":\"search_term_string\"}}],\"inLanguage\":\"fr-FR\"}]}<\/script>\n<!-- \/ Yoast SEO plugin. -->","yoast_head_json":{"title":"Mentions l\u00e9gales - Perlya","robots":{"index":"index","follow":"follow","max-snippet":"max-snippet:-1","max-image-preview":"max-image-preview:large","max-video-preview":"max-video-preview:-1"},"canonical":"https:\/\/perlya-bijoux.com\/index.php\/mentions-legales\/","og_locale":"fr_FR","og_type":"article","og_title":"Mentions l\u00e9gales - Perlya","og_description":"[vc_row][vc_column][vc_column_text css=&#8221;&#8221;] PERLYA BIJOUX SIREN 833 210 214 SIRET 833 210 214 00023 \u00a0ACTIVIT\u00c9 (NAF \/ APE) Fabrication d&#8217;articles de bijouterie fantaisie et articles similaires &#8211; 3213Z ADRESSE: ALLEE DE GOURAN, 64100 BAYONNE DIRECTRICE DE PUBLICATION:\u00a0 MADAME CHRISTELLE BLANCHARD\u00a0 TEL: 06 69 00 57 56\u00a0 HEBERGEUR: OVH SAS soci\u00e9t\u00e9 immatricul\u00e9e","og_url":"https:\/\/perlya-bijoux.com\/index.php\/mentions-legales\/","og_site_name":"Perlya","article_modified_time":"2025-11-04T09:57:01+00:00","twitter_card":"summary_large_image","schema":{"@context":"https:\/\/schema.org","@graph":[{"@type":"WebPage","@id":"https:\/\/perlya-bijoux.com\/index.php\/mentions-legales\/","url":"https:\/\/perlya-bijoux.com\/index.php\/mentions-legales\/","name":"Mentions l\u00e9gales - Perlya","isPartOf":{"@id":"https:\/\/perlya-bijoux.com\/#website"},"datePublished":"2025-09-17T08:20:40+00:00","dateModified":"2025-11-04T09:57:01+00:00","breadcrumb":{"@id":"https:\/\/perlya-bijoux.com\/index.php\/mentions-legales\/#breadcrumb"},"inLanguage":"fr-FR","potentialAction":[{"@type":"ReadAction","target":["https:\/\/perlya-bijoux.com\/index.php\/mentions-legales\/"]}]},{"@type":"BreadcrumbList","@id":"https:\/\/perlya-bijoux.com\/index.php\/mentions-legales\/#breadcrumb","itemListElement":[{"@type":"ListItem","position":1,"name":"Accueil","item":"https:\/\/perlya-bijoux.com\/"},{"@type":"ListItem","position":2,"name":"Mentions l\u00e9gales"}]},{"@type":"WebSite","@id":"https:\/\/perlya-bijoux.com\/#website","url":"https:\/\/perlya-bijoux.com\/","name":"Perlya","description":"","potentialAction":[{"@type":"SearchAction","target":{"@type":"EntryPoint","urlTemplate":"https:\/\/perlya-bijoux.com\/?s={search_term_string}"},"query-input":{"@type":"PropertyValueSpecification","valueRequired":true,"valueName":"search_term_string"}}],"inLanguage":"fr-FR"}]}},"_links":{"self":[{"href":"https:\/\/perlya-bijoux.com\/index.php\/wp-json\/wp\/v2\/pages\/3","targetHints":{"allow":["GET"]}}],"collection":[{"href":"https:\/\/perlya-bijoux.com\/index.php\/wp-json\/wp\/v2\/pages"}],"about":[{"href":"https:\/\/perlya-bijoux.com\/index.php\/wp-json\/wp\/v2\/types\/page"}],"author":[{"embeddable":true,"href":"https:\/\/perlya-bijoux.com\/index.php\/wp-json\/wp\/v2\/users\/1"}],"replies":[{"embeddable":true,"href":"https:\/\/perlya-bijoux.com\/index.php\/wp-json\/wp\/v2\/comments?post=3"}],"version-history":[{"count":3,"href":"https:\/\/perlya-bijoux.com\/index.php\/wp-json\/wp\/v2\/pages\/3\/revisions"}],"predecessor-version":[{"id":2963,"href":"https:\/\/perlya-bijoux.com\/index.php\/wp-json\/wp\/v2\/pages\/3\/revisions\/2963"}],"wp:attachment":[{"href":"https:\/\/perlya-bijoux.com\/index.php\/wp-json\/wp\/v2\/media?parent=3"}],"curies":[{"name":"wp","href":"https:\/\/api.w.org\/{rel}","templated":true}]}}