{"id":2750,"date":"2025-10-25T16:22:22","date_gmt":"2025-10-25T16:22:22","guid":{"rendered":"http:\/\/perlya-bijoux.com\/?post_type=product&#038;p=2750"},"modified":"2026-02-03T20:56:40","modified_gmt":"2026-02-03T20:56:40","slug":"boucles-doreilles-eclat-boheme","status":"publish","type":"product","link":"https:\/\/perlya-bijoux.com\/index.php\/product\/boucles-doreilles-eclat-boheme\/","title":{"rendered":"Boucles d&#8217;oreilles \u00e9clat boh\u00e8me"},"content":{"rendered":"<p data-start=\"135\" data-end=\"449\">Les <strong data-start=\"139\" data-end=\"174\">Boucles d\u2019oreilles Fleur Boh\u00e8me<\/strong> c\u00e9l\u00e8brent la <strong data-start=\"188\" data-end=\"203\">d\u00e9licatesse<\/strong> et la <strong data-start=\"210\" data-end=\"232\">f\u00e9minit\u00e9 naturelle<\/strong> \u00e0 travers un design \u00e0 la fois simple et plein de gr\u00e2ce.<br data-start=\"288\" data-end=\"291\" \/>Chaque pi\u00e8ce est soigneusement r\u00e9alis\u00e9e \u00e0 la main, alliant la <strong data-start=\"353\" data-end=\"380\">douce brillance du dor\u00e9<\/strong> \u00e0 la <strong data-start=\"386\" data-end=\"415\">puret\u00e9 d\u2019une fleur nacr\u00e9e<\/strong> suspendue \u00e0 une fine cha\u00eenette.<\/p>\n<p data-start=\"451\" data-end=\"730\">L\u00e9g\u00e8res et a\u00e9riennes, elles se balancent au rythme des mouvements, captant la lumi\u00e8re pour illuminer le visage d\u2019un \u00e9clat subtil. Leur silhouette \u00e9lanc\u00e9e \u00e9voque la <strong data-start=\"615\" data-end=\"645\">po\u00e9sie d\u2019une fleur au vent<\/strong>, offrant une touche \u00e0 la fois <strong data-start=\"676\" data-end=\"707\">romantique et contemporaine<\/strong> \u00e0 toutes vos tenues.<\/p>\n<p data-start=\"732\" data-end=\"924\">Parfaites pour sublimer un look du quotidien comme une occasion sp\u00e9ciale, ces boucles incarnent l\u2019esprit <strong data-start=\"837\" data-end=\"852\">boh\u00e8me chic<\/strong> : un bijou intemporel qui allie <strong data-start=\"885\" data-end=\"921\">\u00e9l\u00e9gance, douceur et raffinement<\/strong>.<\/p>\n<p data-start=\"926\" data-end=\"994\"><strong data-start=\"926\" data-end=\"940\">Mati\u00e8res :<\/strong> laiton dor\u00e9, cha\u00eenette fine, fleur en perle nacr\u00e9e.<\/p>\n<p data-start=\"926\" data-end=\"994\">Longueur: environ 5.5 cm<\/p>\n","protected":false},"excerpt":{"rendered":"<p data-start=\"119\" data-end=\"364\">D\u00e9licates et lumineuses, les <strong data-start=\"148\" data-end=\"183\">Boucles d\u2019oreilles Fleur Boh\u00e8me<\/strong> associent une <strong data-start=\"198\" data-end=\"222\">cha\u00eenette dor\u00e9e fine<\/strong> \u00e0 une <strong data-start=\"229\" data-end=\"245\">fleur nacr\u00e9e<\/strong> pour un effet \u00e0 la fois <strong data-start=\"270\" data-end=\"293\">po\u00e9tique et raffin\u00e9<\/strong>. Leur mouvement l\u00e9ger illumine le visage avec <strong data-start=\"340\" data-end=\"361\">gr\u00e2ce et f\u00e9minit\u00e9<\/strong>.<\/p>\n<p data-start=\"366\" data-end=\"407\"><strong data-start=\"366\" data-end=\"380\">Mati\u00e8res :<\/strong> Laiton dor\u00e9, perle nacr\u00e9e, acier inoxydable<\/p>\n","protected":false},"featured_media":2817,"comment_status":"open","ping_status":"closed","template":"","meta":[],"product_brand":[],"product_cat":[64,53,96,67],"product_tag":[],"class_list":{"0":"post-2750","1":"product","2":"type-product","3":"status-publish","4":"has-post-thumbnail","6":"product_cat-bijoux","7":"product_cat-bijoux-mariee","8":"product_cat-boucles","9":"product_cat-bouclesoreille","11":"first","12":"instock","13":"shipping-taxable","14":"purchasable","15":"product-type-simple"},"yoast_head":"<!-- This site is optimized with the Yoast SEO plugin v26.9 - https:\/\/yoast.com\/product\/yoast-seo-wordpress\/ -->\n<title>Boucles d&#039;oreilles \u00e9clat boh\u00e8me - Perlya<\/title>\n<meta name=\"robots\" content=\"index, follow, max-snippet:-1, max-image-preview:large, max-video-preview:-1\" \/>\n<link rel=\"canonical\" href=\"https:\/\/perlya-bijoux.com\/index.php\/product\/boucles-doreilles-eclat-boheme\/\" \/>\n<meta property=\"og:locale\" content=\"fr_FR\" \/>\n<meta property=\"og:type\" content=\"article\" \/>\n<meta property=\"og:title\" content=\"Boucles d&#039;oreilles \u00e9clat boh\u00e8me - Perlya\" \/>\n<meta property=\"og:description\" content=\"D\u00e9licates et lumineuses, les Boucles d\u2019oreilles Fleur Boh\u00e8me associent une cha\u00eenette dor\u00e9e fine \u00e0 une fleur nacr\u00e9e pour un effet \u00e0 la fois po\u00e9tique et raffin\u00e9. Leur mouvement l\u00e9ger illumine le visage avec gr\u00e2ce et f\u00e9minit\u00e9. Mati\u00e8res : Laiton dor\u00e9, perle nacr\u00e9e, acier inoxydable\" \/>\n<meta property=\"og:url\" content=\"https:\/\/perlya-bijoux.com\/index.php\/product\/boucles-doreilles-eclat-boheme\/\" \/>\n<meta property=\"og:site_name\" content=\"Perlya\" \/>\n<meta property=\"article:modified_time\" content=\"2026-02-03T20:56:40+00:00\" \/>\n<meta property=\"og:image\" content=\"http:\/\/perlya-bijoux.com\/wp-content\/uploads\/2025\/10\/boucle-eclat-boheme-1-2-scaled.jpg\" \/>\n\t<meta property=\"og:image:width\" content=\"2560\" \/>\n\t<meta property=\"og:image:height\" content=\"2560\" \/>\n\t<meta property=\"og:image:type\" content=\"image\/jpeg\" \/>\n<meta name=\"twitter:card\" content=\"summary_large_image\" \/>\n<meta name=\"twitter:label1\" content=\"Dur\u00e9e de lecture estim\u00e9e\" \/>\n\t<meta name=\"twitter:data1\" content=\"1 minute\" \/>\n<script type=\"application\/ld+json\" class=\"yoast-schema-graph\">{\"@context\":\"https:\/\/schema.org\",\"@graph\":[{\"@type\":\"WebPage\",\"@id\":\"https:\/\/perlya-bijoux.com\/index.php\/product\/boucles-doreilles-eclat-boheme\/\",\"url\":\"https:\/\/perlya-bijoux.com\/index.php\/product\/boucles-doreilles-eclat-boheme\/\",\"name\":\"Boucles d'oreilles \u00e9clat boh\u00e8me - Perlya\",\"isPartOf\":{\"@id\":\"https:\/\/perlya-bijoux.com\/#website\"},\"primaryImageOfPage\":{\"@id\":\"https:\/\/perlya-bijoux.com\/index.php\/product\/boucles-doreilles-eclat-boheme\/#primaryimage\"},\"image\":{\"@id\":\"https:\/\/perlya-bijoux.com\/index.php\/product\/boucles-doreilles-eclat-boheme\/#primaryimage\"},\"thumbnailUrl\":\"https:\/\/perlya-bijoux.com\/wp-content\/uploads\/2025\/10\/boucle-eclat-boheme-1-2-scaled.jpg\",\"datePublished\":\"2025-10-25T16:22:22+00:00\",\"dateModified\":\"2026-02-03T20:56:40+00:00\",\"breadcrumb\":{\"@id\":\"https:\/\/perlya-bijoux.com\/index.php\/product\/boucles-doreilles-eclat-boheme\/#breadcrumb\"},\"inLanguage\":\"fr-FR\",\"potentialAction\":[{\"@type\":\"ReadAction\",\"target\":[\"https:\/\/perlya-bijoux.com\/index.php\/product\/boucles-doreilles-eclat-boheme\/\"]}]},{\"@type\":\"ImageObject\",\"inLanguage\":\"fr-FR\",\"@id\":\"https:\/\/perlya-bijoux.com\/index.php\/product\/boucles-doreilles-eclat-boheme\/#primaryimage\",\"url\":\"https:\/\/perlya-bijoux.com\/wp-content\/uploads\/2025\/10\/boucle-eclat-boheme-1-2-scaled.jpg\",\"contentUrl\":\"https:\/\/perlya-bijoux.com\/wp-content\/uploads\/2025\/10\/boucle-eclat-boheme-1-2-scaled.jpg\",\"width\":2560,\"height\":2560},{\"@type\":\"BreadcrumbList\",\"@id\":\"https:\/\/perlya-bijoux.com\/index.php\/product\/boucles-doreilles-eclat-boheme\/#breadcrumb\",\"itemListElement\":[{\"@type\":\"ListItem\",\"position\":1,\"name\":\"Accueil\",\"item\":\"https:\/\/perlya-bijoux.com\/\"},{\"@type\":\"ListItem\",\"position\":2,\"name\":\"Boutique\",\"item\":\"https:\/\/perlya-bijoux.com\/index.php\/boutique\/\"},{\"@type\":\"ListItem\",\"position\":3,\"name\":\"Boucles d&#8217;oreilles \u00e9clat boh\u00e8me\"}]},{\"@type\":\"WebSite\",\"@id\":\"https:\/\/perlya-bijoux.com\/#website\",\"url\":\"https:\/\/perlya-bijoux.com\/\",\"name\":\"Perlya\",\"description\":\"\",\"potentialAction\":[{\"@type\":\"SearchAction\",\"target\":{\"@type\":\"EntryPoint\",\"urlTemplate\":\"https:\/\/perlya-bijoux.com\/?s={search_term_string}\"},\"query-input\":{\"@type\":\"PropertyValueSpecification\",\"valueRequired\":true,\"valueName\":\"search_term_string\"}}],\"inLanguage\":\"fr-FR\"}]}<\/script>\n<!-- \/ Yoast SEO plugin. -->","yoast_head_json":{"title":"Boucles d'oreilles \u00e9clat boh\u00e8me - Perlya","robots":{"index":"index","follow":"follow","max-snippet":"max-snippet:-1","max-image-preview":"max-image-preview:large","max-video-preview":"max-video-preview:-1"},"canonical":"https:\/\/perlya-bijoux.com\/index.php\/product\/boucles-doreilles-eclat-boheme\/","og_locale":"fr_FR","og_type":"article","og_title":"Boucles d'oreilles \u00e9clat boh\u00e8me - Perlya","og_description":"D\u00e9licates et lumineuses, les Boucles d\u2019oreilles Fleur Boh\u00e8me associent une cha\u00eenette dor\u00e9e fine \u00e0 une fleur nacr\u00e9e pour un effet \u00e0 la fois po\u00e9tique et raffin\u00e9. Leur mouvement l\u00e9ger illumine le visage avec gr\u00e2ce et f\u00e9minit\u00e9. Mati\u00e8res : Laiton dor\u00e9, perle nacr\u00e9e, acier inoxydable","og_url":"https:\/\/perlya-bijoux.com\/index.php\/product\/boucles-doreilles-eclat-boheme\/","og_site_name":"Perlya","article_modified_time":"2026-02-03T20:56:40+00:00","og_image":[{"width":2560,"height":2560,"url":"http:\/\/perlya-bijoux.com\/wp-content\/uploads\/2025\/10\/boucle-eclat-boheme-1-2-scaled.jpg","type":"image\/jpeg"}],"twitter_card":"summary_large_image","twitter_misc":{"Dur\u00e9e de lecture estim\u00e9e":"1 minute"},"schema":{"@context":"https:\/\/schema.org","@graph":[{"@type":"WebPage","@id":"https:\/\/perlya-bijoux.com\/index.php\/product\/boucles-doreilles-eclat-boheme\/","url":"https:\/\/perlya-bijoux.com\/index.php\/product\/boucles-doreilles-eclat-boheme\/","name":"Boucles d'oreilles \u00e9clat boh\u00e8me - Perlya","isPartOf":{"@id":"https:\/\/perlya-bijoux.com\/#website"},"primaryImageOfPage":{"@id":"https:\/\/perlya-bijoux.com\/index.php\/product\/boucles-doreilles-eclat-boheme\/#primaryimage"},"image":{"@id":"https:\/\/perlya-bijoux.com\/index.php\/product\/boucles-doreilles-eclat-boheme\/#primaryimage"},"thumbnailUrl":"https:\/\/perlya-bijoux.com\/wp-content\/uploads\/2025\/10\/boucle-eclat-boheme-1-2-scaled.jpg","datePublished":"2025-10-25T16:22:22+00:00","dateModified":"2026-02-03T20:56:40+00:00","breadcrumb":{"@id":"https:\/\/perlya-bijoux.com\/index.php\/product\/boucles-doreilles-eclat-boheme\/#breadcrumb"},"inLanguage":"fr-FR","potentialAction":[{"@type":"ReadAction","target":["https:\/\/perlya-bijoux.com\/index.php\/product\/boucles-doreilles-eclat-boheme\/"]}]},{"@type":"ImageObject","inLanguage":"fr-FR","@id":"https:\/\/perlya-bijoux.com\/index.php\/product\/boucles-doreilles-eclat-boheme\/#primaryimage","url":"https:\/\/perlya-bijoux.com\/wp-content\/uploads\/2025\/10\/boucle-eclat-boheme-1-2-scaled.jpg","contentUrl":"https:\/\/perlya-bijoux.com\/wp-content\/uploads\/2025\/10\/boucle-eclat-boheme-1-2-scaled.jpg","width":2560,"height":2560},{"@type":"BreadcrumbList","@id":"https:\/\/perlya-bijoux.com\/index.php\/product\/boucles-doreilles-eclat-boheme\/#breadcrumb","itemListElement":[{"@type":"ListItem","position":1,"name":"Accueil","item":"https:\/\/perlya-bijoux.com\/"},{"@type":"ListItem","position":2,"name":"Boutique","item":"https:\/\/perlya-bijoux.com\/index.php\/boutique\/"},{"@type":"ListItem","position":3,"name":"Boucles d&#8217;oreilles \u00e9clat boh\u00e8me"}]},{"@type":"WebSite","@id":"https:\/\/perlya-bijoux.com\/#website","url":"https:\/\/perlya-bijoux.com\/","name":"Perlya","description":"","potentialAction":[{"@type":"SearchAction","target":{"@type":"EntryPoint","urlTemplate":"https:\/\/perlya-bijoux.com\/?s={search_term_string}"},"query-input":{"@type":"PropertyValueSpecification","valueRequired":true,"valueName":"search_term_string"}}],"inLanguage":"fr-FR"}]}},"_links":{"self":[{"href":"https:\/\/perlya-bijoux.com\/index.php\/wp-json\/wp\/v2\/product\/2750","targetHints":{"allow":["GET"]}}],"collection":[{"href":"https:\/\/perlya-bijoux.com\/index.php\/wp-json\/wp\/v2\/product"}],"about":[{"href":"https:\/\/perlya-bijoux.com\/index.php\/wp-json\/wp\/v2\/types\/product"}],"replies":[{"embeddable":true,"href":"https:\/\/perlya-bijoux.com\/index.php\/wp-json\/wp\/v2\/comments?post=2750"}],"wp:featuredmedia":[{"embeddable":true,"href":"https:\/\/perlya-bijoux.com\/index.php\/wp-json\/wp\/v2\/media\/2817"}],"wp:attachment":[{"href":"https:\/\/perlya-bijoux.com\/index.php\/wp-json\/wp\/v2\/media?parent=2750"}],"wp:term":[{"taxonomy":"product_brand","embeddable":true,"href":"https:\/\/perlya-bijoux.com\/index.php\/wp-json\/wp\/v2\/product_brand?post=2750"},{"taxonomy":"product_cat","embeddable":true,"href":"https:\/\/perlya-bijoux.com\/index.php\/wp-json\/wp\/v2\/product_cat?post=2750"},{"taxonomy":"product_tag","embeddable":true,"href":"https:\/\/perlya-bijoux.com\/index.php\/wp-json\/wp\/v2\/product_tag?post=2750"}],"curies":[{"name":"wp","href":"https:\/\/api.w.org\/{rel}","templated":true}]}}