{"id":2836,"date":"2025-10-28T22:06:34","date_gmt":"2025-10-28T22:06:34","guid":{"rendered":"https:\/\/perlya-bijoux.com\/?post_type=product&#038;p=2836"},"modified":"2025-11-29T21:13:05","modified_gmt":"2025-11-29T21:13:05","slug":"bague-boheme","status":"publish","type":"product","link":"https:\/\/perlya-bijoux.com\/index.php\/product\/bague-boheme\/","title":{"rendered":"Bague boh\u00e8me"},"content":{"rendered":"<p>faite main avec soin, la bague <em data-start=\"415\" data-end=\"426\">\u00c9clat Pur<\/em> incarne toute la d\u00e9licatesse et l\u2019authenticit\u00e9 de la collection <em data-start=\"491\" data-end=\"505\">\u00c9clat Boh\u00e8me<\/em>. Compos\u00e9e de <strong data-start=\"519\" data-end=\"559\">perles naturelles aux reflets nacr\u00e9s<\/strong> et de <strong data-start=\"566\" data-end=\"590\">fines touches dor\u00e9es<\/strong>, elle refl\u00e8te la lumi\u00e8re avec douceur et \u00e9l\u00e9gance.<br data-start=\"641\" data-end=\"644\" \/>Chaque perle est soigneusement s\u00e9lectionn\u00e9e pour sa <strong data-start=\"696\" data-end=\"727\" data-is-only-node=\"\">puret\u00e9 et sa texture unique<\/strong>, conf\u00e9rant \u00e0 la bague un caract\u00e8re \u00e0 la fois artisanal et raffin\u00e9.<br data-start=\"794\" data-end=\"797\" \/>Son design \u00e9pur\u00e9, inspir\u00e9 de la nature, sublime la main sans artifice et s\u2019adapte \u00e0 toutes les occasions \u2014 du quotidien \u00e0 un moment plus habill\u00e9.<br data-start=\"942\" data-end=\"945\" \/>Associ\u00e9e au collier <em data-start=\"965\" data-end=\"979\">Lueur Boh\u00e8me<\/em> et au bracelet <em data-start=\"995\" data-end=\"1003\">Clart\u00e9<\/em>, elle forme une parure harmonieuse qui c\u00e9l\u00e8bre la <strong data-start=\"1054\" data-end=\"1087\">beaut\u00e9 naturelle des mati\u00e8res<\/strong> et la <strong data-start=\"1094\" data-end=\"1118\">finesse du fait main<\/strong>.<\/p>\n<p>Mati\u00e8res: perles d&#8217;eau douce et h\u00e9matite dor\u00e9 14k<\/p>\n","protected":false},"excerpt":{"rendered":"<p>La bague <em data-start=\"254\" data-end=\"265\">\u00c9clat Pur<\/em>, d\u00e9licatement fa\u00e7onn\u00e9e \u00e0 la main, marie finesse et lumi\u00e8re naturelle. Ses perles aux reflets doux apportent une touche d\u2019\u00e9l\u00e9gance simple et intemporelle. Id\u00e9ale pour sublimer chaque geste au quotidien, elle illumine la main avec discr\u00e9tion et raffinement.<\/p>\n","protected":false},"featured_media":2870,"comment_status":"open","ping_status":"closed","template":"","meta":[],"product_brand":[],"product_cat":[130],"product_tag":[],"class_list":{"0":"post-2836","1":"product","2":"type-product","3":"status-publish","4":"has-post-thumbnail","6":"product_cat-bagues","8":"first","9":"instock","10":"shipping-taxable","11":"purchasable","12":"product-type-simple"},"yoast_head":"<!-- This site is optimized with the Yoast SEO plugin v26.9 - https:\/\/yoast.com\/product\/yoast-seo-wordpress\/ -->\n<title>Bague boh\u00e8me - Perlya<\/title>\n<meta name=\"robots\" content=\"index, follow, max-snippet:-1, max-image-preview:large, max-video-preview:-1\" \/>\n<link rel=\"canonical\" href=\"https:\/\/perlya-bijoux.com\/index.php\/product\/bague-boheme\/\" \/>\n<meta property=\"og:locale\" content=\"fr_FR\" \/>\n<meta property=\"og:type\" content=\"article\" \/>\n<meta property=\"og:title\" content=\"Bague boh\u00e8me - Perlya\" \/>\n<meta property=\"og:description\" content=\"La bague \u00c9clat Pur, d\u00e9licatement fa\u00e7onn\u00e9e \u00e0 la main, marie finesse et lumi\u00e8re naturelle. Ses perles aux reflets doux apportent une touche d\u2019\u00e9l\u00e9gance simple et intemporelle. Id\u00e9ale pour sublimer chaque geste au quotidien, elle illumine la main avec discr\u00e9tion et raffinement.\" \/>\n<meta property=\"og:url\" content=\"https:\/\/perlya-bijoux.com\/index.php\/product\/bague-boheme\/\" \/>\n<meta property=\"og:site_name\" content=\"Perlya\" \/>\n<meta property=\"article:modified_time\" content=\"2025-11-29T21:13:05+00:00\" \/>\n<meta property=\"og:image\" content=\"http:\/\/perlya-bijoux.com\/wp-content\/uploads\/2025\/10\/bague-boheme-1.jpg\" \/>\n\t<meta property=\"og:image:width\" content=\"1025\" \/>\n\t<meta property=\"og:image:height\" content=\"1036\" \/>\n\t<meta property=\"og:image:type\" content=\"image\/jpeg\" \/>\n<meta name=\"twitter:card\" content=\"summary_large_image\" \/>\n<meta name=\"twitter:label1\" content=\"Dur\u00e9e de lecture estim\u00e9e\" \/>\n\t<meta name=\"twitter:data1\" content=\"1 minute\" \/>\n<script type=\"application\/ld+json\" class=\"yoast-schema-graph\">{\"@context\":\"https:\/\/schema.org\",\"@graph\":[{\"@type\":\"WebPage\",\"@id\":\"https:\/\/perlya-bijoux.com\/index.php\/product\/bague-boheme\/\",\"url\":\"https:\/\/perlya-bijoux.com\/index.php\/product\/bague-boheme\/\",\"name\":\"Bague boh\u00e8me - Perlya\",\"isPartOf\":{\"@id\":\"https:\/\/perlya-bijoux.com\/#website\"},\"primaryImageOfPage\":{\"@id\":\"https:\/\/perlya-bijoux.com\/index.php\/product\/bague-boheme\/#primaryimage\"},\"image\":{\"@id\":\"https:\/\/perlya-bijoux.com\/index.php\/product\/bague-boheme\/#primaryimage\"},\"thumbnailUrl\":\"https:\/\/perlya-bijoux.com\/wp-content\/uploads\/2025\/10\/bague-boheme-1.jpg\",\"datePublished\":\"2025-10-28T22:06:34+00:00\",\"dateModified\":\"2025-11-29T21:13:05+00:00\",\"breadcrumb\":{\"@id\":\"https:\/\/perlya-bijoux.com\/index.php\/product\/bague-boheme\/#breadcrumb\"},\"inLanguage\":\"fr-FR\",\"potentialAction\":[{\"@type\":\"ReadAction\",\"target\":[\"https:\/\/perlya-bijoux.com\/index.php\/product\/bague-boheme\/\"]}]},{\"@type\":\"ImageObject\",\"inLanguage\":\"fr-FR\",\"@id\":\"https:\/\/perlya-bijoux.com\/index.php\/product\/bague-boheme\/#primaryimage\",\"url\":\"https:\/\/perlya-bijoux.com\/wp-content\/uploads\/2025\/10\/bague-boheme-1.jpg\",\"contentUrl\":\"https:\/\/perlya-bijoux.com\/wp-content\/uploads\/2025\/10\/bague-boheme-1.jpg\",\"width\":1025,\"height\":1036},{\"@type\":\"BreadcrumbList\",\"@id\":\"https:\/\/perlya-bijoux.com\/index.php\/product\/bague-boheme\/#breadcrumb\",\"itemListElement\":[{\"@type\":\"ListItem\",\"position\":1,\"name\":\"Accueil\",\"item\":\"https:\/\/perlya-bijoux.com\/\"},{\"@type\":\"ListItem\",\"position\":2,\"name\":\"Boutique\",\"item\":\"https:\/\/perlya-bijoux.com\/index.php\/boutique\/\"},{\"@type\":\"ListItem\",\"position\":3,\"name\":\"Bague boh\u00e8me\"}]},{\"@type\":\"WebSite\",\"@id\":\"https:\/\/perlya-bijoux.com\/#website\",\"url\":\"https:\/\/perlya-bijoux.com\/\",\"name\":\"Perlya\",\"description\":\"\",\"potentialAction\":[{\"@type\":\"SearchAction\",\"target\":{\"@type\":\"EntryPoint\",\"urlTemplate\":\"https:\/\/perlya-bijoux.com\/?s={search_term_string}\"},\"query-input\":{\"@type\":\"PropertyValueSpecification\",\"valueRequired\":true,\"valueName\":\"search_term_string\"}}],\"inLanguage\":\"fr-FR\"}]}<\/script>\n<!-- \/ Yoast SEO plugin. -->","yoast_head_json":{"title":"Bague boh\u00e8me - Perlya","robots":{"index":"index","follow":"follow","max-snippet":"max-snippet:-1","max-image-preview":"max-image-preview:large","max-video-preview":"max-video-preview:-1"},"canonical":"https:\/\/perlya-bijoux.com\/index.php\/product\/bague-boheme\/","og_locale":"fr_FR","og_type":"article","og_title":"Bague boh\u00e8me - Perlya","og_description":"La bague \u00c9clat Pur, d\u00e9licatement fa\u00e7onn\u00e9e \u00e0 la main, marie finesse et lumi\u00e8re naturelle. Ses perles aux reflets doux apportent une touche d\u2019\u00e9l\u00e9gance simple et intemporelle. Id\u00e9ale pour sublimer chaque geste au quotidien, elle illumine la main avec discr\u00e9tion et raffinement.","og_url":"https:\/\/perlya-bijoux.com\/index.php\/product\/bague-boheme\/","og_site_name":"Perlya","article_modified_time":"2025-11-29T21:13:05+00:00","og_image":[{"width":1025,"height":1036,"url":"http:\/\/perlya-bijoux.com\/wp-content\/uploads\/2025\/10\/bague-boheme-1.jpg","type":"image\/jpeg"}],"twitter_card":"summary_large_image","twitter_misc":{"Dur\u00e9e de lecture estim\u00e9e":"1 minute"},"schema":{"@context":"https:\/\/schema.org","@graph":[{"@type":"WebPage","@id":"https:\/\/perlya-bijoux.com\/index.php\/product\/bague-boheme\/","url":"https:\/\/perlya-bijoux.com\/index.php\/product\/bague-boheme\/","name":"Bague boh\u00e8me - Perlya","isPartOf":{"@id":"https:\/\/perlya-bijoux.com\/#website"},"primaryImageOfPage":{"@id":"https:\/\/perlya-bijoux.com\/index.php\/product\/bague-boheme\/#primaryimage"},"image":{"@id":"https:\/\/perlya-bijoux.com\/index.php\/product\/bague-boheme\/#primaryimage"},"thumbnailUrl":"https:\/\/perlya-bijoux.com\/wp-content\/uploads\/2025\/10\/bague-boheme-1.jpg","datePublished":"2025-10-28T22:06:34+00:00","dateModified":"2025-11-29T21:13:05+00:00","breadcrumb":{"@id":"https:\/\/perlya-bijoux.com\/index.php\/product\/bague-boheme\/#breadcrumb"},"inLanguage":"fr-FR","potentialAction":[{"@type":"ReadAction","target":["https:\/\/perlya-bijoux.com\/index.php\/product\/bague-boheme\/"]}]},{"@type":"ImageObject","inLanguage":"fr-FR","@id":"https:\/\/perlya-bijoux.com\/index.php\/product\/bague-boheme\/#primaryimage","url":"https:\/\/perlya-bijoux.com\/wp-content\/uploads\/2025\/10\/bague-boheme-1.jpg","contentUrl":"https:\/\/perlya-bijoux.com\/wp-content\/uploads\/2025\/10\/bague-boheme-1.jpg","width":1025,"height":1036},{"@type":"BreadcrumbList","@id":"https:\/\/perlya-bijoux.com\/index.php\/product\/bague-boheme\/#breadcrumb","itemListElement":[{"@type":"ListItem","position":1,"name":"Accueil","item":"https:\/\/perlya-bijoux.com\/"},{"@type":"ListItem","position":2,"name":"Boutique","item":"https:\/\/perlya-bijoux.com\/index.php\/boutique\/"},{"@type":"ListItem","position":3,"name":"Bague boh\u00e8me"}]},{"@type":"WebSite","@id":"https:\/\/perlya-bijoux.com\/#website","url":"https:\/\/perlya-bijoux.com\/","name":"Perlya","description":"","potentialAction":[{"@type":"SearchAction","target":{"@type":"EntryPoint","urlTemplate":"https:\/\/perlya-bijoux.com\/?s={search_term_string}"},"query-input":{"@type":"PropertyValueSpecification","valueRequired":true,"valueName":"search_term_string"}}],"inLanguage":"fr-FR"}]}},"_links":{"self":[{"href":"https:\/\/perlya-bijoux.com\/index.php\/wp-json\/wp\/v2\/product\/2836","targetHints":{"allow":["GET"]}}],"collection":[{"href":"https:\/\/perlya-bijoux.com\/index.php\/wp-json\/wp\/v2\/product"}],"about":[{"href":"https:\/\/perlya-bijoux.com\/index.php\/wp-json\/wp\/v2\/types\/product"}],"replies":[{"embeddable":true,"href":"https:\/\/perlya-bijoux.com\/index.php\/wp-json\/wp\/v2\/comments?post=2836"}],"wp:featuredmedia":[{"embeddable":true,"href":"https:\/\/perlya-bijoux.com\/index.php\/wp-json\/wp\/v2\/media\/2870"}],"wp:attachment":[{"href":"https:\/\/perlya-bijoux.com\/index.php\/wp-json\/wp\/v2\/media?parent=2836"}],"wp:term":[{"taxonomy":"product_brand","embeddable":true,"href":"https:\/\/perlya-bijoux.com\/index.php\/wp-json\/wp\/v2\/product_brand?post=2836"},{"taxonomy":"product_cat","embeddable":true,"href":"https:\/\/perlya-bijoux.com\/index.php\/wp-json\/wp\/v2\/product_cat?post=2836"},{"taxonomy":"product_tag","embeddable":true,"href":"https:\/\/perlya-bijoux.com\/index.php\/wp-json\/wp\/v2\/product_tag?post=2836"}],"curies":[{"name":"wp","href":"https:\/\/api.w.org\/{rel}","templated":true}]}}