{"id":2840,"date":"2025-10-28T22:36:46","date_gmt":"2025-10-28T22:36:46","guid":{"rendered":"https:\/\/perlya-bijoux.com\/?post_type=product&#038;p=2840"},"modified":"2026-02-03T20:54:57","modified_gmt":"2026-02-03T20:54:57","slug":"peigne-fleur-dor","status":"publish","type":"product","link":"https:\/\/perlya-bijoux.com\/index.php\/product\/peigne-fleur-dor\/","title":{"rendered":"Peigne Fleur d&#8217;or"},"content":{"rendered":"<p>\u00c9l\u00e9gant et raffin\u00e9, le peigne <em data-start=\"741\" data-end=\"753\">Fleur d\u2019Or<\/em> fait partie de la <strong data-start=\"772\" data-end=\"798\">collection du m\u00eame nom<\/strong>, symbole d\u2019\u00e9l\u00e9gance et de douceur.<br data-start=\"833\" data-end=\"836\" \/>Enti\u00e8rement <strong data-start=\"848\" data-end=\"869\">r\u00e9alis\u00e9 \u00e0 la main<\/strong>, il marie avec harmonie de <strong data-start=\"897\" data-end=\"922\">fines fleurs blanches<\/strong> \u00e0 des <strong data-start=\"929\" data-end=\"969\">perles de verre aux reflets lumineux<\/strong>, d\u00e9licatement fix\u00e9es sur un fil dor\u00e9 souple et a\u00e9rien.<br data-start=\"1024\" data-end=\"1027\" \/>Chaque \u00e9l\u00e9ment est soigneusement travaill\u00e9 pour cr\u00e9er un bijou de cheveux \u00e0 la fois <strong data-start=\"1111\" data-end=\"1141\">l\u00e9ger, naturel et \u00e9clatant<\/strong>.<br data-start=\"1142\" data-end=\"1145\" \/>Id\u00e9al pour sublimer une <strong data-start=\"1169\" data-end=\"1179\">mari\u00e9e<\/strong>, une <strong data-start=\"1185\" data-end=\"1205\">invit\u00e9 d\u2019honneur<\/strong> ou toute <strong data-start=\"1215\" data-end=\"1236\">occasion sp\u00e9ciale<\/strong>, <em data-start=\"1238\" data-end=\"1250\">Fleur d\u2019Or<\/em> s\u2019adapte \u00e0 toutes les coiffures \u2013 chignons, tresses ou cheveux l\u00e2ch\u00e9s \u2013 en apportant une touche d\u2019or et de lumi\u00e8re.<br data-start=\"1366\" data-end=\"1369\" \/>Ce peigne, \u00e0 la fois po\u00e9tique et intemporel, illustre parfaitement l\u2019esprit de la collection : <strong data-start=\"1464\" data-end=\"1528\">la beaut\u00e9 naturelle sublim\u00e9e par la d\u00e9licatesse du fait main<\/strong>.<\/p>\n","protected":false},"excerpt":{"rendered":"<p>L\u2019\u00e9l\u00e9gance boh\u00e8me au c\u0153ur d\u2019un peigne fleuri et lumineux.<\/p>\n<p>Le peigne <em data-start=\"390\" data-end=\"402\">Fleur d\u2019Or<\/em>, issu de la collection du m\u00eame nom, est un bijou de cheveux fait main m\u00ealant <strong data-start=\"480\" data-end=\"509\">fleurs blanches d\u00e9licates<\/strong> et <strong data-start=\"513\" data-end=\"543\">perles de verre lumineuses<\/strong>. Fin et raffin\u00e9, il sublime les coiffures de <strong data-start=\"589\" data-end=\"599\">mari\u00e9e<\/strong> ou d\u2019<strong data-start=\"605\" data-end=\"617\">occasion<\/strong>, apportant une touche d\u2019\u00e9clat dor\u00e9 et de po\u00e9sie naturelle.<\/p>\n","protected":false},"featured_media":2841,"comment_status":"open","ping_status":"closed","template":"","meta":[],"product_brand":[],"product_cat":[87,53],"product_tag":[],"class_list":{"0":"post-2840","1":"product","2":"type-product","3":"status-publish","4":"has-post-thumbnail","6":"product_cat-accessoires-cheveux","7":"product_cat-bijoux-mariee","9":"first","10":"instock","11":"shipping-taxable","12":"purchasable","13":"product-type-simple"},"yoast_head":"<!-- This site is optimized with the Yoast SEO plugin v26.9 - https:\/\/yoast.com\/product\/yoast-seo-wordpress\/ -->\n<title>Peigne Fleur d&#039;or - Perlya<\/title>\n<meta name=\"robots\" content=\"index, follow, max-snippet:-1, max-image-preview:large, max-video-preview:-1\" \/>\n<link rel=\"canonical\" href=\"https:\/\/perlya-bijoux.com\/index.php\/product\/peigne-fleur-dor\/\" \/>\n<meta property=\"og:locale\" content=\"fr_FR\" \/>\n<meta property=\"og:type\" content=\"article\" \/>\n<meta property=\"og:title\" content=\"Peigne Fleur d&#039;or - Perlya\" \/>\n<meta property=\"og:description\" content=\"L\u2019\u00e9l\u00e9gance boh\u00e8me au c\u0153ur d\u2019un peigne fleuri et lumineux.  Le peigne Fleur d\u2019Or, issu de la collection du m\u00eame nom, est un bijou de cheveux fait main m\u00ealant fleurs blanches d\u00e9licates et perles de verre lumineuses. Fin et raffin\u00e9, il sublime les coiffures de mari\u00e9e ou d\u2019occasion, apportant une touche d\u2019\u00e9clat dor\u00e9 et de po\u00e9sie naturelle.\" \/>\n<meta property=\"og:url\" content=\"https:\/\/perlya-bijoux.com\/index.php\/product\/peigne-fleur-dor\/\" \/>\n<meta property=\"og:site_name\" content=\"Perlya\" \/>\n<meta property=\"article:modified_time\" content=\"2026-02-03T20:54:57+00:00\" \/>\n<meta property=\"og:image\" content=\"http:\/\/perlya-bijoux.com\/wp-content\/uploads\/2025\/10\/peigne-fleur-dor-1-scaled.jpg\" \/>\n\t<meta property=\"og:image:width\" content=\"2560\" \/>\n\t<meta property=\"og:image:height\" content=\"1706\" \/>\n\t<meta property=\"og:image:type\" content=\"image\/jpeg\" \/>\n<meta name=\"twitter:card\" content=\"summary_large_image\" \/>\n<meta name=\"twitter:label1\" content=\"Dur\u00e9e de lecture estim\u00e9e\" \/>\n\t<meta name=\"twitter:data1\" content=\"1 minute\" \/>\n<script type=\"application\/ld+json\" class=\"yoast-schema-graph\">{\"@context\":\"https:\/\/schema.org\",\"@graph\":[{\"@type\":\"WebPage\",\"@id\":\"https:\/\/perlya-bijoux.com\/index.php\/product\/peigne-fleur-dor\/\",\"url\":\"https:\/\/perlya-bijoux.com\/index.php\/product\/peigne-fleur-dor\/\",\"name\":\"Peigne Fleur d'or - Perlya\",\"isPartOf\":{\"@id\":\"https:\/\/perlya-bijoux.com\/#website\"},\"primaryImageOfPage\":{\"@id\":\"https:\/\/perlya-bijoux.com\/index.php\/product\/peigne-fleur-dor\/#primaryimage\"},\"image\":{\"@id\":\"https:\/\/perlya-bijoux.com\/index.php\/product\/peigne-fleur-dor\/#primaryimage\"},\"thumbnailUrl\":\"https:\/\/perlya-bijoux.com\/wp-content\/uploads\/2025\/10\/peigne-fleur-dor-1-scaled.jpg\",\"datePublished\":\"2025-10-28T22:36:46+00:00\",\"dateModified\":\"2026-02-03T20:54:57+00:00\",\"breadcrumb\":{\"@id\":\"https:\/\/perlya-bijoux.com\/index.php\/product\/peigne-fleur-dor\/#breadcrumb\"},\"inLanguage\":\"fr-FR\",\"potentialAction\":[{\"@type\":\"ReadAction\",\"target\":[\"https:\/\/perlya-bijoux.com\/index.php\/product\/peigne-fleur-dor\/\"]}]},{\"@type\":\"ImageObject\",\"inLanguage\":\"fr-FR\",\"@id\":\"https:\/\/perlya-bijoux.com\/index.php\/product\/peigne-fleur-dor\/#primaryimage\",\"url\":\"https:\/\/perlya-bijoux.com\/wp-content\/uploads\/2025\/10\/peigne-fleur-dor-1-scaled.jpg\",\"contentUrl\":\"https:\/\/perlya-bijoux.com\/wp-content\/uploads\/2025\/10\/peigne-fleur-dor-1-scaled.jpg\",\"width\":2560,\"height\":1706},{\"@type\":\"BreadcrumbList\",\"@id\":\"https:\/\/perlya-bijoux.com\/index.php\/product\/peigne-fleur-dor\/#breadcrumb\",\"itemListElement\":[{\"@type\":\"ListItem\",\"position\":1,\"name\":\"Accueil\",\"item\":\"https:\/\/perlya-bijoux.com\/\"},{\"@type\":\"ListItem\",\"position\":2,\"name\":\"Boutique\",\"item\":\"https:\/\/perlya-bijoux.com\/index.php\/boutique\/\"},{\"@type\":\"ListItem\",\"position\":3,\"name\":\"Peigne Fleur d&#8217;or\"}]},{\"@type\":\"WebSite\",\"@id\":\"https:\/\/perlya-bijoux.com\/#website\",\"url\":\"https:\/\/perlya-bijoux.com\/\",\"name\":\"Perlya\",\"description\":\"\",\"potentialAction\":[{\"@type\":\"SearchAction\",\"target\":{\"@type\":\"EntryPoint\",\"urlTemplate\":\"https:\/\/perlya-bijoux.com\/?s={search_term_string}\"},\"query-input\":{\"@type\":\"PropertyValueSpecification\",\"valueRequired\":true,\"valueName\":\"search_term_string\"}}],\"inLanguage\":\"fr-FR\"}]}<\/script>\n<!-- \/ Yoast SEO plugin. -->","yoast_head_json":{"title":"Peigne Fleur d'or - Perlya","robots":{"index":"index","follow":"follow","max-snippet":"max-snippet:-1","max-image-preview":"max-image-preview:large","max-video-preview":"max-video-preview:-1"},"canonical":"https:\/\/perlya-bijoux.com\/index.php\/product\/peigne-fleur-dor\/","og_locale":"fr_FR","og_type":"article","og_title":"Peigne Fleur d'or - Perlya","og_description":"L\u2019\u00e9l\u00e9gance boh\u00e8me au c\u0153ur d\u2019un peigne fleuri et lumineux.  Le peigne Fleur d\u2019Or, issu de la collection du m\u00eame nom, est un bijou de cheveux fait main m\u00ealant fleurs blanches d\u00e9licates et perles de verre lumineuses. Fin et raffin\u00e9, il sublime les coiffures de mari\u00e9e ou d\u2019occasion, apportant une touche d\u2019\u00e9clat dor\u00e9 et de po\u00e9sie naturelle.","og_url":"https:\/\/perlya-bijoux.com\/index.php\/product\/peigne-fleur-dor\/","og_site_name":"Perlya","article_modified_time":"2026-02-03T20:54:57+00:00","og_image":[{"width":2560,"height":1706,"url":"http:\/\/perlya-bijoux.com\/wp-content\/uploads\/2025\/10\/peigne-fleur-dor-1-scaled.jpg","type":"image\/jpeg"}],"twitter_card":"summary_large_image","twitter_misc":{"Dur\u00e9e de lecture estim\u00e9e":"1 minute"},"schema":{"@context":"https:\/\/schema.org","@graph":[{"@type":"WebPage","@id":"https:\/\/perlya-bijoux.com\/index.php\/product\/peigne-fleur-dor\/","url":"https:\/\/perlya-bijoux.com\/index.php\/product\/peigne-fleur-dor\/","name":"Peigne Fleur d'or - Perlya","isPartOf":{"@id":"https:\/\/perlya-bijoux.com\/#website"},"primaryImageOfPage":{"@id":"https:\/\/perlya-bijoux.com\/index.php\/product\/peigne-fleur-dor\/#primaryimage"},"image":{"@id":"https:\/\/perlya-bijoux.com\/index.php\/product\/peigne-fleur-dor\/#primaryimage"},"thumbnailUrl":"https:\/\/perlya-bijoux.com\/wp-content\/uploads\/2025\/10\/peigne-fleur-dor-1-scaled.jpg","datePublished":"2025-10-28T22:36:46+00:00","dateModified":"2026-02-03T20:54:57+00:00","breadcrumb":{"@id":"https:\/\/perlya-bijoux.com\/index.php\/product\/peigne-fleur-dor\/#breadcrumb"},"inLanguage":"fr-FR","potentialAction":[{"@type":"ReadAction","target":["https:\/\/perlya-bijoux.com\/index.php\/product\/peigne-fleur-dor\/"]}]},{"@type":"ImageObject","inLanguage":"fr-FR","@id":"https:\/\/perlya-bijoux.com\/index.php\/product\/peigne-fleur-dor\/#primaryimage","url":"https:\/\/perlya-bijoux.com\/wp-content\/uploads\/2025\/10\/peigne-fleur-dor-1-scaled.jpg","contentUrl":"https:\/\/perlya-bijoux.com\/wp-content\/uploads\/2025\/10\/peigne-fleur-dor-1-scaled.jpg","width":2560,"height":1706},{"@type":"BreadcrumbList","@id":"https:\/\/perlya-bijoux.com\/index.php\/product\/peigne-fleur-dor\/#breadcrumb","itemListElement":[{"@type":"ListItem","position":1,"name":"Accueil","item":"https:\/\/perlya-bijoux.com\/"},{"@type":"ListItem","position":2,"name":"Boutique","item":"https:\/\/perlya-bijoux.com\/index.php\/boutique\/"},{"@type":"ListItem","position":3,"name":"Peigne Fleur d&#8217;or"}]},{"@type":"WebSite","@id":"https:\/\/perlya-bijoux.com\/#website","url":"https:\/\/perlya-bijoux.com\/","name":"Perlya","description":"","potentialAction":[{"@type":"SearchAction","target":{"@type":"EntryPoint","urlTemplate":"https:\/\/perlya-bijoux.com\/?s={search_term_string}"},"query-input":{"@type":"PropertyValueSpecification","valueRequired":true,"valueName":"search_term_string"}}],"inLanguage":"fr-FR"}]}},"_links":{"self":[{"href":"https:\/\/perlya-bijoux.com\/index.php\/wp-json\/wp\/v2\/product\/2840","targetHints":{"allow":["GET"]}}],"collection":[{"href":"https:\/\/perlya-bijoux.com\/index.php\/wp-json\/wp\/v2\/product"}],"about":[{"href":"https:\/\/perlya-bijoux.com\/index.php\/wp-json\/wp\/v2\/types\/product"}],"replies":[{"embeddable":true,"href":"https:\/\/perlya-bijoux.com\/index.php\/wp-json\/wp\/v2\/comments?post=2840"}],"wp:featuredmedia":[{"embeddable":true,"href":"https:\/\/perlya-bijoux.com\/index.php\/wp-json\/wp\/v2\/media\/2841"}],"wp:attachment":[{"href":"https:\/\/perlya-bijoux.com\/index.php\/wp-json\/wp\/v2\/media?parent=2840"}],"wp:term":[{"taxonomy":"product_brand","embeddable":true,"href":"https:\/\/perlya-bijoux.com\/index.php\/wp-json\/wp\/v2\/product_brand?post=2840"},{"taxonomy":"product_cat","embeddable":true,"href":"https:\/\/perlya-bijoux.com\/index.php\/wp-json\/wp\/v2\/product_cat?post=2840"},{"taxonomy":"product_tag","embeddable":true,"href":"https:\/\/perlya-bijoux.com\/index.php\/wp-json\/wp\/v2\/product_tag?post=2840"}],"curies":[{"name":"wp","href":"https:\/\/api.w.org\/{rel}","templated":true}]}}