{"id":2862,"date":"2025-11-02T17:13:27","date_gmt":"2025-11-02T17:13:27","guid":{"rendered":"https:\/\/perlya-bijoux.com\/?post_type=product&#038;p=2862"},"modified":"2026-02-03T20:54:09","modified_gmt":"2026-02-03T20:54:09","slug":"bracelet-ronde-perlee","status":"publish","type":"product","link":"https:\/\/perlya-bijoux.com\/index.php\/product\/bracelet-ronde-perlee\/","title":{"rendered":"Bracelet Ronde Perl\u00e9e"},"content":{"rendered":"<p data-start=\"1053\" data-end=\"1399\">D\u00e9licat et lumineux, le bracelet rond <strong data-start=\"1091\" data-end=\"1106\">Aube Perl\u00e9e<\/strong> enlace le poignet d\u2019un \u00e9clat dor\u00e9 et perl\u00e9.<br data-start=\"1150\" data-end=\"1153\" \/>Chaque maillon en acier inoxydable dor\u00e9 accueille une perle nacr\u00e9e ainsi qu&#8217;une perle h\u00e9matite 14k, pour un \u00e9quilibre parfait entre finesse et caract\u00e8re.<br data-start=\"1278\" data-end=\"1281\" \/>L\u00e9ger et confortable, il se porte seul pour un effet minimaliste, ou en parure pour un rendu d\u2019une \u00e9l\u00e9gance absolue.<\/p>\n<p data-start=\"1401\" data-end=\"1558\">Ce bijou intemporel, fait main avec soin, symbolise la puret\u00e9 et la s\u00e9r\u00e9nit\u00e9 \u2014 un choix parfait pour accompagner la mari\u00e9e ou sublimer une tenue de soir\u00e9e.<\/p>\n<p data-start=\"1560\" data-end=\"1654\">\u2728 <em data-start=\"1562\" data-end=\"1654\">Fait main \u2013 Acier inoxydable dor\u00e9\u00a0 \u2013 Perles nacr\u00e9es et h\u00e9matite dor\u00e9e 14k \u2013 Cr\u00e9ation unique<\/em><\/p>\n<p data-start=\"1560\" data-end=\"1654\">Longueur: 16,5 cm + 2 cm de rallonge<\/p>\n","protected":false},"excerpt":{"rendered":"<p>Fait main pour briller autrement.<br data-start=\"520\" data-end=\"523\" \/>Ce bracelet aux perles nacr\u00e9es enlace le poignet avec une douceur \u00e9clatante.<br data-start=\"599\" data-end=\"602\" \/>Une pi\u00e8ce unique, symbole de gr\u00e2ce et d\u2019amour \u00e9ternel. \ud83d\udcab<\/p>\n","protected":false},"featured_media":2864,"comment_status":"open","ping_status":"closed","template":"","meta":[],"product_brand":[],"product_cat":[64,53,70,129],"product_tag":[],"class_list":{"0":"post-2862","1":"product","2":"type-product","3":"status-publish","4":"has-post-thumbnail","6":"product_cat-bijoux","7":"product_cat-bijoux-mariee","8":"product_cat-bracelets","9":"product_cat-bracelets-bijoux","11":"first","12":"instock","13":"shipping-taxable","14":"purchasable","15":"product-type-simple"},"yoast_head":"<!-- This site is optimized with the Yoast SEO plugin v26.9 - https:\/\/yoast.com\/product\/yoast-seo-wordpress\/ -->\n<title>Bracelet Ronde Perl\u00e9e - Perlya<\/title>\n<meta name=\"robots\" content=\"index, follow, max-snippet:-1, max-image-preview:large, max-video-preview:-1\" \/>\n<link rel=\"canonical\" href=\"https:\/\/perlya-bijoux.com\/index.php\/product\/bracelet-ronde-perlee\/\" \/>\n<meta property=\"og:locale\" content=\"fr_FR\" \/>\n<meta property=\"og:type\" content=\"article\" \/>\n<meta property=\"og:title\" content=\"Bracelet Ronde Perl\u00e9e - Perlya\" \/>\n<meta property=\"og:description\" content=\"Fait main pour briller autrement.Ce bracelet aux perles nacr\u00e9es enlace le poignet avec une douceur \u00e9clatante.Une pi\u00e8ce unique, symbole de gr\u00e2ce et d\u2019amour \u00e9ternel. \ud83d\udcab\" \/>\n<meta property=\"og:url\" content=\"https:\/\/perlya-bijoux.com\/index.php\/product\/bracelet-ronde-perlee\/\" \/>\n<meta property=\"og:site_name\" content=\"Perlya\" \/>\n<meta property=\"article:modified_time\" content=\"2026-02-03T20:54:09+00:00\" \/>\n<meta property=\"og:image\" content=\"http:\/\/perlya-bijoux.com\/wp-content\/uploads\/2025\/11\/bracelet-ronde-perlee-2-scaled.jpg\" \/>\n\t<meta property=\"og:image:width\" content=\"2560\" \/>\n\t<meta property=\"og:image:height\" content=\"2560\" \/>\n\t<meta property=\"og:image:type\" content=\"image\/jpeg\" \/>\n<meta name=\"twitter:card\" content=\"summary_large_image\" \/>\n<meta name=\"twitter:label1\" content=\"Dur\u00e9e de lecture estim\u00e9e\" \/>\n\t<meta name=\"twitter:data1\" content=\"1 minute\" \/>\n<script type=\"application\/ld+json\" class=\"yoast-schema-graph\">{\"@context\":\"https:\/\/schema.org\",\"@graph\":[{\"@type\":\"WebPage\",\"@id\":\"https:\/\/perlya-bijoux.com\/index.php\/product\/bracelet-ronde-perlee\/\",\"url\":\"https:\/\/perlya-bijoux.com\/index.php\/product\/bracelet-ronde-perlee\/\",\"name\":\"Bracelet Ronde Perl\u00e9e - Perlya\",\"isPartOf\":{\"@id\":\"https:\/\/perlya-bijoux.com\/#website\"},\"primaryImageOfPage\":{\"@id\":\"https:\/\/perlya-bijoux.com\/index.php\/product\/bracelet-ronde-perlee\/#primaryimage\"},\"image\":{\"@id\":\"https:\/\/perlya-bijoux.com\/index.php\/product\/bracelet-ronde-perlee\/#primaryimage\"},\"thumbnailUrl\":\"https:\/\/perlya-bijoux.com\/wp-content\/uploads\/2025\/11\/bracelet-ronde-perlee-2-scaled.jpg\",\"datePublished\":\"2025-11-02T17:13:27+00:00\",\"dateModified\":\"2026-02-03T20:54:09+00:00\",\"breadcrumb\":{\"@id\":\"https:\/\/perlya-bijoux.com\/index.php\/product\/bracelet-ronde-perlee\/#breadcrumb\"},\"inLanguage\":\"fr-FR\",\"potentialAction\":[{\"@type\":\"ReadAction\",\"target\":[\"https:\/\/perlya-bijoux.com\/index.php\/product\/bracelet-ronde-perlee\/\"]}]},{\"@type\":\"ImageObject\",\"inLanguage\":\"fr-FR\",\"@id\":\"https:\/\/perlya-bijoux.com\/index.php\/product\/bracelet-ronde-perlee\/#primaryimage\",\"url\":\"https:\/\/perlya-bijoux.com\/wp-content\/uploads\/2025\/11\/bracelet-ronde-perlee-2-scaled.jpg\",\"contentUrl\":\"https:\/\/perlya-bijoux.com\/wp-content\/uploads\/2025\/11\/bracelet-ronde-perlee-2-scaled.jpg\",\"width\":2560,\"height\":2560},{\"@type\":\"BreadcrumbList\",\"@id\":\"https:\/\/perlya-bijoux.com\/index.php\/product\/bracelet-ronde-perlee\/#breadcrumb\",\"itemListElement\":[{\"@type\":\"ListItem\",\"position\":1,\"name\":\"Accueil\",\"item\":\"https:\/\/perlya-bijoux.com\/\"},{\"@type\":\"ListItem\",\"position\":2,\"name\":\"Boutique\",\"item\":\"https:\/\/perlya-bijoux.com\/index.php\/boutique\/\"},{\"@type\":\"ListItem\",\"position\":3,\"name\":\"Bracelet Ronde Perl\u00e9e\"}]},{\"@type\":\"WebSite\",\"@id\":\"https:\/\/perlya-bijoux.com\/#website\",\"url\":\"https:\/\/perlya-bijoux.com\/\",\"name\":\"Perlya\",\"description\":\"\",\"potentialAction\":[{\"@type\":\"SearchAction\",\"target\":{\"@type\":\"EntryPoint\",\"urlTemplate\":\"https:\/\/perlya-bijoux.com\/?s={search_term_string}\"},\"query-input\":{\"@type\":\"PropertyValueSpecification\",\"valueRequired\":true,\"valueName\":\"search_term_string\"}}],\"inLanguage\":\"fr-FR\"}]}<\/script>\n<!-- \/ Yoast SEO plugin. -->","yoast_head_json":{"title":"Bracelet Ronde Perl\u00e9e - Perlya","robots":{"index":"index","follow":"follow","max-snippet":"max-snippet:-1","max-image-preview":"max-image-preview:large","max-video-preview":"max-video-preview:-1"},"canonical":"https:\/\/perlya-bijoux.com\/index.php\/product\/bracelet-ronde-perlee\/","og_locale":"fr_FR","og_type":"article","og_title":"Bracelet Ronde Perl\u00e9e - Perlya","og_description":"Fait main pour briller autrement.Ce bracelet aux perles nacr\u00e9es enlace le poignet avec une douceur \u00e9clatante.Une pi\u00e8ce unique, symbole de gr\u00e2ce et d\u2019amour \u00e9ternel. \ud83d\udcab","og_url":"https:\/\/perlya-bijoux.com\/index.php\/product\/bracelet-ronde-perlee\/","og_site_name":"Perlya","article_modified_time":"2026-02-03T20:54:09+00:00","og_image":[{"width":2560,"height":2560,"url":"http:\/\/perlya-bijoux.com\/wp-content\/uploads\/2025\/11\/bracelet-ronde-perlee-2-scaled.jpg","type":"image\/jpeg"}],"twitter_card":"summary_large_image","twitter_misc":{"Dur\u00e9e de lecture estim\u00e9e":"1 minute"},"schema":{"@context":"https:\/\/schema.org","@graph":[{"@type":"WebPage","@id":"https:\/\/perlya-bijoux.com\/index.php\/product\/bracelet-ronde-perlee\/","url":"https:\/\/perlya-bijoux.com\/index.php\/product\/bracelet-ronde-perlee\/","name":"Bracelet Ronde Perl\u00e9e - Perlya","isPartOf":{"@id":"https:\/\/perlya-bijoux.com\/#website"},"primaryImageOfPage":{"@id":"https:\/\/perlya-bijoux.com\/index.php\/product\/bracelet-ronde-perlee\/#primaryimage"},"image":{"@id":"https:\/\/perlya-bijoux.com\/index.php\/product\/bracelet-ronde-perlee\/#primaryimage"},"thumbnailUrl":"https:\/\/perlya-bijoux.com\/wp-content\/uploads\/2025\/11\/bracelet-ronde-perlee-2-scaled.jpg","datePublished":"2025-11-02T17:13:27+00:00","dateModified":"2026-02-03T20:54:09+00:00","breadcrumb":{"@id":"https:\/\/perlya-bijoux.com\/index.php\/product\/bracelet-ronde-perlee\/#breadcrumb"},"inLanguage":"fr-FR","potentialAction":[{"@type":"ReadAction","target":["https:\/\/perlya-bijoux.com\/index.php\/product\/bracelet-ronde-perlee\/"]}]},{"@type":"ImageObject","inLanguage":"fr-FR","@id":"https:\/\/perlya-bijoux.com\/index.php\/product\/bracelet-ronde-perlee\/#primaryimage","url":"https:\/\/perlya-bijoux.com\/wp-content\/uploads\/2025\/11\/bracelet-ronde-perlee-2-scaled.jpg","contentUrl":"https:\/\/perlya-bijoux.com\/wp-content\/uploads\/2025\/11\/bracelet-ronde-perlee-2-scaled.jpg","width":2560,"height":2560},{"@type":"BreadcrumbList","@id":"https:\/\/perlya-bijoux.com\/index.php\/product\/bracelet-ronde-perlee\/#breadcrumb","itemListElement":[{"@type":"ListItem","position":1,"name":"Accueil","item":"https:\/\/perlya-bijoux.com\/"},{"@type":"ListItem","position":2,"name":"Boutique","item":"https:\/\/perlya-bijoux.com\/index.php\/boutique\/"},{"@type":"ListItem","position":3,"name":"Bracelet Ronde Perl\u00e9e"}]},{"@type":"WebSite","@id":"https:\/\/perlya-bijoux.com\/#website","url":"https:\/\/perlya-bijoux.com\/","name":"Perlya","description":"","potentialAction":[{"@type":"SearchAction","target":{"@type":"EntryPoint","urlTemplate":"https:\/\/perlya-bijoux.com\/?s={search_term_string}"},"query-input":{"@type":"PropertyValueSpecification","valueRequired":true,"valueName":"search_term_string"}}],"inLanguage":"fr-FR"}]}},"_links":{"self":[{"href":"https:\/\/perlya-bijoux.com\/index.php\/wp-json\/wp\/v2\/product\/2862","targetHints":{"allow":["GET"]}}],"collection":[{"href":"https:\/\/perlya-bijoux.com\/index.php\/wp-json\/wp\/v2\/product"}],"about":[{"href":"https:\/\/perlya-bijoux.com\/index.php\/wp-json\/wp\/v2\/types\/product"}],"replies":[{"embeddable":true,"href":"https:\/\/perlya-bijoux.com\/index.php\/wp-json\/wp\/v2\/comments?post=2862"}],"wp:featuredmedia":[{"embeddable":true,"href":"https:\/\/perlya-bijoux.com\/index.php\/wp-json\/wp\/v2\/media\/2864"}],"wp:attachment":[{"href":"https:\/\/perlya-bijoux.com\/index.php\/wp-json\/wp\/v2\/media?parent=2862"}],"wp:term":[{"taxonomy":"product_brand","embeddable":true,"href":"https:\/\/perlya-bijoux.com\/index.php\/wp-json\/wp\/v2\/product_brand?post=2862"},{"taxonomy":"product_cat","embeddable":true,"href":"https:\/\/perlya-bijoux.com\/index.php\/wp-json\/wp\/v2\/product_cat?post=2862"},{"taxonomy":"product_tag","embeddable":true,"href":"https:\/\/perlya-bijoux.com\/index.php\/wp-json\/wp\/v2\/product_tag?post=2862"}],"curies":[{"name":"wp","href":"https:\/\/api.w.org\/{rel}","templated":true}]}}