{"id":2868,"date":"2025-11-02T17:20:20","date_gmt":"2025-11-02T17:20:20","guid":{"rendered":"https:\/\/perlya-bijoux.com\/?post_type=product&#038;p=2868"},"modified":"2026-02-03T20:53:41","modified_gmt":"2026-02-03T20:53:41","slug":"boucles-clarte-perlee","status":"publish","type":"product","link":"https:\/\/perlya-bijoux.com\/index.php\/product\/boucles-clarte-perlee\/","title":{"rendered":"Boucles clart\u00e9 Perl\u00e9e"},"content":{"rendered":"<p data-start=\"1710\" data-end=\"2094\">Longilignes et gracieuses, les boucles perl\u00e9es <strong data-start=\"1757\" data-end=\"1772\">Aube Perl\u00e9e<\/strong> allongent le cou avec d\u00e9licatesse.<br data-start=\"1807\" data-end=\"1810\" \/>Suspendues \u00e0 une fine cha\u00eene dor\u00e9e, les perles nacr\u00e9es diffusent un \u00e9clat doux et lumineux, tandis que l\u2019h\u00e9matite dor\u00e9e apporte une touche contemporaine.<br data-start=\"1963\" data-end=\"1966\" \/>Leur design \u00e9pur\u00e9 et a\u00e9rien en fait un bijou id\u00e9al pour la mari\u00e9e moderne ou toute femme cherchant \u00e0 rayonner avec simplicit\u00e9.<\/p>\n<p data-start=\"2096\" data-end=\"2243\">\u00c9l\u00e9gantes, l\u00e9g\u00e8res et intemporelles, ces boucles subliment les traits du visage et compl\u00e8tent \u00e0 merveille le collier et le bracelet de la parure.<\/p>\n<p data-start=\"2245\" data-end=\"2336\">\u2728 <em data-start=\"2247\" data-end=\"2336\">Fait main \u2013 Acier inoxydable dor\u00e9\u00a0 \u2013 Perles nacr\u00e9es et h\u00e9matite dor\u00e9e 14 k Pi\u00e8ce unique<\/em><\/p>\n<p data-start=\"2245\" data-end=\"2336\">Longueur: environ 7 cm<\/p>\n","protected":false},"excerpt":{"rendered":"<p data-start=\"711\" data-end=\"880\">L\u00e9g\u00e8res, dor\u00e9es, inoubliables.<br data-start=\"741\" data-end=\"744\" \/>Ces boucles perl\u00e9es, fa\u00e7onn\u00e9es \u00e0 la main, illuminent le visage .<br data-start=\"827\" data-end=\"830\" \/>Un \u00e9clat po\u00e9tique, une signature personnelle. \ud83c\udf19<\/p>\n","protected":false},"featured_media":2857,"comment_status":"open","ping_status":"closed","template":"","meta":[],"product_brand":[],"product_cat":[64,53,96,67],"product_tag":[],"class_list":{"0":"post-2868","1":"product","2":"type-product","3":"status-publish","4":"has-post-thumbnail","6":"product_cat-bijoux","7":"product_cat-bijoux-mariee","8":"product_cat-boucles","9":"product_cat-bouclesoreille","11":"first","12":"instock","13":"shipping-taxable","14":"purchasable","15":"product-type-simple"},"yoast_head":"<!-- This site is optimized with the Yoast SEO plugin v26.9 - https:\/\/yoast.com\/product\/yoast-seo-wordpress\/ -->\n<title>Boucles clart\u00e9 Perl\u00e9e - Perlya<\/title>\n<meta name=\"robots\" content=\"index, follow, max-snippet:-1, max-image-preview:large, max-video-preview:-1\" \/>\n<link rel=\"canonical\" href=\"https:\/\/perlya-bijoux.com\/index.php\/product\/boucles-clarte-perlee\/\" \/>\n<meta property=\"og:locale\" content=\"fr_FR\" \/>\n<meta property=\"og:type\" content=\"article\" \/>\n<meta property=\"og:title\" content=\"Boucles clart\u00e9 Perl\u00e9e - Perlya\" \/>\n<meta property=\"og:description\" content=\"L\u00e9g\u00e8res, dor\u00e9es, inoubliables.Ces boucles perl\u00e9es, fa\u00e7onn\u00e9es \u00e0 la main, illuminent le visage .Un \u00e9clat po\u00e9tique, une signature personnelle. \ud83c\udf19\" \/>\n<meta property=\"og:url\" content=\"https:\/\/perlya-bijoux.com\/index.php\/product\/boucles-clarte-perlee\/\" \/>\n<meta property=\"og:site_name\" content=\"Perlya\" \/>\n<meta property=\"article:modified_time\" content=\"2026-02-03T20:53:41+00:00\" \/>\n<meta property=\"og:image\" content=\"http:\/\/perlya-bijoux.com\/wp-content\/uploads\/2025\/10\/collier-cascade-perlee-1-scaled.jpg\" \/>\n\t<meta property=\"og:image:width\" content=\"2560\" \/>\n\t<meta property=\"og:image:height\" content=\"2560\" \/>\n\t<meta property=\"og:image:type\" content=\"image\/jpeg\" \/>\n<meta name=\"twitter:card\" content=\"summary_large_image\" \/>\n<meta name=\"twitter:label1\" content=\"Dur\u00e9e de lecture estim\u00e9e\" \/>\n\t<meta name=\"twitter:data1\" content=\"1 minute\" \/>\n<script type=\"application\/ld+json\" class=\"yoast-schema-graph\">{\"@context\":\"https:\/\/schema.org\",\"@graph\":[{\"@type\":\"WebPage\",\"@id\":\"https:\/\/perlya-bijoux.com\/index.php\/product\/boucles-clarte-perlee\/\",\"url\":\"https:\/\/perlya-bijoux.com\/index.php\/product\/boucles-clarte-perlee\/\",\"name\":\"Boucles clart\u00e9 Perl\u00e9e - Perlya\",\"isPartOf\":{\"@id\":\"https:\/\/perlya-bijoux.com\/#website\"},\"primaryImageOfPage\":{\"@id\":\"https:\/\/perlya-bijoux.com\/index.php\/product\/boucles-clarte-perlee\/#primaryimage\"},\"image\":{\"@id\":\"https:\/\/perlya-bijoux.com\/index.php\/product\/boucles-clarte-perlee\/#primaryimage\"},\"thumbnailUrl\":\"https:\/\/perlya-bijoux.com\/wp-content\/uploads\/2025\/10\/collier-cascade-perlee-1-scaled.jpg\",\"datePublished\":\"2025-11-02T17:20:20+00:00\",\"dateModified\":\"2026-02-03T20:53:41+00:00\",\"breadcrumb\":{\"@id\":\"https:\/\/perlya-bijoux.com\/index.php\/product\/boucles-clarte-perlee\/#breadcrumb\"},\"inLanguage\":\"fr-FR\",\"potentialAction\":[{\"@type\":\"ReadAction\",\"target\":[\"https:\/\/perlya-bijoux.com\/index.php\/product\/boucles-clarte-perlee\/\"]}]},{\"@type\":\"ImageObject\",\"inLanguage\":\"fr-FR\",\"@id\":\"https:\/\/perlya-bijoux.com\/index.php\/product\/boucles-clarte-perlee\/#primaryimage\",\"url\":\"https:\/\/perlya-bijoux.com\/wp-content\/uploads\/2025\/10\/collier-cascade-perlee-1-scaled.jpg\",\"contentUrl\":\"https:\/\/perlya-bijoux.com\/wp-content\/uploads\/2025\/10\/collier-cascade-perlee-1-scaled.jpg\",\"width\":2560,\"height\":2560},{\"@type\":\"BreadcrumbList\",\"@id\":\"https:\/\/perlya-bijoux.com\/index.php\/product\/boucles-clarte-perlee\/#breadcrumb\",\"itemListElement\":[{\"@type\":\"ListItem\",\"position\":1,\"name\":\"Accueil\",\"item\":\"https:\/\/perlya-bijoux.com\/\"},{\"@type\":\"ListItem\",\"position\":2,\"name\":\"Boutique\",\"item\":\"https:\/\/perlya-bijoux.com\/index.php\/boutique\/\"},{\"@type\":\"ListItem\",\"position\":3,\"name\":\"Boucles clart\u00e9 Perl\u00e9e\"}]},{\"@type\":\"WebSite\",\"@id\":\"https:\/\/perlya-bijoux.com\/#website\",\"url\":\"https:\/\/perlya-bijoux.com\/\",\"name\":\"Perlya\",\"description\":\"\",\"potentialAction\":[{\"@type\":\"SearchAction\",\"target\":{\"@type\":\"EntryPoint\",\"urlTemplate\":\"https:\/\/perlya-bijoux.com\/?s={search_term_string}\"},\"query-input\":{\"@type\":\"PropertyValueSpecification\",\"valueRequired\":true,\"valueName\":\"search_term_string\"}}],\"inLanguage\":\"fr-FR\"}]}<\/script>\n<!-- \/ Yoast SEO plugin. -->","yoast_head_json":{"title":"Boucles clart\u00e9 Perl\u00e9e - Perlya","robots":{"index":"index","follow":"follow","max-snippet":"max-snippet:-1","max-image-preview":"max-image-preview:large","max-video-preview":"max-video-preview:-1"},"canonical":"https:\/\/perlya-bijoux.com\/index.php\/product\/boucles-clarte-perlee\/","og_locale":"fr_FR","og_type":"article","og_title":"Boucles clart\u00e9 Perl\u00e9e - Perlya","og_description":"L\u00e9g\u00e8res, dor\u00e9es, inoubliables.Ces boucles perl\u00e9es, fa\u00e7onn\u00e9es \u00e0 la main, illuminent le visage .Un \u00e9clat po\u00e9tique, une signature personnelle. \ud83c\udf19","og_url":"https:\/\/perlya-bijoux.com\/index.php\/product\/boucles-clarte-perlee\/","og_site_name":"Perlya","article_modified_time":"2026-02-03T20:53:41+00:00","og_image":[{"width":2560,"height":2560,"url":"http:\/\/perlya-bijoux.com\/wp-content\/uploads\/2025\/10\/collier-cascade-perlee-1-scaled.jpg","type":"image\/jpeg"}],"twitter_card":"summary_large_image","twitter_misc":{"Dur\u00e9e de lecture estim\u00e9e":"1 minute"},"schema":{"@context":"https:\/\/schema.org","@graph":[{"@type":"WebPage","@id":"https:\/\/perlya-bijoux.com\/index.php\/product\/boucles-clarte-perlee\/","url":"https:\/\/perlya-bijoux.com\/index.php\/product\/boucles-clarte-perlee\/","name":"Boucles clart\u00e9 Perl\u00e9e - Perlya","isPartOf":{"@id":"https:\/\/perlya-bijoux.com\/#website"},"primaryImageOfPage":{"@id":"https:\/\/perlya-bijoux.com\/index.php\/product\/boucles-clarte-perlee\/#primaryimage"},"image":{"@id":"https:\/\/perlya-bijoux.com\/index.php\/product\/boucles-clarte-perlee\/#primaryimage"},"thumbnailUrl":"https:\/\/perlya-bijoux.com\/wp-content\/uploads\/2025\/10\/collier-cascade-perlee-1-scaled.jpg","datePublished":"2025-11-02T17:20:20+00:00","dateModified":"2026-02-03T20:53:41+00:00","breadcrumb":{"@id":"https:\/\/perlya-bijoux.com\/index.php\/product\/boucles-clarte-perlee\/#breadcrumb"},"inLanguage":"fr-FR","potentialAction":[{"@type":"ReadAction","target":["https:\/\/perlya-bijoux.com\/index.php\/product\/boucles-clarte-perlee\/"]}]},{"@type":"ImageObject","inLanguage":"fr-FR","@id":"https:\/\/perlya-bijoux.com\/index.php\/product\/boucles-clarte-perlee\/#primaryimage","url":"https:\/\/perlya-bijoux.com\/wp-content\/uploads\/2025\/10\/collier-cascade-perlee-1-scaled.jpg","contentUrl":"https:\/\/perlya-bijoux.com\/wp-content\/uploads\/2025\/10\/collier-cascade-perlee-1-scaled.jpg","width":2560,"height":2560},{"@type":"BreadcrumbList","@id":"https:\/\/perlya-bijoux.com\/index.php\/product\/boucles-clarte-perlee\/#breadcrumb","itemListElement":[{"@type":"ListItem","position":1,"name":"Accueil","item":"https:\/\/perlya-bijoux.com\/"},{"@type":"ListItem","position":2,"name":"Boutique","item":"https:\/\/perlya-bijoux.com\/index.php\/boutique\/"},{"@type":"ListItem","position":3,"name":"Boucles clart\u00e9 Perl\u00e9e"}]},{"@type":"WebSite","@id":"https:\/\/perlya-bijoux.com\/#website","url":"https:\/\/perlya-bijoux.com\/","name":"Perlya","description":"","potentialAction":[{"@type":"SearchAction","target":{"@type":"EntryPoint","urlTemplate":"https:\/\/perlya-bijoux.com\/?s={search_term_string}"},"query-input":{"@type":"PropertyValueSpecification","valueRequired":true,"valueName":"search_term_string"}}],"inLanguage":"fr-FR"}]}},"_links":{"self":[{"href":"https:\/\/perlya-bijoux.com\/index.php\/wp-json\/wp\/v2\/product\/2868","targetHints":{"allow":["GET"]}}],"collection":[{"href":"https:\/\/perlya-bijoux.com\/index.php\/wp-json\/wp\/v2\/product"}],"about":[{"href":"https:\/\/perlya-bijoux.com\/index.php\/wp-json\/wp\/v2\/types\/product"}],"replies":[{"embeddable":true,"href":"https:\/\/perlya-bijoux.com\/index.php\/wp-json\/wp\/v2\/comments?post=2868"}],"wp:featuredmedia":[{"embeddable":true,"href":"https:\/\/perlya-bijoux.com\/index.php\/wp-json\/wp\/v2\/media\/2857"}],"wp:attachment":[{"href":"https:\/\/perlya-bijoux.com\/index.php\/wp-json\/wp\/v2\/media?parent=2868"}],"wp:term":[{"taxonomy":"product_brand","embeddable":true,"href":"https:\/\/perlya-bijoux.com\/index.php\/wp-json\/wp\/v2\/product_brand?post=2868"},{"taxonomy":"product_cat","embeddable":true,"href":"https:\/\/perlya-bijoux.com\/index.php\/wp-json\/wp\/v2\/product_cat?post=2868"},{"taxonomy":"product_tag","embeddable":true,"href":"https:\/\/perlya-bijoux.com\/index.php\/wp-json\/wp\/v2\/product_tag?post=2868"}],"curies":[{"name":"wp","href":"https:\/\/api.w.org\/{rel}","templated":true}]}}