{"id":2991,"date":"2025-11-19T20:25:30","date_gmt":"2025-11-19T20:25:30","guid":{"rendered":"https:\/\/perlya-bijoux.com\/?post_type=product&#038;p=2991"},"modified":"2026-02-05T22:49:07","modified_gmt":"2026-02-05T22:49:07","slug":"collier-fleur-dor","status":"publish","type":"product","link":"https:\/\/perlya-bijoux.com\/index.php\/product\/collier-fleur-dor\/","title":{"rendered":"Collier de dos fleur d&#8217;or"},"content":{"rendered":"<p>Le collier de dos <em data-start=\"351\" data-end=\"363\" data-is-only-node=\"\">Fleur d\u2019Or<\/em> est un bijou d\u00e9licatement fa\u00e7onn\u00e9 \u00e0 la main, pens\u00e9 pour accompagner les mari\u00e9es mais \u00e9galement toutes vos soir\u00e9es et occasions sp\u00e9ciales.<\/p>\n<p>R\u00e9alis\u00e9 en acier inoxydable et orn\u00e9 de perles ainsi que d\u2019une \u00e9l\u00e9gante fleur blanche, il illumine le dos avec finesse.<\/p>\n<p>Unique et r\u00e9solument f\u00e9minin, il ajoute une touche de gr\u00e2ce et de sophistication \u00e0 chaque moment pr\u00e9cieux.<\/p>\n<p>Mat\u00e9riaux : acier inoxydable, perles blanches nacr\u00e9s, h\u00e9matites dor\u00e9 14k, fleurs blanche<\/p>\n","protected":false},"excerpt":{"rendered":"<p>Bijou de dos <em data-start=\"91\" data-end=\"103\" data-is-only-node=\"\">Fleur d\u2019Or<\/em>, fait main et unique, id\u00e9al pour les mari\u00e9es mais aussi pour sublimer vos soir\u00e9es et occasions.<\/p>\n<p>En acier inoxydable, avec perles et fleur blanche, il apporte une touche f\u00e9minine et raffin\u00e9e \u00e0 chaque tenue.<\/p>\n","protected":false},"featured_media":2843,"comment_status":"open","ping_status":"closed","template":"","meta":[],"product_brand":[],"product_cat":[53,97],"product_tag":[],"class_list":{"0":"post-2991","1":"product","2":"type-product","3":"status-publish","4":"has-post-thumbnail","6":"product_cat-bijoux-mariee","7":"product_cat-colliers-dos","9":"first","10":"instock","11":"shipping-taxable","12":"purchasable","13":"product-type-simple"},"yoast_head":"<!-- This site is optimized with the Yoast SEO plugin v26.9 - https:\/\/yoast.com\/product\/yoast-seo-wordpress\/ -->\n<title>Collier de dos fleur d&#039;or - Perlya<\/title>\n<meta name=\"robots\" content=\"index, follow, max-snippet:-1, max-image-preview:large, max-video-preview:-1\" \/>\n<link rel=\"canonical\" href=\"https:\/\/perlya-bijoux.com\/index.php\/product\/collier-fleur-dor\/\" \/>\n<meta property=\"og:locale\" content=\"fr_FR\" \/>\n<meta property=\"og:type\" content=\"article\" \/>\n<meta property=\"og:title\" content=\"Collier de dos fleur d&#039;or - Perlya\" \/>\n<meta property=\"og:description\" content=\"Bijou de dos Fleur d\u2019Or, fait main et unique, id\u00e9al pour les mari\u00e9es mais aussi pour sublimer vos soir\u00e9es et occasions.  En acier inoxydable, avec perles et fleur blanche, il apporte une touche f\u00e9minine et raffin\u00e9e \u00e0 chaque tenue.\" \/>\n<meta property=\"og:url\" content=\"https:\/\/perlya-bijoux.com\/index.php\/product\/collier-fleur-dor\/\" \/>\n<meta property=\"og:site_name\" content=\"Perlya\" \/>\n<meta property=\"article:modified_time\" content=\"2026-02-05T22:49:07+00:00\" \/>\n<meta property=\"og:image\" content=\"http:\/\/perlya-bijoux.com\/wp-content\/uploads\/2025\/10\/collier-de-dos-fleur-dor-1-Copie-scaled.jpg\" \/>\n\t<meta property=\"og:image:width\" content=\"1920\" \/>\n\t<meta property=\"og:image:height\" content=\"2560\" \/>\n\t<meta property=\"og:image:type\" content=\"image\/jpeg\" \/>\n<meta name=\"twitter:card\" content=\"summary_large_image\" \/>\n<meta name=\"twitter:label1\" content=\"Dur\u00e9e de lecture estim\u00e9e\" \/>\n\t<meta name=\"twitter:data1\" content=\"1 minute\" \/>\n<script type=\"application\/ld+json\" class=\"yoast-schema-graph\">{\"@context\":\"https:\/\/schema.org\",\"@graph\":[{\"@type\":\"WebPage\",\"@id\":\"https:\/\/perlya-bijoux.com\/index.php\/product\/collier-fleur-dor\/\",\"url\":\"https:\/\/perlya-bijoux.com\/index.php\/product\/collier-fleur-dor\/\",\"name\":\"Collier de dos fleur d'or - Perlya\",\"isPartOf\":{\"@id\":\"https:\/\/perlya-bijoux.com\/#website\"},\"primaryImageOfPage\":{\"@id\":\"https:\/\/perlya-bijoux.com\/index.php\/product\/collier-fleur-dor\/#primaryimage\"},\"image\":{\"@id\":\"https:\/\/perlya-bijoux.com\/index.php\/product\/collier-fleur-dor\/#primaryimage\"},\"thumbnailUrl\":\"https:\/\/perlya-bijoux.com\/wp-content\/uploads\/2025\/10\/collier-de-dos-fleur-dor-1-Copie-scaled.jpg\",\"datePublished\":\"2025-11-19T20:25:30+00:00\",\"dateModified\":\"2026-02-05T22:49:07+00:00\",\"breadcrumb\":{\"@id\":\"https:\/\/perlya-bijoux.com\/index.php\/product\/collier-fleur-dor\/#breadcrumb\"},\"inLanguage\":\"fr-FR\",\"potentialAction\":[{\"@type\":\"ReadAction\",\"target\":[\"https:\/\/perlya-bijoux.com\/index.php\/product\/collier-fleur-dor\/\"]}]},{\"@type\":\"ImageObject\",\"inLanguage\":\"fr-FR\",\"@id\":\"https:\/\/perlya-bijoux.com\/index.php\/product\/collier-fleur-dor\/#primaryimage\",\"url\":\"https:\/\/perlya-bijoux.com\/wp-content\/uploads\/2025\/10\/collier-de-dos-fleur-dor-1-Copie-scaled.jpg\",\"contentUrl\":\"https:\/\/perlya-bijoux.com\/wp-content\/uploads\/2025\/10\/collier-de-dos-fleur-dor-1-Copie-scaled.jpg\",\"width\":1920,\"height\":2560},{\"@type\":\"BreadcrumbList\",\"@id\":\"https:\/\/perlya-bijoux.com\/index.php\/product\/collier-fleur-dor\/#breadcrumb\",\"itemListElement\":[{\"@type\":\"ListItem\",\"position\":1,\"name\":\"Accueil\",\"item\":\"https:\/\/perlya-bijoux.com\/\"},{\"@type\":\"ListItem\",\"position\":2,\"name\":\"Boutique\",\"item\":\"https:\/\/perlya-bijoux.com\/index.php\/boutique\/\"},{\"@type\":\"ListItem\",\"position\":3,\"name\":\"Collier de dos fleur d&#8217;or\"}]},{\"@type\":\"WebSite\",\"@id\":\"https:\/\/perlya-bijoux.com\/#website\",\"url\":\"https:\/\/perlya-bijoux.com\/\",\"name\":\"Perlya\",\"description\":\"\",\"potentialAction\":[{\"@type\":\"SearchAction\",\"target\":{\"@type\":\"EntryPoint\",\"urlTemplate\":\"https:\/\/perlya-bijoux.com\/?s={search_term_string}\"},\"query-input\":{\"@type\":\"PropertyValueSpecification\",\"valueRequired\":true,\"valueName\":\"search_term_string\"}}],\"inLanguage\":\"fr-FR\"}]}<\/script>\n<!-- \/ Yoast SEO plugin. -->","yoast_head_json":{"title":"Collier de dos fleur d'or - Perlya","robots":{"index":"index","follow":"follow","max-snippet":"max-snippet:-1","max-image-preview":"max-image-preview:large","max-video-preview":"max-video-preview:-1"},"canonical":"https:\/\/perlya-bijoux.com\/index.php\/product\/collier-fleur-dor\/","og_locale":"fr_FR","og_type":"article","og_title":"Collier de dos fleur d'or - Perlya","og_description":"Bijou de dos Fleur d\u2019Or, fait main et unique, id\u00e9al pour les mari\u00e9es mais aussi pour sublimer vos soir\u00e9es et occasions.  En acier inoxydable, avec perles et fleur blanche, il apporte une touche f\u00e9minine et raffin\u00e9e \u00e0 chaque tenue.","og_url":"https:\/\/perlya-bijoux.com\/index.php\/product\/collier-fleur-dor\/","og_site_name":"Perlya","article_modified_time":"2026-02-05T22:49:07+00:00","og_image":[{"width":1920,"height":2560,"url":"http:\/\/perlya-bijoux.com\/wp-content\/uploads\/2025\/10\/collier-de-dos-fleur-dor-1-Copie-scaled.jpg","type":"image\/jpeg"}],"twitter_card":"summary_large_image","twitter_misc":{"Dur\u00e9e de lecture estim\u00e9e":"1 minute"},"schema":{"@context":"https:\/\/schema.org","@graph":[{"@type":"WebPage","@id":"https:\/\/perlya-bijoux.com\/index.php\/product\/collier-fleur-dor\/","url":"https:\/\/perlya-bijoux.com\/index.php\/product\/collier-fleur-dor\/","name":"Collier de dos fleur d'or - Perlya","isPartOf":{"@id":"https:\/\/perlya-bijoux.com\/#website"},"primaryImageOfPage":{"@id":"https:\/\/perlya-bijoux.com\/index.php\/product\/collier-fleur-dor\/#primaryimage"},"image":{"@id":"https:\/\/perlya-bijoux.com\/index.php\/product\/collier-fleur-dor\/#primaryimage"},"thumbnailUrl":"https:\/\/perlya-bijoux.com\/wp-content\/uploads\/2025\/10\/collier-de-dos-fleur-dor-1-Copie-scaled.jpg","datePublished":"2025-11-19T20:25:30+00:00","dateModified":"2026-02-05T22:49:07+00:00","breadcrumb":{"@id":"https:\/\/perlya-bijoux.com\/index.php\/product\/collier-fleur-dor\/#breadcrumb"},"inLanguage":"fr-FR","potentialAction":[{"@type":"ReadAction","target":["https:\/\/perlya-bijoux.com\/index.php\/product\/collier-fleur-dor\/"]}]},{"@type":"ImageObject","inLanguage":"fr-FR","@id":"https:\/\/perlya-bijoux.com\/index.php\/product\/collier-fleur-dor\/#primaryimage","url":"https:\/\/perlya-bijoux.com\/wp-content\/uploads\/2025\/10\/collier-de-dos-fleur-dor-1-Copie-scaled.jpg","contentUrl":"https:\/\/perlya-bijoux.com\/wp-content\/uploads\/2025\/10\/collier-de-dos-fleur-dor-1-Copie-scaled.jpg","width":1920,"height":2560},{"@type":"BreadcrumbList","@id":"https:\/\/perlya-bijoux.com\/index.php\/product\/collier-fleur-dor\/#breadcrumb","itemListElement":[{"@type":"ListItem","position":1,"name":"Accueil","item":"https:\/\/perlya-bijoux.com\/"},{"@type":"ListItem","position":2,"name":"Boutique","item":"https:\/\/perlya-bijoux.com\/index.php\/boutique\/"},{"@type":"ListItem","position":3,"name":"Collier de dos fleur d&#8217;or"}]},{"@type":"WebSite","@id":"https:\/\/perlya-bijoux.com\/#website","url":"https:\/\/perlya-bijoux.com\/","name":"Perlya","description":"","potentialAction":[{"@type":"SearchAction","target":{"@type":"EntryPoint","urlTemplate":"https:\/\/perlya-bijoux.com\/?s={search_term_string}"},"query-input":{"@type":"PropertyValueSpecification","valueRequired":true,"valueName":"search_term_string"}}],"inLanguage":"fr-FR"}]}},"_links":{"self":[{"href":"https:\/\/perlya-bijoux.com\/index.php\/wp-json\/wp\/v2\/product\/2991","targetHints":{"allow":["GET"]}}],"collection":[{"href":"https:\/\/perlya-bijoux.com\/index.php\/wp-json\/wp\/v2\/product"}],"about":[{"href":"https:\/\/perlya-bijoux.com\/index.php\/wp-json\/wp\/v2\/types\/product"}],"replies":[{"embeddable":true,"href":"https:\/\/perlya-bijoux.com\/index.php\/wp-json\/wp\/v2\/comments?post=2991"}],"wp:featuredmedia":[{"embeddable":true,"href":"https:\/\/perlya-bijoux.com\/index.php\/wp-json\/wp\/v2\/media\/2843"}],"wp:attachment":[{"href":"https:\/\/perlya-bijoux.com\/index.php\/wp-json\/wp\/v2\/media?parent=2991"}],"wp:term":[{"taxonomy":"product_brand","embeddable":true,"href":"https:\/\/perlya-bijoux.com\/index.php\/wp-json\/wp\/v2\/product_brand?post=2991"},{"taxonomy":"product_cat","embeddable":true,"href":"https:\/\/perlya-bijoux.com\/index.php\/wp-json\/wp\/v2\/product_cat?post=2991"},{"taxonomy":"product_tag","embeddable":true,"href":"https:\/\/perlya-bijoux.com\/index.php\/wp-json\/wp\/v2\/product_tag?post=2991"}],"curies":[{"name":"wp","href":"https:\/\/api.w.org\/{rel}","templated":true}]}}