{"id":2995,"date":"2025-11-19T20:38:49","date_gmt":"2025-11-19T20:38:49","guid":{"rendered":"https:\/\/perlya-bijoux.com\/?post_type=product&#038;p=2995"},"modified":"2026-02-06T15:23:21","modified_gmt":"2026-02-06T15:23:21","slug":"pic-a-cheveux-fleur-dor-2-pics","status":"publish","type":"product","link":"https:\/\/perlya-bijoux.com\/index.php\/product\/pic-a-cheveux-fleur-dor-2-pics\/","title":{"rendered":"pic \u00e0 cheveux fleur d&#8217;or  (2 pics)"},"content":{"rendered":"<p data-start=\"386\" data-end=\"527\">Sublimez votre coiffure d\u2019un \u00e9clat floral dor\u00e9 : des pics \u00e0 cheveux d\u00e9licats qui captent la lumi\u00e8re et r\u00e9v\u00e8lent votre \u00e9l\u00e9gance naturelle.<\/p>\n<p data-start=\"530\" data-end=\"698\">\u00c9l\u00e9gants, raffin\u00e9s et lumineux, ces pics \u00e0 cheveux fleur d\u2019or ajoutent une touche de po\u00e9sie dor\u00e9e \u00e0 chaque mouvement. Id\u00e9al pour un style chic, doux et inoubliable.<\/p>\n<p data-start=\"701\" data-end=\"884\">Entre finesse et \u00e9clat, ces pics fleur d\u2019or magnifient votre coiffure avec une \u00e9l\u00e9gance discr\u00e8te mais irr\u00e9sistible. Parfaits pour les grands jours comme pour briller au quotidien.<\/p>\n<p data-start=\"701\" data-end=\"884\">Mat\u00e9riaux: perles h\u00e9matite dor\u00e9 14k, fil de cuivre dor\u00e9, perles de coquillage, perles de verres et fleurs blanche<\/p>\n","protected":false},"excerpt":{"rendered":"<p>Une touche de simplicit\u00e9 qui, tout en sublimant la robe, met en valeur l\u2019allure naturelle de la mari\u00e9e et r\u00e9v\u00e8le toute la d\u00e9licatesse de son style.<\/p>\n","protected":false},"featured_media":2993,"comment_status":"open","ping_status":"closed","template":"","meta":[],"product_brand":[],"product_cat":[87,53],"product_tag":[],"class_list":{"0":"post-2995","1":"product","2":"type-product","3":"status-publish","4":"has-post-thumbnail","6":"product_cat-accessoires-cheveux","7":"product_cat-bijoux-mariee","9":"first","10":"instock","11":"shipping-taxable","12":"purchasable","13":"product-type-simple"},"yoast_head":"<!-- This site is optimized with the Yoast SEO plugin v26.9 - https:\/\/yoast.com\/product\/yoast-seo-wordpress\/ -->\n<title>pic \u00e0 cheveux fleur d&#039;or (2 pics) - Perlya<\/title>\n<meta name=\"robots\" content=\"index, follow, max-snippet:-1, max-image-preview:large, max-video-preview:-1\" \/>\n<link rel=\"canonical\" href=\"https:\/\/perlya-bijoux.com\/index.php\/product\/pic-a-cheveux-fleur-dor-2-pics\/\" \/>\n<meta property=\"og:locale\" content=\"fr_FR\" \/>\n<meta property=\"og:type\" content=\"article\" \/>\n<meta property=\"og:title\" content=\"pic \u00e0 cheveux fleur d&#039;or (2 pics) - Perlya\" \/>\n<meta property=\"og:description\" content=\"Une touche de simplicit\u00e9 qui, tout en sublimant la robe, met en valeur l\u2019allure naturelle de la mari\u00e9e et r\u00e9v\u00e8le toute la d\u00e9licatesse de son style.\" \/>\n<meta property=\"og:url\" content=\"https:\/\/perlya-bijoux.com\/index.php\/product\/pic-a-cheveux-fleur-dor-2-pics\/\" \/>\n<meta property=\"og:site_name\" content=\"Perlya\" \/>\n<meta property=\"article:modified_time\" content=\"2026-02-06T15:23:21+00:00\" \/>\n<meta property=\"og:image\" content=\"http:\/\/perlya-bijoux.com\/wp-content\/uploads\/2025\/11\/pic-fleur-dor-1-scaled.jpg\" \/>\n\t<meta property=\"og:image:width\" content=\"2560\" \/>\n\t<meta property=\"og:image:height\" content=\"2560\" \/>\n\t<meta property=\"og:image:type\" content=\"image\/jpeg\" \/>\n<meta name=\"twitter:card\" content=\"summary_large_image\" \/>\n<meta name=\"twitter:label1\" content=\"Dur\u00e9e de lecture estim\u00e9e\" \/>\n\t<meta name=\"twitter:data1\" content=\"1 minute\" \/>\n<script type=\"application\/ld+json\" class=\"yoast-schema-graph\">{\"@context\":\"https:\/\/schema.org\",\"@graph\":[{\"@type\":\"WebPage\",\"@id\":\"https:\/\/perlya-bijoux.com\/index.php\/product\/pic-a-cheveux-fleur-dor-2-pics\/\",\"url\":\"https:\/\/perlya-bijoux.com\/index.php\/product\/pic-a-cheveux-fleur-dor-2-pics\/\",\"name\":\"pic \u00e0 cheveux fleur d'or (2 pics) - Perlya\",\"isPartOf\":{\"@id\":\"https:\/\/perlya-bijoux.com\/#website\"},\"primaryImageOfPage\":{\"@id\":\"https:\/\/perlya-bijoux.com\/index.php\/product\/pic-a-cheveux-fleur-dor-2-pics\/#primaryimage\"},\"image\":{\"@id\":\"https:\/\/perlya-bijoux.com\/index.php\/product\/pic-a-cheveux-fleur-dor-2-pics\/#primaryimage\"},\"thumbnailUrl\":\"https:\/\/perlya-bijoux.com\/wp-content\/uploads\/2025\/11\/pic-fleur-dor-1-scaled.jpg\",\"datePublished\":\"2025-11-19T20:38:49+00:00\",\"dateModified\":\"2026-02-06T15:23:21+00:00\",\"breadcrumb\":{\"@id\":\"https:\/\/perlya-bijoux.com\/index.php\/product\/pic-a-cheveux-fleur-dor-2-pics\/#breadcrumb\"},\"inLanguage\":\"fr-FR\",\"potentialAction\":[{\"@type\":\"ReadAction\",\"target\":[\"https:\/\/perlya-bijoux.com\/index.php\/product\/pic-a-cheveux-fleur-dor-2-pics\/\"]}]},{\"@type\":\"ImageObject\",\"inLanguage\":\"fr-FR\",\"@id\":\"https:\/\/perlya-bijoux.com\/index.php\/product\/pic-a-cheveux-fleur-dor-2-pics\/#primaryimage\",\"url\":\"https:\/\/perlya-bijoux.com\/wp-content\/uploads\/2025\/11\/pic-fleur-dor-1-scaled.jpg\",\"contentUrl\":\"https:\/\/perlya-bijoux.com\/wp-content\/uploads\/2025\/11\/pic-fleur-dor-1-scaled.jpg\",\"width\":2560,\"height\":2560},{\"@type\":\"BreadcrumbList\",\"@id\":\"https:\/\/perlya-bijoux.com\/index.php\/product\/pic-a-cheveux-fleur-dor-2-pics\/#breadcrumb\",\"itemListElement\":[{\"@type\":\"ListItem\",\"position\":1,\"name\":\"Accueil\",\"item\":\"https:\/\/perlya-bijoux.com\/\"},{\"@type\":\"ListItem\",\"position\":2,\"name\":\"Boutique\",\"item\":\"https:\/\/perlya-bijoux.com\/index.php\/boutique\/\"},{\"@type\":\"ListItem\",\"position\":3,\"name\":\"pic \u00e0 cheveux fleur d&#8217;or (2 pics)\"}]},{\"@type\":\"WebSite\",\"@id\":\"https:\/\/perlya-bijoux.com\/#website\",\"url\":\"https:\/\/perlya-bijoux.com\/\",\"name\":\"Perlya\",\"description\":\"\",\"potentialAction\":[{\"@type\":\"SearchAction\",\"target\":{\"@type\":\"EntryPoint\",\"urlTemplate\":\"https:\/\/perlya-bijoux.com\/?s={search_term_string}\"},\"query-input\":{\"@type\":\"PropertyValueSpecification\",\"valueRequired\":true,\"valueName\":\"search_term_string\"}}],\"inLanguage\":\"fr-FR\"}]}<\/script>\n<!-- \/ Yoast SEO plugin. -->","yoast_head_json":{"title":"pic \u00e0 cheveux fleur d'or (2 pics) - Perlya","robots":{"index":"index","follow":"follow","max-snippet":"max-snippet:-1","max-image-preview":"max-image-preview:large","max-video-preview":"max-video-preview:-1"},"canonical":"https:\/\/perlya-bijoux.com\/index.php\/product\/pic-a-cheveux-fleur-dor-2-pics\/","og_locale":"fr_FR","og_type":"article","og_title":"pic \u00e0 cheveux fleur d'or (2 pics) - Perlya","og_description":"Une touche de simplicit\u00e9 qui, tout en sublimant la robe, met en valeur l\u2019allure naturelle de la mari\u00e9e et r\u00e9v\u00e8le toute la d\u00e9licatesse de son style.","og_url":"https:\/\/perlya-bijoux.com\/index.php\/product\/pic-a-cheveux-fleur-dor-2-pics\/","og_site_name":"Perlya","article_modified_time":"2026-02-06T15:23:21+00:00","og_image":[{"width":2560,"height":2560,"url":"http:\/\/perlya-bijoux.com\/wp-content\/uploads\/2025\/11\/pic-fleur-dor-1-scaled.jpg","type":"image\/jpeg"}],"twitter_card":"summary_large_image","twitter_misc":{"Dur\u00e9e de lecture estim\u00e9e":"1 minute"},"schema":{"@context":"https:\/\/schema.org","@graph":[{"@type":"WebPage","@id":"https:\/\/perlya-bijoux.com\/index.php\/product\/pic-a-cheveux-fleur-dor-2-pics\/","url":"https:\/\/perlya-bijoux.com\/index.php\/product\/pic-a-cheveux-fleur-dor-2-pics\/","name":"pic \u00e0 cheveux fleur d'or (2 pics) - Perlya","isPartOf":{"@id":"https:\/\/perlya-bijoux.com\/#website"},"primaryImageOfPage":{"@id":"https:\/\/perlya-bijoux.com\/index.php\/product\/pic-a-cheveux-fleur-dor-2-pics\/#primaryimage"},"image":{"@id":"https:\/\/perlya-bijoux.com\/index.php\/product\/pic-a-cheveux-fleur-dor-2-pics\/#primaryimage"},"thumbnailUrl":"https:\/\/perlya-bijoux.com\/wp-content\/uploads\/2025\/11\/pic-fleur-dor-1-scaled.jpg","datePublished":"2025-11-19T20:38:49+00:00","dateModified":"2026-02-06T15:23:21+00:00","breadcrumb":{"@id":"https:\/\/perlya-bijoux.com\/index.php\/product\/pic-a-cheveux-fleur-dor-2-pics\/#breadcrumb"},"inLanguage":"fr-FR","potentialAction":[{"@type":"ReadAction","target":["https:\/\/perlya-bijoux.com\/index.php\/product\/pic-a-cheveux-fleur-dor-2-pics\/"]}]},{"@type":"ImageObject","inLanguage":"fr-FR","@id":"https:\/\/perlya-bijoux.com\/index.php\/product\/pic-a-cheveux-fleur-dor-2-pics\/#primaryimage","url":"https:\/\/perlya-bijoux.com\/wp-content\/uploads\/2025\/11\/pic-fleur-dor-1-scaled.jpg","contentUrl":"https:\/\/perlya-bijoux.com\/wp-content\/uploads\/2025\/11\/pic-fleur-dor-1-scaled.jpg","width":2560,"height":2560},{"@type":"BreadcrumbList","@id":"https:\/\/perlya-bijoux.com\/index.php\/product\/pic-a-cheveux-fleur-dor-2-pics\/#breadcrumb","itemListElement":[{"@type":"ListItem","position":1,"name":"Accueil","item":"https:\/\/perlya-bijoux.com\/"},{"@type":"ListItem","position":2,"name":"Boutique","item":"https:\/\/perlya-bijoux.com\/index.php\/boutique\/"},{"@type":"ListItem","position":3,"name":"pic \u00e0 cheveux fleur d&#8217;or (2 pics)"}]},{"@type":"WebSite","@id":"https:\/\/perlya-bijoux.com\/#website","url":"https:\/\/perlya-bijoux.com\/","name":"Perlya","description":"","potentialAction":[{"@type":"SearchAction","target":{"@type":"EntryPoint","urlTemplate":"https:\/\/perlya-bijoux.com\/?s={search_term_string}"},"query-input":{"@type":"PropertyValueSpecification","valueRequired":true,"valueName":"search_term_string"}}],"inLanguage":"fr-FR"}]}},"_links":{"self":[{"href":"https:\/\/perlya-bijoux.com\/index.php\/wp-json\/wp\/v2\/product\/2995","targetHints":{"allow":["GET"]}}],"collection":[{"href":"https:\/\/perlya-bijoux.com\/index.php\/wp-json\/wp\/v2\/product"}],"about":[{"href":"https:\/\/perlya-bijoux.com\/index.php\/wp-json\/wp\/v2\/types\/product"}],"replies":[{"embeddable":true,"href":"https:\/\/perlya-bijoux.com\/index.php\/wp-json\/wp\/v2\/comments?post=2995"}],"wp:featuredmedia":[{"embeddable":true,"href":"https:\/\/perlya-bijoux.com\/index.php\/wp-json\/wp\/v2\/media\/2993"}],"wp:attachment":[{"href":"https:\/\/perlya-bijoux.com\/index.php\/wp-json\/wp\/v2\/media?parent=2995"}],"wp:term":[{"taxonomy":"product_brand","embeddable":true,"href":"https:\/\/perlya-bijoux.com\/index.php\/wp-json\/wp\/v2\/product_brand?post=2995"},{"taxonomy":"product_cat","embeddable":true,"href":"https:\/\/perlya-bijoux.com\/index.php\/wp-json\/wp\/v2\/product_cat?post=2995"},{"taxonomy":"product_tag","embeddable":true,"href":"https:\/\/perlya-bijoux.com\/index.php\/wp-json\/wp\/v2\/product_tag?post=2995"}],"curies":[{"name":"wp","href":"https:\/\/api.w.org\/{rel}","templated":true}]}}