{"id":2999,"date":"2025-11-19T21:09:43","date_gmt":"2025-11-19T21:09:43","guid":{"rendered":"https:\/\/perlya-bijoux.com\/?post_type=product&#038;p=2999"},"modified":"2026-02-05T21:40:43","modified_gmt":"2026-02-05T21:40:43","slug":"vigne-de-cheveux-cristal-rose","status":"publish","type":"product","link":"https:\/\/perlya-bijoux.com\/index.php\/product\/vigne-de-cheveux-cristal-rose\/","title":{"rendered":"Vigne de cheveux Cristal rose"},"content":{"rendered":"<p><strong>Vigne de Cheveux Cristal Rose : Le Bijou Fait Main Qui Illumine la Mari\u00e9e<\/strong><\/p>\n<p>Faites de votre coiffure de mariage une \u0153uvre d&#8217;art avec cette magnifique vigne de cheveux, une <strong>pi\u00e8ce unique<\/strong> enti\u00e8rement <strong>faite main<\/strong>.<\/p>\n<p>Son design a\u00e9rien, fa\u00e7onn\u00e9 \u00e0 partir de <strong>fil de cuivre dor\u00e9<\/strong>, s&#8217;inspire de la nature. Il est orn\u00e9 de :<\/p>\n<ul>\n<li>Perles blanches nacr\u00e9es.<\/li>\n<li>Cristaux de verre transparents et d\u00e9licatement ros\u00e9s.<\/li>\n<li>Subtiles fleurs en verre rose.<\/li>\n<\/ul>\n<p>Ce bijou d&#8217;exception est <strong>polyvalent<\/strong> et s&#8217;adapte \u00e0 votre style : il peut majestueusement orner un chignon, se poser d\u00e9licatement comme une couronne, ou \u00eatre mont\u00e9 sur un serre-t\u00eate sur simple demande. Laissez-le illuminer votre jour J et souligner votre <strong>charme unique<\/strong> !<\/p>\n<p>Longueur: environ 23 cm\u00a0 \u00a0( possibilit\u00e9 de rajouter quelques cm (+5cm max.) sans changement de prix.<\/p>\n","protected":false},"excerpt":{"rendered":"<p><strong>Vigne de Cheveux Cristal Rose : \u00c9l\u00e9gance et D\u00e9licatesse.<\/strong><\/p>\n<p>\ud83c\udf38 <strong>Fait main et pi\u00e8ce unique.<\/strong> Ce bijou de t\u00eate sublime la mari\u00e9e avec son fil de cuivre dor\u00e9, ses perles nacr\u00e9es et ses d\u00e9licates fleurs en verre rose. Il s&#8217;adapte \u00e0 toutes vos envies : orne un chignon ou se porte en couronne. Une touche de lumi\u00e8re pour une mari\u00e9e unique !<\/p>\n","protected":false},"featured_media":3002,"comment_status":"open","ping_status":"closed","template":"","meta":[],"product_brand":[],"product_cat":[87,53],"product_tag":[],"class_list":{"0":"post-2999","1":"product","2":"type-product","3":"status-publish","4":"has-post-thumbnail","6":"product_cat-accessoires-cheveux","7":"product_cat-bijoux-mariee","9":"first","10":"instock","11":"shipping-taxable","12":"purchasable","13":"product-type-simple"},"yoast_head":"<!-- This site is optimized with the Yoast SEO plugin v26.9 - https:\/\/yoast.com\/product\/yoast-seo-wordpress\/ -->\n<title>Vigne de cheveux Cristal rose - Perlya<\/title>\n<meta name=\"robots\" content=\"index, follow, max-snippet:-1, max-image-preview:large, max-video-preview:-1\" \/>\n<link rel=\"canonical\" href=\"https:\/\/perlya-bijoux.com\/index.php\/product\/vigne-de-cheveux-cristal-rose\/\" \/>\n<meta property=\"og:locale\" content=\"fr_FR\" \/>\n<meta property=\"og:type\" content=\"article\" \/>\n<meta property=\"og:title\" content=\"Vigne de cheveux Cristal rose - Perlya\" \/>\n<meta property=\"og:description\" content=\"Vigne de Cheveux Cristal Rose : \u00c9l\u00e9gance et D\u00e9licatesse.  \ud83c\udf38 Fait main et pi\u00e8ce unique. Ce bijou de t\u00eate sublime la mari\u00e9e avec son fil de cuivre dor\u00e9, ses perles nacr\u00e9es et ses d\u00e9licates fleurs en verre rose. Il s&#039;adapte \u00e0 toutes vos envies : orne un chignon ou se porte en couronne. Une touche de lumi\u00e8re pour une mari\u00e9e unique !\" \/>\n<meta property=\"og:url\" content=\"https:\/\/perlya-bijoux.com\/index.php\/product\/vigne-de-cheveux-cristal-rose\/\" \/>\n<meta property=\"og:site_name\" content=\"Perlya\" \/>\n<meta property=\"article:modified_time\" content=\"2026-02-05T21:40:43+00:00\" \/>\n<meta property=\"og:image\" content=\"http:\/\/perlya-bijoux.com\/wp-content\/uploads\/2025\/11\/couronne-cristal-rose-2-scaled.jpg\" \/>\n\t<meta property=\"og:image:width\" content=\"2560\" \/>\n\t<meta property=\"og:image:height\" content=\"2560\" \/>\n\t<meta property=\"og:image:type\" content=\"image\/jpeg\" \/>\n<meta name=\"twitter:card\" content=\"summary_large_image\" \/>\n<meta name=\"twitter:label1\" content=\"Dur\u00e9e de lecture estim\u00e9e\" \/>\n\t<meta name=\"twitter:data1\" content=\"1 minute\" \/>\n<script type=\"application\/ld+json\" class=\"yoast-schema-graph\">{\"@context\":\"https:\/\/schema.org\",\"@graph\":[{\"@type\":\"WebPage\",\"@id\":\"https:\/\/perlya-bijoux.com\/index.php\/product\/vigne-de-cheveux-cristal-rose\/\",\"url\":\"https:\/\/perlya-bijoux.com\/index.php\/product\/vigne-de-cheveux-cristal-rose\/\",\"name\":\"Vigne de cheveux Cristal rose - Perlya\",\"isPartOf\":{\"@id\":\"https:\/\/perlya-bijoux.com\/#website\"},\"primaryImageOfPage\":{\"@id\":\"https:\/\/perlya-bijoux.com\/index.php\/product\/vigne-de-cheveux-cristal-rose\/#primaryimage\"},\"image\":{\"@id\":\"https:\/\/perlya-bijoux.com\/index.php\/product\/vigne-de-cheveux-cristal-rose\/#primaryimage\"},\"thumbnailUrl\":\"https:\/\/perlya-bijoux.com\/wp-content\/uploads\/2025\/11\/couronne-cristal-rose-2-scaled.jpg\",\"datePublished\":\"2025-11-19T21:09:43+00:00\",\"dateModified\":\"2026-02-05T21:40:43+00:00\",\"breadcrumb\":{\"@id\":\"https:\/\/perlya-bijoux.com\/index.php\/product\/vigne-de-cheveux-cristal-rose\/#breadcrumb\"},\"inLanguage\":\"fr-FR\",\"potentialAction\":[{\"@type\":\"ReadAction\",\"target\":[\"https:\/\/perlya-bijoux.com\/index.php\/product\/vigne-de-cheveux-cristal-rose\/\"]}]},{\"@type\":\"ImageObject\",\"inLanguage\":\"fr-FR\",\"@id\":\"https:\/\/perlya-bijoux.com\/index.php\/product\/vigne-de-cheveux-cristal-rose\/#primaryimage\",\"url\":\"https:\/\/perlya-bijoux.com\/wp-content\/uploads\/2025\/11\/couronne-cristal-rose-2-scaled.jpg\",\"contentUrl\":\"https:\/\/perlya-bijoux.com\/wp-content\/uploads\/2025\/11\/couronne-cristal-rose-2-scaled.jpg\",\"width\":2560,\"height\":2560},{\"@type\":\"BreadcrumbList\",\"@id\":\"https:\/\/perlya-bijoux.com\/index.php\/product\/vigne-de-cheveux-cristal-rose\/#breadcrumb\",\"itemListElement\":[{\"@type\":\"ListItem\",\"position\":1,\"name\":\"Accueil\",\"item\":\"https:\/\/perlya-bijoux.com\/\"},{\"@type\":\"ListItem\",\"position\":2,\"name\":\"Boutique\",\"item\":\"https:\/\/perlya-bijoux.com\/index.php\/boutique\/\"},{\"@type\":\"ListItem\",\"position\":3,\"name\":\"Vigne de cheveux Cristal rose\"}]},{\"@type\":\"WebSite\",\"@id\":\"https:\/\/perlya-bijoux.com\/#website\",\"url\":\"https:\/\/perlya-bijoux.com\/\",\"name\":\"Perlya\",\"description\":\"\",\"potentialAction\":[{\"@type\":\"SearchAction\",\"target\":{\"@type\":\"EntryPoint\",\"urlTemplate\":\"https:\/\/perlya-bijoux.com\/?s={search_term_string}\"},\"query-input\":{\"@type\":\"PropertyValueSpecification\",\"valueRequired\":true,\"valueName\":\"search_term_string\"}}],\"inLanguage\":\"fr-FR\"}]}<\/script>\n<!-- \/ Yoast SEO plugin. -->","yoast_head_json":{"title":"Vigne de cheveux Cristal rose - Perlya","robots":{"index":"index","follow":"follow","max-snippet":"max-snippet:-1","max-image-preview":"max-image-preview:large","max-video-preview":"max-video-preview:-1"},"canonical":"https:\/\/perlya-bijoux.com\/index.php\/product\/vigne-de-cheveux-cristal-rose\/","og_locale":"fr_FR","og_type":"article","og_title":"Vigne de cheveux Cristal rose - Perlya","og_description":"Vigne de Cheveux Cristal Rose : \u00c9l\u00e9gance et D\u00e9licatesse.  \ud83c\udf38 Fait main et pi\u00e8ce unique. Ce bijou de t\u00eate sublime la mari\u00e9e avec son fil de cuivre dor\u00e9, ses perles nacr\u00e9es et ses d\u00e9licates fleurs en verre rose. Il s'adapte \u00e0 toutes vos envies : orne un chignon ou se porte en couronne. Une touche de lumi\u00e8re pour une mari\u00e9e unique !","og_url":"https:\/\/perlya-bijoux.com\/index.php\/product\/vigne-de-cheveux-cristal-rose\/","og_site_name":"Perlya","article_modified_time":"2026-02-05T21:40:43+00:00","og_image":[{"width":2560,"height":2560,"url":"http:\/\/perlya-bijoux.com\/wp-content\/uploads\/2025\/11\/couronne-cristal-rose-2-scaled.jpg","type":"image\/jpeg"}],"twitter_card":"summary_large_image","twitter_misc":{"Dur\u00e9e de lecture estim\u00e9e":"1 minute"},"schema":{"@context":"https:\/\/schema.org","@graph":[{"@type":"WebPage","@id":"https:\/\/perlya-bijoux.com\/index.php\/product\/vigne-de-cheveux-cristal-rose\/","url":"https:\/\/perlya-bijoux.com\/index.php\/product\/vigne-de-cheveux-cristal-rose\/","name":"Vigne de cheveux Cristal rose - Perlya","isPartOf":{"@id":"https:\/\/perlya-bijoux.com\/#website"},"primaryImageOfPage":{"@id":"https:\/\/perlya-bijoux.com\/index.php\/product\/vigne-de-cheveux-cristal-rose\/#primaryimage"},"image":{"@id":"https:\/\/perlya-bijoux.com\/index.php\/product\/vigne-de-cheveux-cristal-rose\/#primaryimage"},"thumbnailUrl":"https:\/\/perlya-bijoux.com\/wp-content\/uploads\/2025\/11\/couronne-cristal-rose-2-scaled.jpg","datePublished":"2025-11-19T21:09:43+00:00","dateModified":"2026-02-05T21:40:43+00:00","breadcrumb":{"@id":"https:\/\/perlya-bijoux.com\/index.php\/product\/vigne-de-cheveux-cristal-rose\/#breadcrumb"},"inLanguage":"fr-FR","potentialAction":[{"@type":"ReadAction","target":["https:\/\/perlya-bijoux.com\/index.php\/product\/vigne-de-cheveux-cristal-rose\/"]}]},{"@type":"ImageObject","inLanguage":"fr-FR","@id":"https:\/\/perlya-bijoux.com\/index.php\/product\/vigne-de-cheveux-cristal-rose\/#primaryimage","url":"https:\/\/perlya-bijoux.com\/wp-content\/uploads\/2025\/11\/couronne-cristal-rose-2-scaled.jpg","contentUrl":"https:\/\/perlya-bijoux.com\/wp-content\/uploads\/2025\/11\/couronne-cristal-rose-2-scaled.jpg","width":2560,"height":2560},{"@type":"BreadcrumbList","@id":"https:\/\/perlya-bijoux.com\/index.php\/product\/vigne-de-cheveux-cristal-rose\/#breadcrumb","itemListElement":[{"@type":"ListItem","position":1,"name":"Accueil","item":"https:\/\/perlya-bijoux.com\/"},{"@type":"ListItem","position":2,"name":"Boutique","item":"https:\/\/perlya-bijoux.com\/index.php\/boutique\/"},{"@type":"ListItem","position":3,"name":"Vigne de cheveux Cristal rose"}]},{"@type":"WebSite","@id":"https:\/\/perlya-bijoux.com\/#website","url":"https:\/\/perlya-bijoux.com\/","name":"Perlya","description":"","potentialAction":[{"@type":"SearchAction","target":{"@type":"EntryPoint","urlTemplate":"https:\/\/perlya-bijoux.com\/?s={search_term_string}"},"query-input":{"@type":"PropertyValueSpecification","valueRequired":true,"valueName":"search_term_string"}}],"inLanguage":"fr-FR"}]}},"_links":{"self":[{"href":"https:\/\/perlya-bijoux.com\/index.php\/wp-json\/wp\/v2\/product\/2999","targetHints":{"allow":["GET"]}}],"collection":[{"href":"https:\/\/perlya-bijoux.com\/index.php\/wp-json\/wp\/v2\/product"}],"about":[{"href":"https:\/\/perlya-bijoux.com\/index.php\/wp-json\/wp\/v2\/types\/product"}],"replies":[{"embeddable":true,"href":"https:\/\/perlya-bijoux.com\/index.php\/wp-json\/wp\/v2\/comments?post=2999"}],"wp:featuredmedia":[{"embeddable":true,"href":"https:\/\/perlya-bijoux.com\/index.php\/wp-json\/wp\/v2\/media\/3002"}],"wp:attachment":[{"href":"https:\/\/perlya-bijoux.com\/index.php\/wp-json\/wp\/v2\/media?parent=2999"}],"wp:term":[{"taxonomy":"product_brand","embeddable":true,"href":"https:\/\/perlya-bijoux.com\/index.php\/wp-json\/wp\/v2\/product_brand?post=2999"},{"taxonomy":"product_cat","embeddable":true,"href":"https:\/\/perlya-bijoux.com\/index.php\/wp-json\/wp\/v2\/product_cat?post=2999"},{"taxonomy":"product_tag","embeddable":true,"href":"https:\/\/perlya-bijoux.com\/index.php\/wp-json\/wp\/v2\/product_tag?post=2999"}],"curies":[{"name":"wp","href":"https:\/\/api.w.org\/{rel}","templated":true}]}}