{"id":3012,"date":"2025-11-22T21:28:41","date_gmt":"2025-11-22T21:28:41","guid":{"rendered":"https:\/\/perlya-bijoux.com\/?post_type=product&#038;p=3012"},"modified":"2025-11-29T19:43:10","modified_gmt":"2025-11-29T19:43:10","slug":"boucles-doreilles-fleur-suspendu","status":"publish","type":"product","link":"https:\/\/perlya-bijoux.com\/index.php\/product\/boucles-doreilles-fleur-suspendu\/","title":{"rendered":"Boucles d&#8217;oreilles Fleur suspendu"},"content":{"rendered":"<p>Ces boucles d\u2019oreilles Fleur suspendue pendantes allient modernit\u00e9 et po\u00e9sie.<\/p>\n<p>Elles se composent d\u2019un bouton dor\u00e9 orn\u00e9 d\u2019un motif ajour\u00e9 d\u00e9licat, prolong\u00e9 par une fine cha\u00eene dor\u00e9e. Au bout de celle-ci se balancent deux perles, l\u2019une vert fonc\u00e9 et l\u2019autre d\u2019un rose tendre, apportant une note de douceur et d\u2019\u00e9l\u00e9gance.<\/p>\n<p>Leur design l\u00e9ger et raffin\u00e9 en fait un accessoire parfait pour compl\u00e9ter le collier assorti ou \u00eatre port\u00e9es seules pour un style chic et f\u00e9minin.<\/p>\n<p>Couleurs : dor\u00e9, vert, rose<\/p>\n<p>Mati\u00e8re : acier inoxydable, cuivre dor\u00e9, cristal vert, quartz rose, h\u00e9matite dor\u00e9<\/p>\n<p>Longueur: environ 6,5 cm<\/p>\n<p>Chaque bijou est personnalisable : les couleurs peuvent \u00eatre modifi\u00e9es pour s\u2019adapter \u00e0 la tenue.<\/p>\n<p>&nbsp;<\/p>\n","protected":false},"excerpt":{"rendered":"<p>Fleur Boh\u00e8me illumine le visage d\u2019une touche d\u00e9licate : un motif floral ajour\u00e9, une cha\u00eene fine et des perles aux teintes naturelles pour une allure douce, po\u00e9tique et r\u00e9solument boh\u00e8me.<\/p>\n","protected":false},"featured_media":2987,"comment_status":"open","ping_status":"closed","template":"","meta":[],"product_brand":[],"product_cat":[64,53,96,67],"product_tag":[],"class_list":{"0":"post-3012","1":"product","2":"type-product","3":"status-publish","4":"has-post-thumbnail","6":"product_cat-bijoux","7":"product_cat-bijoux-mariee","8":"product_cat-boucles","9":"product_cat-bouclesoreille","11":"first","12":"instock","13":"shipping-taxable","14":"purchasable","15":"product-type-simple"},"yoast_head":"<!-- This site is optimized with the Yoast SEO plugin v26.9 - https:\/\/yoast.com\/product\/yoast-seo-wordpress\/ -->\n<title>Boucles d&#039;oreilles Fleur suspendu - Perlya<\/title>\n<meta name=\"robots\" content=\"index, follow, max-snippet:-1, max-image-preview:large, max-video-preview:-1\" \/>\n<link rel=\"canonical\" href=\"https:\/\/perlya-bijoux.com\/index.php\/product\/boucles-doreilles-fleur-suspendu\/\" \/>\n<meta property=\"og:locale\" content=\"fr_FR\" \/>\n<meta property=\"og:type\" content=\"article\" \/>\n<meta property=\"og:title\" content=\"Boucles d&#039;oreilles Fleur suspendu - Perlya\" \/>\n<meta property=\"og:description\" content=\"Fleur Boh\u00e8me illumine le visage d\u2019une touche d\u00e9licate : un motif floral ajour\u00e9, une cha\u00eene fine et des perles aux teintes naturelles pour une allure douce, po\u00e9tique et r\u00e9solument boh\u00e8me.\" \/>\n<meta property=\"og:url\" content=\"https:\/\/perlya-bijoux.com\/index.php\/product\/boucles-doreilles-fleur-suspendu\/\" \/>\n<meta property=\"og:site_name\" content=\"Perlya\" \/>\n<meta property=\"article:modified_time\" content=\"2025-11-29T19:43:10+00:00\" \/>\n<meta property=\"og:image\" content=\"http:\/\/perlya-bijoux.com\/wp-content\/uploads\/2025\/11\/fiche-produit-collier-jardin-boheme-Modifie.jpg\" \/>\n\t<meta property=\"og:image:width\" content=\"1914\" \/>\n\t<meta property=\"og:image:height\" content=\"1914\" \/>\n\t<meta property=\"og:image:type\" content=\"image\/jpeg\" \/>\n<meta name=\"twitter:card\" content=\"summary_large_image\" \/>\n<meta name=\"twitter:label1\" content=\"Dur\u00e9e de lecture estim\u00e9e\" \/>\n\t<meta name=\"twitter:data1\" content=\"1 minute\" \/>\n<script type=\"application\/ld+json\" class=\"yoast-schema-graph\">{\"@context\":\"https:\/\/schema.org\",\"@graph\":[{\"@type\":\"WebPage\",\"@id\":\"https:\/\/perlya-bijoux.com\/index.php\/product\/boucles-doreilles-fleur-suspendu\/\",\"url\":\"https:\/\/perlya-bijoux.com\/index.php\/product\/boucles-doreilles-fleur-suspendu\/\",\"name\":\"Boucles d'oreilles Fleur suspendu - Perlya\",\"isPartOf\":{\"@id\":\"https:\/\/perlya-bijoux.com\/#website\"},\"primaryImageOfPage\":{\"@id\":\"https:\/\/perlya-bijoux.com\/index.php\/product\/boucles-doreilles-fleur-suspendu\/#primaryimage\"},\"image\":{\"@id\":\"https:\/\/perlya-bijoux.com\/index.php\/product\/boucles-doreilles-fleur-suspendu\/#primaryimage\"},\"thumbnailUrl\":\"https:\/\/perlya-bijoux.com\/wp-content\/uploads\/2025\/11\/fiche-produit-collier-jardin-boheme-Modifie.jpg\",\"datePublished\":\"2025-11-22T21:28:41+00:00\",\"dateModified\":\"2025-11-29T19:43:10+00:00\",\"breadcrumb\":{\"@id\":\"https:\/\/perlya-bijoux.com\/index.php\/product\/boucles-doreilles-fleur-suspendu\/#breadcrumb\"},\"inLanguage\":\"fr-FR\",\"potentialAction\":[{\"@type\":\"ReadAction\",\"target\":[\"https:\/\/perlya-bijoux.com\/index.php\/product\/boucles-doreilles-fleur-suspendu\/\"]}]},{\"@type\":\"ImageObject\",\"inLanguage\":\"fr-FR\",\"@id\":\"https:\/\/perlya-bijoux.com\/index.php\/product\/boucles-doreilles-fleur-suspendu\/#primaryimage\",\"url\":\"https:\/\/perlya-bijoux.com\/wp-content\/uploads\/2025\/11\/fiche-produit-collier-jardin-boheme-Modifie.jpg\",\"contentUrl\":\"https:\/\/perlya-bijoux.com\/wp-content\/uploads\/2025\/11\/fiche-produit-collier-jardin-boheme-Modifie.jpg\",\"width\":1914,\"height\":1914},{\"@type\":\"BreadcrumbList\",\"@id\":\"https:\/\/perlya-bijoux.com\/index.php\/product\/boucles-doreilles-fleur-suspendu\/#breadcrumb\",\"itemListElement\":[{\"@type\":\"ListItem\",\"position\":1,\"name\":\"Accueil\",\"item\":\"https:\/\/perlya-bijoux.com\/\"},{\"@type\":\"ListItem\",\"position\":2,\"name\":\"Boutique\",\"item\":\"https:\/\/perlya-bijoux.com\/index.php\/boutique\/\"},{\"@type\":\"ListItem\",\"position\":3,\"name\":\"Boucles d&#8217;oreilles Fleur suspendu\"}]},{\"@type\":\"WebSite\",\"@id\":\"https:\/\/perlya-bijoux.com\/#website\",\"url\":\"https:\/\/perlya-bijoux.com\/\",\"name\":\"Perlya\",\"description\":\"\",\"potentialAction\":[{\"@type\":\"SearchAction\",\"target\":{\"@type\":\"EntryPoint\",\"urlTemplate\":\"https:\/\/perlya-bijoux.com\/?s={search_term_string}\"},\"query-input\":{\"@type\":\"PropertyValueSpecification\",\"valueRequired\":true,\"valueName\":\"search_term_string\"}}],\"inLanguage\":\"fr-FR\"}]}<\/script>\n<!-- \/ Yoast SEO plugin. -->","yoast_head_json":{"title":"Boucles d'oreilles Fleur suspendu - Perlya","robots":{"index":"index","follow":"follow","max-snippet":"max-snippet:-1","max-image-preview":"max-image-preview:large","max-video-preview":"max-video-preview:-1"},"canonical":"https:\/\/perlya-bijoux.com\/index.php\/product\/boucles-doreilles-fleur-suspendu\/","og_locale":"fr_FR","og_type":"article","og_title":"Boucles d'oreilles Fleur suspendu - Perlya","og_description":"Fleur Boh\u00e8me illumine le visage d\u2019une touche d\u00e9licate : un motif floral ajour\u00e9, une cha\u00eene fine et des perles aux teintes naturelles pour une allure douce, po\u00e9tique et r\u00e9solument boh\u00e8me.","og_url":"https:\/\/perlya-bijoux.com\/index.php\/product\/boucles-doreilles-fleur-suspendu\/","og_site_name":"Perlya","article_modified_time":"2025-11-29T19:43:10+00:00","og_image":[{"width":1914,"height":1914,"url":"http:\/\/perlya-bijoux.com\/wp-content\/uploads\/2025\/11\/fiche-produit-collier-jardin-boheme-Modifie.jpg","type":"image\/jpeg"}],"twitter_card":"summary_large_image","twitter_misc":{"Dur\u00e9e de lecture estim\u00e9e":"1 minute"},"schema":{"@context":"https:\/\/schema.org","@graph":[{"@type":"WebPage","@id":"https:\/\/perlya-bijoux.com\/index.php\/product\/boucles-doreilles-fleur-suspendu\/","url":"https:\/\/perlya-bijoux.com\/index.php\/product\/boucles-doreilles-fleur-suspendu\/","name":"Boucles d'oreilles Fleur suspendu - Perlya","isPartOf":{"@id":"https:\/\/perlya-bijoux.com\/#website"},"primaryImageOfPage":{"@id":"https:\/\/perlya-bijoux.com\/index.php\/product\/boucles-doreilles-fleur-suspendu\/#primaryimage"},"image":{"@id":"https:\/\/perlya-bijoux.com\/index.php\/product\/boucles-doreilles-fleur-suspendu\/#primaryimage"},"thumbnailUrl":"https:\/\/perlya-bijoux.com\/wp-content\/uploads\/2025\/11\/fiche-produit-collier-jardin-boheme-Modifie.jpg","datePublished":"2025-11-22T21:28:41+00:00","dateModified":"2025-11-29T19:43:10+00:00","breadcrumb":{"@id":"https:\/\/perlya-bijoux.com\/index.php\/product\/boucles-doreilles-fleur-suspendu\/#breadcrumb"},"inLanguage":"fr-FR","potentialAction":[{"@type":"ReadAction","target":["https:\/\/perlya-bijoux.com\/index.php\/product\/boucles-doreilles-fleur-suspendu\/"]}]},{"@type":"ImageObject","inLanguage":"fr-FR","@id":"https:\/\/perlya-bijoux.com\/index.php\/product\/boucles-doreilles-fleur-suspendu\/#primaryimage","url":"https:\/\/perlya-bijoux.com\/wp-content\/uploads\/2025\/11\/fiche-produit-collier-jardin-boheme-Modifie.jpg","contentUrl":"https:\/\/perlya-bijoux.com\/wp-content\/uploads\/2025\/11\/fiche-produit-collier-jardin-boheme-Modifie.jpg","width":1914,"height":1914},{"@type":"BreadcrumbList","@id":"https:\/\/perlya-bijoux.com\/index.php\/product\/boucles-doreilles-fleur-suspendu\/#breadcrumb","itemListElement":[{"@type":"ListItem","position":1,"name":"Accueil","item":"https:\/\/perlya-bijoux.com\/"},{"@type":"ListItem","position":2,"name":"Boutique","item":"https:\/\/perlya-bijoux.com\/index.php\/boutique\/"},{"@type":"ListItem","position":3,"name":"Boucles d&#8217;oreilles Fleur suspendu"}]},{"@type":"WebSite","@id":"https:\/\/perlya-bijoux.com\/#website","url":"https:\/\/perlya-bijoux.com\/","name":"Perlya","description":"","potentialAction":[{"@type":"SearchAction","target":{"@type":"EntryPoint","urlTemplate":"https:\/\/perlya-bijoux.com\/?s={search_term_string}"},"query-input":{"@type":"PropertyValueSpecification","valueRequired":true,"valueName":"search_term_string"}}],"inLanguage":"fr-FR"}]}},"_links":{"self":[{"href":"https:\/\/perlya-bijoux.com\/index.php\/wp-json\/wp\/v2\/product\/3012","targetHints":{"allow":["GET"]}}],"collection":[{"href":"https:\/\/perlya-bijoux.com\/index.php\/wp-json\/wp\/v2\/product"}],"about":[{"href":"https:\/\/perlya-bijoux.com\/index.php\/wp-json\/wp\/v2\/types\/product"}],"replies":[{"embeddable":true,"href":"https:\/\/perlya-bijoux.com\/index.php\/wp-json\/wp\/v2\/comments?post=3012"}],"wp:featuredmedia":[{"embeddable":true,"href":"https:\/\/perlya-bijoux.com\/index.php\/wp-json\/wp\/v2\/media\/2987"}],"wp:attachment":[{"href":"https:\/\/perlya-bijoux.com\/index.php\/wp-json\/wp\/v2\/media?parent=3012"}],"wp:term":[{"taxonomy":"product_brand","embeddable":true,"href":"https:\/\/perlya-bijoux.com\/index.php\/wp-json\/wp\/v2\/product_brand?post=3012"},{"taxonomy":"product_cat","embeddable":true,"href":"https:\/\/perlya-bijoux.com\/index.php\/wp-json\/wp\/v2\/product_cat?post=3012"},{"taxonomy":"product_tag","embeddable":true,"href":"https:\/\/perlya-bijoux.com\/index.php\/wp-json\/wp\/v2\/product_tag?post=3012"}],"curies":[{"name":"wp","href":"https:\/\/api.w.org\/{rel}","templated":true}]}}