{"id":3015,"date":"2025-11-22T21:35:00","date_gmt":"2025-11-22T21:35:00","guid":{"rendered":"https:\/\/perlya-bijoux.com\/?post_type=product&#038;p=3015"},"modified":"2025-11-29T19:26:40","modified_gmt":"2025-11-29T19:26:40","slug":"boucles-doreilles-onde-elegante","status":"publish","type":"product","link":"https:\/\/perlya-bijoux.com\/index.php\/product\/boucles-doreilles-onde-elegante\/","title":{"rendered":"Boucles d&#8217;oreilles Onde \u00e9l\u00e9gante"},"content":{"rendered":"<p>Les boucles d\u2019oreilles Onde \u00c9l\u00e9gante s\u00e9duisent par leurs lignes fluides et modernes.<\/p>\n<p>Elles associent un support dor\u00e9 l\u00e9g\u00e8rement martel\u00e9 \u00e0 deux anneaux en forme de gouttes allong\u00e9es, qui s\u2019entrelacent avec l\u00e9g\u00e8ret\u00e9. \u00c0 l\u2019int\u00e9rieur, des perles vertes et roses apportent une touche de fra\u00eecheur et de douceur, cr\u00e9ant un \u00e9quilibre raffin\u00e9.<\/p>\n<p>\u00c9l\u00e9gantes et a\u00e9riennes, elles s\u2019adaptent \u00e0 toutes les tenues : id\u00e9ales pour sublimer une robe de c\u00e9r\u00e9monie, compl\u00e9ter un bijou assorti ou rehausser une allure boh\u00e8me chic au quotidien.<\/p>\n<p>Couleurs : dor\u00e9, vert, rose<\/p>\n<p>Mati\u00e8re : acier inoxydable, cuivre dor\u00e9, quartz vert et rose, h\u00e9matite dor\u00e9 14k<\/p>\n<p>Occasions : mariage, cocktail, soir\u00e9e \u00e9l\u00e9gante, tenue du quotidien<\/p>\n<p>cmLongueur: environ<\/p>\n<p>&nbsp;<\/p>\n<p>&nbsp;<\/p>\n<p>&nbsp;<\/p>\n<p>&nbsp;<\/p>\n","protected":false},"excerpt":{"rendered":"<p>Onde \u00c9l\u00e9gante, c\u2019est un peu de moi que j\u2019offre au monde : un \u00e9clat boh\u00e8me, n\u00e9 du Jardin Boh\u00e8me, pour celles qui aiment porter leur histoire avec douceur et audace.<\/p>\n<p>Chaque bijou est personnalisable : les couleurs peuvent \u00eatre modifi\u00e9es pour s\u2019adapter \u00e0 la tenue.<\/p>\n<p>&nbsp;<\/p>\n","protected":false},"featured_media":2990,"comment_status":"open","ping_status":"closed","template":"","meta":[],"product_brand":[],"product_cat":[64,53,96,67],"product_tag":[],"class_list":{"0":"post-3015","1":"product","2":"type-product","3":"status-publish","4":"has-post-thumbnail","6":"product_cat-bijoux","7":"product_cat-bijoux-mariee","8":"product_cat-boucles","9":"product_cat-bouclesoreille","11":"first","12":"instock","13":"shipping-taxable","14":"purchasable","15":"product-type-simple"},"yoast_head":"<!-- This site is optimized with the Yoast SEO plugin v26.9 - https:\/\/yoast.com\/product\/yoast-seo-wordpress\/ -->\n<title>Boucles d&#039;oreilles Onde \u00e9l\u00e9gante - Perlya<\/title>\n<meta name=\"robots\" content=\"index, follow, max-snippet:-1, max-image-preview:large, max-video-preview:-1\" \/>\n<link rel=\"canonical\" href=\"https:\/\/perlya-bijoux.com\/index.php\/product\/boucles-doreilles-onde-elegante\/\" \/>\n<meta property=\"og:locale\" content=\"fr_FR\" \/>\n<meta property=\"og:type\" content=\"article\" \/>\n<meta property=\"og:title\" content=\"Boucles d&#039;oreilles Onde \u00e9l\u00e9gante - Perlya\" \/>\n<meta property=\"og:description\" content=\"Onde \u00c9l\u00e9gante, c\u2019est un peu de moi que j\u2019offre au monde : un \u00e9clat boh\u00e8me, n\u00e9 du Jardin Boh\u00e8me, pour celles qui aiment porter leur histoire avec douceur et audace.  Chaque bijou est personnalisable : les couleurs peuvent \u00eatre modifi\u00e9es pour s\u2019adapter \u00e0 la tenue.  &nbsp;\" \/>\n<meta property=\"og:url\" content=\"https:\/\/perlya-bijoux.com\/index.php\/product\/boucles-doreilles-onde-elegante\/\" \/>\n<meta property=\"og:site_name\" content=\"Perlya\" \/>\n<meta property=\"article:modified_time\" content=\"2025-11-29T19:26:40+00:00\" \/>\n<meta property=\"og:image\" content=\"http:\/\/perlya-bijoux.com\/wp-content\/uploads\/2025\/11\/onde-elegante-2-Modifie-scaled.jpg\" \/>\n\t<meta property=\"og:image:width\" content=\"2560\" \/>\n\t<meta property=\"og:image:height\" content=\"2560\" \/>\n\t<meta property=\"og:image:type\" content=\"image\/jpeg\" \/>\n<meta name=\"twitter:card\" content=\"summary_large_image\" \/>\n<meta name=\"twitter:label1\" content=\"Dur\u00e9e de lecture estim\u00e9e\" \/>\n\t<meta name=\"twitter:data1\" content=\"1 minute\" \/>\n<script type=\"application\/ld+json\" class=\"yoast-schema-graph\">{\"@context\":\"https:\/\/schema.org\",\"@graph\":[{\"@type\":\"WebPage\",\"@id\":\"https:\/\/perlya-bijoux.com\/index.php\/product\/boucles-doreilles-onde-elegante\/\",\"url\":\"https:\/\/perlya-bijoux.com\/index.php\/product\/boucles-doreilles-onde-elegante\/\",\"name\":\"Boucles d'oreilles Onde \u00e9l\u00e9gante - Perlya\",\"isPartOf\":{\"@id\":\"https:\/\/perlya-bijoux.com\/#website\"},\"primaryImageOfPage\":{\"@id\":\"https:\/\/perlya-bijoux.com\/index.php\/product\/boucles-doreilles-onde-elegante\/#primaryimage\"},\"image\":{\"@id\":\"https:\/\/perlya-bijoux.com\/index.php\/product\/boucles-doreilles-onde-elegante\/#primaryimage\"},\"thumbnailUrl\":\"https:\/\/perlya-bijoux.com\/wp-content\/uploads\/2025\/11\/onde-elegante-2-Modifie-scaled.jpg\",\"datePublished\":\"2025-11-22T21:35:00+00:00\",\"dateModified\":\"2025-11-29T19:26:40+00:00\",\"breadcrumb\":{\"@id\":\"https:\/\/perlya-bijoux.com\/index.php\/product\/boucles-doreilles-onde-elegante\/#breadcrumb\"},\"inLanguage\":\"fr-FR\",\"potentialAction\":[{\"@type\":\"ReadAction\",\"target\":[\"https:\/\/perlya-bijoux.com\/index.php\/product\/boucles-doreilles-onde-elegante\/\"]}]},{\"@type\":\"ImageObject\",\"inLanguage\":\"fr-FR\",\"@id\":\"https:\/\/perlya-bijoux.com\/index.php\/product\/boucles-doreilles-onde-elegante\/#primaryimage\",\"url\":\"https:\/\/perlya-bijoux.com\/wp-content\/uploads\/2025\/11\/onde-elegante-2-Modifie-scaled.jpg\",\"contentUrl\":\"https:\/\/perlya-bijoux.com\/wp-content\/uploads\/2025\/11\/onde-elegante-2-Modifie-scaled.jpg\",\"width\":2560,\"height\":2560},{\"@type\":\"BreadcrumbList\",\"@id\":\"https:\/\/perlya-bijoux.com\/index.php\/product\/boucles-doreilles-onde-elegante\/#breadcrumb\",\"itemListElement\":[{\"@type\":\"ListItem\",\"position\":1,\"name\":\"Accueil\",\"item\":\"https:\/\/perlya-bijoux.com\/\"},{\"@type\":\"ListItem\",\"position\":2,\"name\":\"Boutique\",\"item\":\"https:\/\/perlya-bijoux.com\/index.php\/boutique\/\"},{\"@type\":\"ListItem\",\"position\":3,\"name\":\"Boucles d&#8217;oreilles Onde \u00e9l\u00e9gante\"}]},{\"@type\":\"WebSite\",\"@id\":\"https:\/\/perlya-bijoux.com\/#website\",\"url\":\"https:\/\/perlya-bijoux.com\/\",\"name\":\"Perlya\",\"description\":\"\",\"potentialAction\":[{\"@type\":\"SearchAction\",\"target\":{\"@type\":\"EntryPoint\",\"urlTemplate\":\"https:\/\/perlya-bijoux.com\/?s={search_term_string}\"},\"query-input\":{\"@type\":\"PropertyValueSpecification\",\"valueRequired\":true,\"valueName\":\"search_term_string\"}}],\"inLanguage\":\"fr-FR\"}]}<\/script>\n<!-- \/ Yoast SEO plugin. -->","yoast_head_json":{"title":"Boucles d'oreilles Onde \u00e9l\u00e9gante - Perlya","robots":{"index":"index","follow":"follow","max-snippet":"max-snippet:-1","max-image-preview":"max-image-preview:large","max-video-preview":"max-video-preview:-1"},"canonical":"https:\/\/perlya-bijoux.com\/index.php\/product\/boucles-doreilles-onde-elegante\/","og_locale":"fr_FR","og_type":"article","og_title":"Boucles d'oreilles Onde \u00e9l\u00e9gante - Perlya","og_description":"Onde \u00c9l\u00e9gante, c\u2019est un peu de moi que j\u2019offre au monde : un \u00e9clat boh\u00e8me, n\u00e9 du Jardin Boh\u00e8me, pour celles qui aiment porter leur histoire avec douceur et audace.  Chaque bijou est personnalisable : les couleurs peuvent \u00eatre modifi\u00e9es pour s\u2019adapter \u00e0 la tenue.  &nbsp;","og_url":"https:\/\/perlya-bijoux.com\/index.php\/product\/boucles-doreilles-onde-elegante\/","og_site_name":"Perlya","article_modified_time":"2025-11-29T19:26:40+00:00","og_image":[{"width":2560,"height":2560,"url":"http:\/\/perlya-bijoux.com\/wp-content\/uploads\/2025\/11\/onde-elegante-2-Modifie-scaled.jpg","type":"image\/jpeg"}],"twitter_card":"summary_large_image","twitter_misc":{"Dur\u00e9e de lecture estim\u00e9e":"1 minute"},"schema":{"@context":"https:\/\/schema.org","@graph":[{"@type":"WebPage","@id":"https:\/\/perlya-bijoux.com\/index.php\/product\/boucles-doreilles-onde-elegante\/","url":"https:\/\/perlya-bijoux.com\/index.php\/product\/boucles-doreilles-onde-elegante\/","name":"Boucles d'oreilles Onde \u00e9l\u00e9gante - Perlya","isPartOf":{"@id":"https:\/\/perlya-bijoux.com\/#website"},"primaryImageOfPage":{"@id":"https:\/\/perlya-bijoux.com\/index.php\/product\/boucles-doreilles-onde-elegante\/#primaryimage"},"image":{"@id":"https:\/\/perlya-bijoux.com\/index.php\/product\/boucles-doreilles-onde-elegante\/#primaryimage"},"thumbnailUrl":"https:\/\/perlya-bijoux.com\/wp-content\/uploads\/2025\/11\/onde-elegante-2-Modifie-scaled.jpg","datePublished":"2025-11-22T21:35:00+00:00","dateModified":"2025-11-29T19:26:40+00:00","breadcrumb":{"@id":"https:\/\/perlya-bijoux.com\/index.php\/product\/boucles-doreilles-onde-elegante\/#breadcrumb"},"inLanguage":"fr-FR","potentialAction":[{"@type":"ReadAction","target":["https:\/\/perlya-bijoux.com\/index.php\/product\/boucles-doreilles-onde-elegante\/"]}]},{"@type":"ImageObject","inLanguage":"fr-FR","@id":"https:\/\/perlya-bijoux.com\/index.php\/product\/boucles-doreilles-onde-elegante\/#primaryimage","url":"https:\/\/perlya-bijoux.com\/wp-content\/uploads\/2025\/11\/onde-elegante-2-Modifie-scaled.jpg","contentUrl":"https:\/\/perlya-bijoux.com\/wp-content\/uploads\/2025\/11\/onde-elegante-2-Modifie-scaled.jpg","width":2560,"height":2560},{"@type":"BreadcrumbList","@id":"https:\/\/perlya-bijoux.com\/index.php\/product\/boucles-doreilles-onde-elegante\/#breadcrumb","itemListElement":[{"@type":"ListItem","position":1,"name":"Accueil","item":"https:\/\/perlya-bijoux.com\/"},{"@type":"ListItem","position":2,"name":"Boutique","item":"https:\/\/perlya-bijoux.com\/index.php\/boutique\/"},{"@type":"ListItem","position":3,"name":"Boucles d&#8217;oreilles Onde \u00e9l\u00e9gante"}]},{"@type":"WebSite","@id":"https:\/\/perlya-bijoux.com\/#website","url":"https:\/\/perlya-bijoux.com\/","name":"Perlya","description":"","potentialAction":[{"@type":"SearchAction","target":{"@type":"EntryPoint","urlTemplate":"https:\/\/perlya-bijoux.com\/?s={search_term_string}"},"query-input":{"@type":"PropertyValueSpecification","valueRequired":true,"valueName":"search_term_string"}}],"inLanguage":"fr-FR"}]}},"_links":{"self":[{"href":"https:\/\/perlya-bijoux.com\/index.php\/wp-json\/wp\/v2\/product\/3015","targetHints":{"allow":["GET"]}}],"collection":[{"href":"https:\/\/perlya-bijoux.com\/index.php\/wp-json\/wp\/v2\/product"}],"about":[{"href":"https:\/\/perlya-bijoux.com\/index.php\/wp-json\/wp\/v2\/types\/product"}],"replies":[{"embeddable":true,"href":"https:\/\/perlya-bijoux.com\/index.php\/wp-json\/wp\/v2\/comments?post=3015"}],"wp:featuredmedia":[{"embeddable":true,"href":"https:\/\/perlya-bijoux.com\/index.php\/wp-json\/wp\/v2\/media\/2990"}],"wp:attachment":[{"href":"https:\/\/perlya-bijoux.com\/index.php\/wp-json\/wp\/v2\/media?parent=3015"}],"wp:term":[{"taxonomy":"product_brand","embeddable":true,"href":"https:\/\/perlya-bijoux.com\/index.php\/wp-json\/wp\/v2\/product_brand?post=3015"},{"taxonomy":"product_cat","embeddable":true,"href":"https:\/\/perlya-bijoux.com\/index.php\/wp-json\/wp\/v2\/product_cat?post=3015"},{"taxonomy":"product_tag","embeddable":true,"href":"https:\/\/perlya-bijoux.com\/index.php\/wp-json\/wp\/v2\/product_tag?post=3015"}],"curies":[{"name":"wp","href":"https:\/\/api.w.org\/{rel}","templated":true}]}}