{"id":3016,"date":"2025-11-22T21:38:52","date_gmt":"2025-11-22T21:38:52","guid":{"rendered":"https:\/\/perlya-bijoux.com\/?post_type=product&#038;p=3016"},"modified":"2026-02-05T21:38:44","modified_gmt":"2026-02-05T21:38:44","slug":"boucles-doreilles-cristal-rose","status":"publish","type":"product","link":"https:\/\/perlya-bijoux.com\/index.php\/product\/boucles-doreilles-cristal-rose\/","title":{"rendered":"Boucles d&#8217;oreilles Cristal Rose"},"content":{"rendered":"<p><strong>C<\/strong>r\u00e9\u00e9es comme de v\u00e9ritables pi\u00e8ces uniques, les boucles d\u2019oreilles Cristal Rose associent l\u2019\u00e9clat durable de l\u2019acier inoxydable \u00e0 la finesse d\u2019une fleur en verre rose fa\u00e7onn\u00e9e avec d\u00e9licatesse.<\/p>\n<p>Leur design lumineux apporte une touche romantique et raffin\u00e9e \u00e0 chaque mouvement, faisant d\u2019elles un choix parfait pour accompagner vos journ\u00e9es, vos soir\u00e9es ou les moments les plus pr\u00e9cieux.<\/p>\n<p>Elles subliment une tenue avec naturel, et r\u00e9v\u00e8lent toute la beaut\u00e9 d\u2019une robe de mariage, offrant \u00e0 chaque mari\u00e9e une aura douce et unique.<\/p>\n<p>Longueur: environ 5 cm<\/p>\n","protected":false},"excerpt":{"rendered":"<p>Les boucles d\u2019oreilles Cristal Rose, faites en acier inoxydable et orn\u00e9es d\u2019une fleur en verre rose, sont des pi\u00e8ces uniques qui illuminent chaque tenue. Douces, \u00e9l\u00e9gantes et pleines de caract\u00e8re, elles se portent aussi bien au quotidien que pour une soir\u00e9e ou pour sublimer la robe d\u2019une mari\u00e9e unique.<\/p>\n","protected":false},"featured_media":3017,"comment_status":"open","ping_status":"closed","template":"","meta":[],"product_brand":[],"product_cat":[64,53,96,67],"product_tag":[],"class_list":{"0":"post-3016","1":"product","2":"type-product","3":"status-publish","4":"has-post-thumbnail","6":"product_cat-bijoux","7":"product_cat-bijoux-mariee","8":"product_cat-boucles","9":"product_cat-bouclesoreille","11":"first","12":"instock","13":"shipping-taxable","14":"purchasable","15":"product-type-simple"},"yoast_head":"<!-- This site is optimized with the Yoast SEO plugin v26.9 - https:\/\/yoast.com\/product\/yoast-seo-wordpress\/ -->\n<title>Boucles d&#039;oreilles Cristal Rose - Perlya<\/title>\n<meta name=\"robots\" content=\"index, follow, max-snippet:-1, max-image-preview:large, max-video-preview:-1\" \/>\n<link rel=\"canonical\" href=\"https:\/\/perlya-bijoux.com\/index.php\/product\/boucles-doreilles-cristal-rose\/\" \/>\n<meta property=\"og:locale\" content=\"fr_FR\" \/>\n<meta property=\"og:type\" content=\"article\" \/>\n<meta property=\"og:title\" content=\"Boucles d&#039;oreilles Cristal Rose - Perlya\" \/>\n<meta property=\"og:description\" content=\"Les boucles d\u2019oreilles Cristal Rose, faites en acier inoxydable et orn\u00e9es d\u2019une fleur en verre rose, sont des pi\u00e8ces uniques qui illuminent chaque tenue. Douces, \u00e9l\u00e9gantes et pleines de caract\u00e8re, elles se portent aussi bien au quotidien que pour une soir\u00e9e ou pour sublimer la robe d\u2019une mari\u00e9e unique.\" \/>\n<meta property=\"og:url\" content=\"https:\/\/perlya-bijoux.com\/index.php\/product\/boucles-doreilles-cristal-rose\/\" \/>\n<meta property=\"og:site_name\" content=\"Perlya\" \/>\n<meta property=\"article:modified_time\" content=\"2026-02-05T21:38:44+00:00\" \/>\n<meta property=\"og:image\" content=\"http:\/\/perlya-bijoux.com\/wp-content\/uploads\/2025\/11\/bc-cristal-rose-boheme-2-1.jpg\" \/>\n\t<meta property=\"og:image:width\" content=\"1374\" \/>\n\t<meta property=\"og:image:height\" content=\"1374\" \/>\n\t<meta property=\"og:image:type\" content=\"image\/jpeg\" \/>\n<meta name=\"twitter:card\" content=\"summary_large_image\" \/>\n<meta name=\"twitter:label1\" content=\"Dur\u00e9e de lecture estim\u00e9e\" \/>\n\t<meta name=\"twitter:data1\" content=\"1 minute\" \/>\n<script type=\"application\/ld+json\" class=\"yoast-schema-graph\">{\"@context\":\"https:\/\/schema.org\",\"@graph\":[{\"@type\":\"WebPage\",\"@id\":\"https:\/\/perlya-bijoux.com\/index.php\/product\/boucles-doreilles-cristal-rose\/\",\"url\":\"https:\/\/perlya-bijoux.com\/index.php\/product\/boucles-doreilles-cristal-rose\/\",\"name\":\"Boucles d'oreilles Cristal Rose - Perlya\",\"isPartOf\":{\"@id\":\"https:\/\/perlya-bijoux.com\/#website\"},\"primaryImageOfPage\":{\"@id\":\"https:\/\/perlya-bijoux.com\/index.php\/product\/boucles-doreilles-cristal-rose\/#primaryimage\"},\"image\":{\"@id\":\"https:\/\/perlya-bijoux.com\/index.php\/product\/boucles-doreilles-cristal-rose\/#primaryimage\"},\"thumbnailUrl\":\"https:\/\/perlya-bijoux.com\/wp-content\/uploads\/2025\/11\/bc-cristal-rose-boheme-2-1.jpg\",\"datePublished\":\"2025-11-22T21:38:52+00:00\",\"dateModified\":\"2026-02-05T21:38:44+00:00\",\"breadcrumb\":{\"@id\":\"https:\/\/perlya-bijoux.com\/index.php\/product\/boucles-doreilles-cristal-rose\/#breadcrumb\"},\"inLanguage\":\"fr-FR\",\"potentialAction\":[{\"@type\":\"ReadAction\",\"target\":[\"https:\/\/perlya-bijoux.com\/index.php\/product\/boucles-doreilles-cristal-rose\/\"]}]},{\"@type\":\"ImageObject\",\"inLanguage\":\"fr-FR\",\"@id\":\"https:\/\/perlya-bijoux.com\/index.php\/product\/boucles-doreilles-cristal-rose\/#primaryimage\",\"url\":\"https:\/\/perlya-bijoux.com\/wp-content\/uploads\/2025\/11\/bc-cristal-rose-boheme-2-1.jpg\",\"contentUrl\":\"https:\/\/perlya-bijoux.com\/wp-content\/uploads\/2025\/11\/bc-cristal-rose-boheme-2-1.jpg\",\"width\":1374,\"height\":1374},{\"@type\":\"BreadcrumbList\",\"@id\":\"https:\/\/perlya-bijoux.com\/index.php\/product\/boucles-doreilles-cristal-rose\/#breadcrumb\",\"itemListElement\":[{\"@type\":\"ListItem\",\"position\":1,\"name\":\"Accueil\",\"item\":\"https:\/\/perlya-bijoux.com\/\"},{\"@type\":\"ListItem\",\"position\":2,\"name\":\"Boutique\",\"item\":\"https:\/\/perlya-bijoux.com\/index.php\/boutique\/\"},{\"@type\":\"ListItem\",\"position\":3,\"name\":\"Boucles d&#8217;oreilles Cristal Rose\"}]},{\"@type\":\"WebSite\",\"@id\":\"https:\/\/perlya-bijoux.com\/#website\",\"url\":\"https:\/\/perlya-bijoux.com\/\",\"name\":\"Perlya\",\"description\":\"\",\"potentialAction\":[{\"@type\":\"SearchAction\",\"target\":{\"@type\":\"EntryPoint\",\"urlTemplate\":\"https:\/\/perlya-bijoux.com\/?s={search_term_string}\"},\"query-input\":{\"@type\":\"PropertyValueSpecification\",\"valueRequired\":true,\"valueName\":\"search_term_string\"}}],\"inLanguage\":\"fr-FR\"}]}<\/script>\n<!-- \/ Yoast SEO plugin. -->","yoast_head_json":{"title":"Boucles d'oreilles Cristal Rose - Perlya","robots":{"index":"index","follow":"follow","max-snippet":"max-snippet:-1","max-image-preview":"max-image-preview:large","max-video-preview":"max-video-preview:-1"},"canonical":"https:\/\/perlya-bijoux.com\/index.php\/product\/boucles-doreilles-cristal-rose\/","og_locale":"fr_FR","og_type":"article","og_title":"Boucles d'oreilles Cristal Rose - Perlya","og_description":"Les boucles d\u2019oreilles Cristal Rose, faites en acier inoxydable et orn\u00e9es d\u2019une fleur en verre rose, sont des pi\u00e8ces uniques qui illuminent chaque tenue. Douces, \u00e9l\u00e9gantes et pleines de caract\u00e8re, elles se portent aussi bien au quotidien que pour une soir\u00e9e ou pour sublimer la robe d\u2019une mari\u00e9e unique.","og_url":"https:\/\/perlya-bijoux.com\/index.php\/product\/boucles-doreilles-cristal-rose\/","og_site_name":"Perlya","article_modified_time":"2026-02-05T21:38:44+00:00","og_image":[{"width":1374,"height":1374,"url":"http:\/\/perlya-bijoux.com\/wp-content\/uploads\/2025\/11\/bc-cristal-rose-boheme-2-1.jpg","type":"image\/jpeg"}],"twitter_card":"summary_large_image","twitter_misc":{"Dur\u00e9e de lecture estim\u00e9e":"1 minute"},"schema":{"@context":"https:\/\/schema.org","@graph":[{"@type":"WebPage","@id":"https:\/\/perlya-bijoux.com\/index.php\/product\/boucles-doreilles-cristal-rose\/","url":"https:\/\/perlya-bijoux.com\/index.php\/product\/boucles-doreilles-cristal-rose\/","name":"Boucles d'oreilles Cristal Rose - Perlya","isPartOf":{"@id":"https:\/\/perlya-bijoux.com\/#website"},"primaryImageOfPage":{"@id":"https:\/\/perlya-bijoux.com\/index.php\/product\/boucles-doreilles-cristal-rose\/#primaryimage"},"image":{"@id":"https:\/\/perlya-bijoux.com\/index.php\/product\/boucles-doreilles-cristal-rose\/#primaryimage"},"thumbnailUrl":"https:\/\/perlya-bijoux.com\/wp-content\/uploads\/2025\/11\/bc-cristal-rose-boheme-2-1.jpg","datePublished":"2025-11-22T21:38:52+00:00","dateModified":"2026-02-05T21:38:44+00:00","breadcrumb":{"@id":"https:\/\/perlya-bijoux.com\/index.php\/product\/boucles-doreilles-cristal-rose\/#breadcrumb"},"inLanguage":"fr-FR","potentialAction":[{"@type":"ReadAction","target":["https:\/\/perlya-bijoux.com\/index.php\/product\/boucles-doreilles-cristal-rose\/"]}]},{"@type":"ImageObject","inLanguage":"fr-FR","@id":"https:\/\/perlya-bijoux.com\/index.php\/product\/boucles-doreilles-cristal-rose\/#primaryimage","url":"https:\/\/perlya-bijoux.com\/wp-content\/uploads\/2025\/11\/bc-cristal-rose-boheme-2-1.jpg","contentUrl":"https:\/\/perlya-bijoux.com\/wp-content\/uploads\/2025\/11\/bc-cristal-rose-boheme-2-1.jpg","width":1374,"height":1374},{"@type":"BreadcrumbList","@id":"https:\/\/perlya-bijoux.com\/index.php\/product\/boucles-doreilles-cristal-rose\/#breadcrumb","itemListElement":[{"@type":"ListItem","position":1,"name":"Accueil","item":"https:\/\/perlya-bijoux.com\/"},{"@type":"ListItem","position":2,"name":"Boutique","item":"https:\/\/perlya-bijoux.com\/index.php\/boutique\/"},{"@type":"ListItem","position":3,"name":"Boucles d&#8217;oreilles Cristal Rose"}]},{"@type":"WebSite","@id":"https:\/\/perlya-bijoux.com\/#website","url":"https:\/\/perlya-bijoux.com\/","name":"Perlya","description":"","potentialAction":[{"@type":"SearchAction","target":{"@type":"EntryPoint","urlTemplate":"https:\/\/perlya-bijoux.com\/?s={search_term_string}"},"query-input":{"@type":"PropertyValueSpecification","valueRequired":true,"valueName":"search_term_string"}}],"inLanguage":"fr-FR"}]}},"_links":{"self":[{"href":"https:\/\/perlya-bijoux.com\/index.php\/wp-json\/wp\/v2\/product\/3016","targetHints":{"allow":["GET"]}}],"collection":[{"href":"https:\/\/perlya-bijoux.com\/index.php\/wp-json\/wp\/v2\/product"}],"about":[{"href":"https:\/\/perlya-bijoux.com\/index.php\/wp-json\/wp\/v2\/types\/product"}],"replies":[{"embeddable":true,"href":"https:\/\/perlya-bijoux.com\/index.php\/wp-json\/wp\/v2\/comments?post=3016"}],"wp:featuredmedia":[{"embeddable":true,"href":"https:\/\/perlya-bijoux.com\/index.php\/wp-json\/wp\/v2\/media\/3017"}],"wp:attachment":[{"href":"https:\/\/perlya-bijoux.com\/index.php\/wp-json\/wp\/v2\/media?parent=3016"}],"wp:term":[{"taxonomy":"product_brand","embeddable":true,"href":"https:\/\/perlya-bijoux.com\/index.php\/wp-json\/wp\/v2\/product_brand?post=3016"},{"taxonomy":"product_cat","embeddable":true,"href":"https:\/\/perlya-bijoux.com\/index.php\/wp-json\/wp\/v2\/product_cat?post=3016"},{"taxonomy":"product_tag","embeddable":true,"href":"https:\/\/perlya-bijoux.com\/index.php\/wp-json\/wp\/v2\/product_tag?post=3016"}],"curies":[{"name":"wp","href":"https:\/\/api.w.org\/{rel}","templated":true}]}}