{"id":3026,"date":"2025-11-22T21:54:41","date_gmt":"2025-11-22T21:54:41","guid":{"rendered":"https:\/\/perlya-bijoux.com\/?post_type=product&#038;p=3026"},"modified":"2026-02-05T21:37:54","modified_gmt":"2026-02-05T21:37:54","slug":"bracelet-coeur-boheme","status":"publish","type":"product","link":"https:\/\/perlya-bijoux.com\/index.php\/product\/bracelet-coeur-boheme\/","title":{"rendered":"Bracelet Coeur boh\u00e8me"},"content":{"rendered":"<p>Ce bracelet fait main, cr\u00e9\u00e9 comme une pi\u00e8ce unique, associe l\u2019\u00e9clat de l\u2019acier inoxydable \u00e0 la douceur d\u2019un c\u0153ur en coquillage.<\/p>\n<p>\u00c9l\u00e9gant et intemporel, il accompagne chaque tenue avec d\u00e9licatesse, que ce soit pour un moment important, une soir\u00e9e ou pour honorer la beaut\u00e9 d\u2019une mari\u00e9e.<\/p>\n<p>Mat\u00e9riaux: acier inoxydable , perles h\u00e9matites dor\u00e9 14k et c\u0153ur en coquillage<\/p>\n<p>Longueur: 16,5 cm + 2 cm<\/p>\n","protected":false},"excerpt":{"rendered":"<p><strong>Un bracelet fait main, d\u00e9licat et unique, dont le c\u0153ur en coquillage apporte une touche d\u2019\u00e9clat \u00e0 chaque instant important.<\/strong><\/p>\n","protected":false},"featured_media":3025,"comment_status":"open","ping_status":"closed","template":"","meta":[],"product_brand":[],"product_cat":[64,53,70,129],"product_tag":[],"class_list":{"0":"post-3026","1":"product","2":"type-product","3":"status-publish","4":"has-post-thumbnail","6":"product_cat-bijoux","7":"product_cat-bijoux-mariee","8":"product_cat-bracelets","9":"product_cat-bracelets-bijoux","11":"first","12":"instock","13":"shipping-taxable","14":"purchasable","15":"product-type-simple"},"yoast_head":"<!-- This site is optimized with the Yoast SEO plugin v26.9 - https:\/\/yoast.com\/product\/yoast-seo-wordpress\/ -->\n<title>Bracelet Coeur boh\u00e8me - Perlya<\/title>\n<meta name=\"robots\" content=\"index, follow, max-snippet:-1, max-image-preview:large, max-video-preview:-1\" \/>\n<link rel=\"canonical\" href=\"https:\/\/perlya-bijoux.com\/index.php\/product\/bracelet-coeur-boheme\/\" \/>\n<meta property=\"og:locale\" content=\"fr_FR\" \/>\n<meta property=\"og:type\" content=\"article\" \/>\n<meta property=\"og:title\" content=\"Bracelet Coeur boh\u00e8me - Perlya\" \/>\n<meta property=\"og:description\" content=\"Un bracelet fait main, d\u00e9licat et unique, dont le c\u0153ur en coquillage apporte une touche d\u2019\u00e9clat \u00e0 chaque instant important.\" \/>\n<meta property=\"og:url\" content=\"https:\/\/perlya-bijoux.com\/index.php\/product\/bracelet-coeur-boheme\/\" \/>\n<meta property=\"og:site_name\" content=\"Perlya\" \/>\n<meta property=\"article:modified_time\" content=\"2026-02-05T21:37:54+00:00\" \/>\n<meta property=\"og:image\" content=\"http:\/\/perlya-bijoux.com\/wp-content\/uploads\/2025\/11\/IMG_20251020_071853.jpg\" \/>\n\t<meta property=\"og:image:width\" content=\"1502\" \/>\n\t<meta property=\"og:image:height\" content=\"1501\" \/>\n\t<meta property=\"og:image:type\" content=\"image\/jpeg\" \/>\n<meta name=\"twitter:card\" content=\"summary_large_image\" \/>\n<meta name=\"twitter:label1\" content=\"Dur\u00e9e de lecture estim\u00e9e\" \/>\n\t<meta name=\"twitter:data1\" content=\"1 minute\" \/>\n<script type=\"application\/ld+json\" class=\"yoast-schema-graph\">{\"@context\":\"https:\/\/schema.org\",\"@graph\":[{\"@type\":\"WebPage\",\"@id\":\"https:\/\/perlya-bijoux.com\/index.php\/product\/bracelet-coeur-boheme\/\",\"url\":\"https:\/\/perlya-bijoux.com\/index.php\/product\/bracelet-coeur-boheme\/\",\"name\":\"Bracelet Coeur boh\u00e8me - Perlya\",\"isPartOf\":{\"@id\":\"https:\/\/perlya-bijoux.com\/#website\"},\"primaryImageOfPage\":{\"@id\":\"https:\/\/perlya-bijoux.com\/index.php\/product\/bracelet-coeur-boheme\/#primaryimage\"},\"image\":{\"@id\":\"https:\/\/perlya-bijoux.com\/index.php\/product\/bracelet-coeur-boheme\/#primaryimage\"},\"thumbnailUrl\":\"https:\/\/perlya-bijoux.com\/wp-content\/uploads\/2025\/11\/IMG_20251020_071853.jpg\",\"datePublished\":\"2025-11-22T21:54:41+00:00\",\"dateModified\":\"2026-02-05T21:37:54+00:00\",\"breadcrumb\":{\"@id\":\"https:\/\/perlya-bijoux.com\/index.php\/product\/bracelet-coeur-boheme\/#breadcrumb\"},\"inLanguage\":\"fr-FR\",\"potentialAction\":[{\"@type\":\"ReadAction\",\"target\":[\"https:\/\/perlya-bijoux.com\/index.php\/product\/bracelet-coeur-boheme\/\"]}]},{\"@type\":\"ImageObject\",\"inLanguage\":\"fr-FR\",\"@id\":\"https:\/\/perlya-bijoux.com\/index.php\/product\/bracelet-coeur-boheme\/#primaryimage\",\"url\":\"https:\/\/perlya-bijoux.com\/wp-content\/uploads\/2025\/11\/IMG_20251020_071853.jpg\",\"contentUrl\":\"https:\/\/perlya-bijoux.com\/wp-content\/uploads\/2025\/11\/IMG_20251020_071853.jpg\",\"width\":1502,\"height\":1501},{\"@type\":\"BreadcrumbList\",\"@id\":\"https:\/\/perlya-bijoux.com\/index.php\/product\/bracelet-coeur-boheme\/#breadcrumb\",\"itemListElement\":[{\"@type\":\"ListItem\",\"position\":1,\"name\":\"Accueil\",\"item\":\"https:\/\/perlya-bijoux.com\/\"},{\"@type\":\"ListItem\",\"position\":2,\"name\":\"Boutique\",\"item\":\"https:\/\/perlya-bijoux.com\/index.php\/boutique\/\"},{\"@type\":\"ListItem\",\"position\":3,\"name\":\"Bracelet Coeur boh\u00e8me\"}]},{\"@type\":\"WebSite\",\"@id\":\"https:\/\/perlya-bijoux.com\/#website\",\"url\":\"https:\/\/perlya-bijoux.com\/\",\"name\":\"Perlya\",\"description\":\"\",\"potentialAction\":[{\"@type\":\"SearchAction\",\"target\":{\"@type\":\"EntryPoint\",\"urlTemplate\":\"https:\/\/perlya-bijoux.com\/?s={search_term_string}\"},\"query-input\":{\"@type\":\"PropertyValueSpecification\",\"valueRequired\":true,\"valueName\":\"search_term_string\"}}],\"inLanguage\":\"fr-FR\"}]}<\/script>\n<!-- \/ Yoast SEO plugin. -->","yoast_head_json":{"title":"Bracelet Coeur boh\u00e8me - Perlya","robots":{"index":"index","follow":"follow","max-snippet":"max-snippet:-1","max-image-preview":"max-image-preview:large","max-video-preview":"max-video-preview:-1"},"canonical":"https:\/\/perlya-bijoux.com\/index.php\/product\/bracelet-coeur-boheme\/","og_locale":"fr_FR","og_type":"article","og_title":"Bracelet Coeur boh\u00e8me - Perlya","og_description":"Un bracelet fait main, d\u00e9licat et unique, dont le c\u0153ur en coquillage apporte une touche d\u2019\u00e9clat \u00e0 chaque instant important.","og_url":"https:\/\/perlya-bijoux.com\/index.php\/product\/bracelet-coeur-boheme\/","og_site_name":"Perlya","article_modified_time":"2026-02-05T21:37:54+00:00","og_image":[{"width":1502,"height":1501,"url":"http:\/\/perlya-bijoux.com\/wp-content\/uploads\/2025\/11\/IMG_20251020_071853.jpg","type":"image\/jpeg"}],"twitter_card":"summary_large_image","twitter_misc":{"Dur\u00e9e de lecture estim\u00e9e":"1 minute"},"schema":{"@context":"https:\/\/schema.org","@graph":[{"@type":"WebPage","@id":"https:\/\/perlya-bijoux.com\/index.php\/product\/bracelet-coeur-boheme\/","url":"https:\/\/perlya-bijoux.com\/index.php\/product\/bracelet-coeur-boheme\/","name":"Bracelet Coeur boh\u00e8me - Perlya","isPartOf":{"@id":"https:\/\/perlya-bijoux.com\/#website"},"primaryImageOfPage":{"@id":"https:\/\/perlya-bijoux.com\/index.php\/product\/bracelet-coeur-boheme\/#primaryimage"},"image":{"@id":"https:\/\/perlya-bijoux.com\/index.php\/product\/bracelet-coeur-boheme\/#primaryimage"},"thumbnailUrl":"https:\/\/perlya-bijoux.com\/wp-content\/uploads\/2025\/11\/IMG_20251020_071853.jpg","datePublished":"2025-11-22T21:54:41+00:00","dateModified":"2026-02-05T21:37:54+00:00","breadcrumb":{"@id":"https:\/\/perlya-bijoux.com\/index.php\/product\/bracelet-coeur-boheme\/#breadcrumb"},"inLanguage":"fr-FR","potentialAction":[{"@type":"ReadAction","target":["https:\/\/perlya-bijoux.com\/index.php\/product\/bracelet-coeur-boheme\/"]}]},{"@type":"ImageObject","inLanguage":"fr-FR","@id":"https:\/\/perlya-bijoux.com\/index.php\/product\/bracelet-coeur-boheme\/#primaryimage","url":"https:\/\/perlya-bijoux.com\/wp-content\/uploads\/2025\/11\/IMG_20251020_071853.jpg","contentUrl":"https:\/\/perlya-bijoux.com\/wp-content\/uploads\/2025\/11\/IMG_20251020_071853.jpg","width":1502,"height":1501},{"@type":"BreadcrumbList","@id":"https:\/\/perlya-bijoux.com\/index.php\/product\/bracelet-coeur-boheme\/#breadcrumb","itemListElement":[{"@type":"ListItem","position":1,"name":"Accueil","item":"https:\/\/perlya-bijoux.com\/"},{"@type":"ListItem","position":2,"name":"Boutique","item":"https:\/\/perlya-bijoux.com\/index.php\/boutique\/"},{"@type":"ListItem","position":3,"name":"Bracelet Coeur boh\u00e8me"}]},{"@type":"WebSite","@id":"https:\/\/perlya-bijoux.com\/#website","url":"https:\/\/perlya-bijoux.com\/","name":"Perlya","description":"","potentialAction":[{"@type":"SearchAction","target":{"@type":"EntryPoint","urlTemplate":"https:\/\/perlya-bijoux.com\/?s={search_term_string}"},"query-input":{"@type":"PropertyValueSpecification","valueRequired":true,"valueName":"search_term_string"}}],"inLanguage":"fr-FR"}]}},"_links":{"self":[{"href":"https:\/\/perlya-bijoux.com\/index.php\/wp-json\/wp\/v2\/product\/3026","targetHints":{"allow":["GET"]}}],"collection":[{"href":"https:\/\/perlya-bijoux.com\/index.php\/wp-json\/wp\/v2\/product"}],"about":[{"href":"https:\/\/perlya-bijoux.com\/index.php\/wp-json\/wp\/v2\/types\/product"}],"replies":[{"embeddable":true,"href":"https:\/\/perlya-bijoux.com\/index.php\/wp-json\/wp\/v2\/comments?post=3026"}],"wp:featuredmedia":[{"embeddable":true,"href":"https:\/\/perlya-bijoux.com\/index.php\/wp-json\/wp\/v2\/media\/3025"}],"wp:attachment":[{"href":"https:\/\/perlya-bijoux.com\/index.php\/wp-json\/wp\/v2\/media?parent=3026"}],"wp:term":[{"taxonomy":"product_brand","embeddable":true,"href":"https:\/\/perlya-bijoux.com\/index.php\/wp-json\/wp\/v2\/product_brand?post=3026"},{"taxonomy":"product_cat","embeddable":true,"href":"https:\/\/perlya-bijoux.com\/index.php\/wp-json\/wp\/v2\/product_cat?post=3026"},{"taxonomy":"product_tag","embeddable":true,"href":"https:\/\/perlya-bijoux.com\/index.php\/wp-json\/wp\/v2\/product_tag?post=3026"}],"curies":[{"name":"wp","href":"https:\/\/api.w.org\/{rel}","templated":true}]}}