{"id":3037,"date":"2025-11-22T22:09:57","date_gmt":"2025-11-22T22:09:57","guid":{"rendered":"https:\/\/perlya-bijoux.com\/?post_type=product&#038;p=3037"},"modified":"2026-02-03T20:46:04","modified_gmt":"2026-02-03T20:46:04","slug":"boucles-doreilles-eclat-dazur","status":"publish","type":"product","link":"https:\/\/perlya-bijoux.com\/index.php\/product\/boucles-doreilles-eclat-dazur\/","title":{"rendered":"Boucles d&#8217;oreilles Eclat d&#8217;azur"},"content":{"rendered":"<p>Les boucles d\u2019oreilles <em>\u00c9clat d\u2019Azur<\/em> incarnent la rencontre parfaite entre d\u00e9licatesse et caract\u00e8re. Leur composition de petites pierres bleu profond et d\u2019\u00e9l\u00e9ments nacr\u00e9s capte la lumi\u00e8re avec une intensit\u00e9 subtile, cr\u00e9ant un jeu d\u2019\u00e9clats qui illumine naturellement le visage.<\/p>\n<p>Chaque d\u00e9tail est pens\u00e9 pour offrir un charme unique : le contraste des teintes, la brillance du dor\u00e9, la finesse de l\u2019assemblage.<\/p>\n<p>Ces boucles ne se contentent pas d\u2019accompagner une tenue ; elles la subliment, lui apportant une touche de po\u00e9sie et de sophistication. Port\u00e9es en journ\u00e9e ou en soir\u00e9e, elles r\u00e9v\u00e8lent un style affirm\u00e9 tout en restant d\u2019une \u00e9l\u00e9gance intemporelle.<\/p>\n<p>Un bijou cr\u00e9\u00e9 pour celles qui cherchent \u00e0 souligner leur beaut\u00e9 avec douceur, gr\u00e2ce et unicit\u00e9.<\/p>\n<p>Mat\u00e9riaux: perle coquillage forme c\u0153ur, acier inoxydable, perles nacr\u00e9es, h\u00e9matites dor\u00e9 14k<\/p>\n","protected":false},"excerpt":{"rendered":"<p>Ces boucles d\u2019oreilles \u00c9clat d\u2019Azur captent la lumi\u00e8re avec une douceur irr\u00e9sistible.<\/p>\n<p>Leur combinaison d\u00e9licate de nuances bleut\u00e9es et nacr\u00e9es en fait un mod\u00e8le unique, capable d\u2019embellir instantan\u00e9ment n\u2019importe quelle tenue.<\/p>\n<p>Un bijou qui sublime le visage avec gr\u00e2ce et \u00e9l\u00e9gance.<\/p>\n<p>&nbsp;<\/p>\n","protected":false},"featured_media":3039,"comment_status":"open","ping_status":"closed","template":"","meta":[],"product_brand":[],"product_cat":[64,53,96,67],"product_tag":[],"class_list":{"0":"post-3037","1":"product","2":"type-product","3":"status-publish","4":"has-post-thumbnail","6":"product_cat-bijoux","7":"product_cat-bijoux-mariee","8":"product_cat-boucles","9":"product_cat-bouclesoreille","11":"first","12":"instock","13":"shipping-taxable","14":"purchasable","15":"product-type-simple"},"yoast_head":"<!-- This site is optimized with the Yoast SEO plugin v26.9 - https:\/\/yoast.com\/product\/yoast-seo-wordpress\/ -->\n<title>Boucles d&#039;oreilles Eclat d&#039;azur - Perlya<\/title>\n<meta name=\"robots\" content=\"index, follow, max-snippet:-1, max-image-preview:large, max-video-preview:-1\" \/>\n<link rel=\"canonical\" href=\"https:\/\/perlya-bijoux.com\/index.php\/product\/boucles-doreilles-eclat-dazur\/\" \/>\n<meta property=\"og:locale\" content=\"fr_FR\" \/>\n<meta property=\"og:type\" content=\"article\" \/>\n<meta property=\"og:title\" content=\"Boucles d&#039;oreilles Eclat d&#039;azur - Perlya\" \/>\n<meta property=\"og:description\" content=\"Ces boucles d\u2019oreilles \u00c9clat d\u2019Azur captent la lumi\u00e8re avec une douceur irr\u00e9sistible.  Leur combinaison d\u00e9licate de nuances bleut\u00e9es et nacr\u00e9es en fait un mod\u00e8le unique, capable d\u2019embellir instantan\u00e9ment n\u2019importe quelle tenue.  Un bijou qui sublime le visage avec gr\u00e2ce et \u00e9l\u00e9gance.  &nbsp;\" \/>\n<meta property=\"og:url\" content=\"https:\/\/perlya-bijoux.com\/index.php\/product\/boucles-doreilles-eclat-dazur\/\" \/>\n<meta property=\"og:site_name\" content=\"Perlya\" \/>\n<meta property=\"article:modified_time\" content=\"2026-02-03T20:46:04+00:00\" \/>\n<meta property=\"og:image\" content=\"http:\/\/perlya-bijoux.com\/wp-content\/uploads\/2025\/11\/boucle-eclat-dazur-scaled.jpg\" \/>\n\t<meta property=\"og:image:width\" content=\"2560\" \/>\n\t<meta property=\"og:image:height\" content=\"2560\" \/>\n\t<meta property=\"og:image:type\" content=\"image\/jpeg\" \/>\n<meta name=\"twitter:card\" content=\"summary_large_image\" \/>\n<meta name=\"twitter:label1\" content=\"Dur\u00e9e de lecture estim\u00e9e\" \/>\n\t<meta name=\"twitter:data1\" content=\"1 minute\" \/>\n<script type=\"application\/ld+json\" class=\"yoast-schema-graph\">{\"@context\":\"https:\/\/schema.org\",\"@graph\":[{\"@type\":\"WebPage\",\"@id\":\"https:\/\/perlya-bijoux.com\/index.php\/product\/boucles-doreilles-eclat-dazur\/\",\"url\":\"https:\/\/perlya-bijoux.com\/index.php\/product\/boucles-doreilles-eclat-dazur\/\",\"name\":\"Boucles d'oreilles Eclat d'azur - Perlya\",\"isPartOf\":{\"@id\":\"https:\/\/perlya-bijoux.com\/#website\"},\"primaryImageOfPage\":{\"@id\":\"https:\/\/perlya-bijoux.com\/index.php\/product\/boucles-doreilles-eclat-dazur\/#primaryimage\"},\"image\":{\"@id\":\"https:\/\/perlya-bijoux.com\/index.php\/product\/boucles-doreilles-eclat-dazur\/#primaryimage\"},\"thumbnailUrl\":\"https:\/\/perlya-bijoux.com\/wp-content\/uploads\/2025\/11\/boucle-eclat-dazur-scaled.jpg\",\"datePublished\":\"2025-11-22T22:09:57+00:00\",\"dateModified\":\"2026-02-03T20:46:04+00:00\",\"breadcrumb\":{\"@id\":\"https:\/\/perlya-bijoux.com\/index.php\/product\/boucles-doreilles-eclat-dazur\/#breadcrumb\"},\"inLanguage\":\"fr-FR\",\"potentialAction\":[{\"@type\":\"ReadAction\",\"target\":[\"https:\/\/perlya-bijoux.com\/index.php\/product\/boucles-doreilles-eclat-dazur\/\"]}]},{\"@type\":\"ImageObject\",\"inLanguage\":\"fr-FR\",\"@id\":\"https:\/\/perlya-bijoux.com\/index.php\/product\/boucles-doreilles-eclat-dazur\/#primaryimage\",\"url\":\"https:\/\/perlya-bijoux.com\/wp-content\/uploads\/2025\/11\/boucle-eclat-dazur-scaled.jpg\",\"contentUrl\":\"https:\/\/perlya-bijoux.com\/wp-content\/uploads\/2025\/11\/boucle-eclat-dazur-scaled.jpg\",\"width\":2560,\"height\":2560},{\"@type\":\"BreadcrumbList\",\"@id\":\"https:\/\/perlya-bijoux.com\/index.php\/product\/boucles-doreilles-eclat-dazur\/#breadcrumb\",\"itemListElement\":[{\"@type\":\"ListItem\",\"position\":1,\"name\":\"Accueil\",\"item\":\"https:\/\/perlya-bijoux.com\/\"},{\"@type\":\"ListItem\",\"position\":2,\"name\":\"Boutique\",\"item\":\"https:\/\/perlya-bijoux.com\/index.php\/boutique\/\"},{\"@type\":\"ListItem\",\"position\":3,\"name\":\"Boucles d&#8217;oreilles Eclat d&#8217;azur\"}]},{\"@type\":\"WebSite\",\"@id\":\"https:\/\/perlya-bijoux.com\/#website\",\"url\":\"https:\/\/perlya-bijoux.com\/\",\"name\":\"Perlya\",\"description\":\"\",\"potentialAction\":[{\"@type\":\"SearchAction\",\"target\":{\"@type\":\"EntryPoint\",\"urlTemplate\":\"https:\/\/perlya-bijoux.com\/?s={search_term_string}\"},\"query-input\":{\"@type\":\"PropertyValueSpecification\",\"valueRequired\":true,\"valueName\":\"search_term_string\"}}],\"inLanguage\":\"fr-FR\"}]}<\/script>\n<!-- \/ Yoast SEO plugin. -->","yoast_head_json":{"title":"Boucles d'oreilles Eclat d'azur - Perlya","robots":{"index":"index","follow":"follow","max-snippet":"max-snippet:-1","max-image-preview":"max-image-preview:large","max-video-preview":"max-video-preview:-1"},"canonical":"https:\/\/perlya-bijoux.com\/index.php\/product\/boucles-doreilles-eclat-dazur\/","og_locale":"fr_FR","og_type":"article","og_title":"Boucles d'oreilles Eclat d'azur - Perlya","og_description":"Ces boucles d\u2019oreilles \u00c9clat d\u2019Azur captent la lumi\u00e8re avec une douceur irr\u00e9sistible.  Leur combinaison d\u00e9licate de nuances bleut\u00e9es et nacr\u00e9es en fait un mod\u00e8le unique, capable d\u2019embellir instantan\u00e9ment n\u2019importe quelle tenue.  Un bijou qui sublime le visage avec gr\u00e2ce et \u00e9l\u00e9gance.  &nbsp;","og_url":"https:\/\/perlya-bijoux.com\/index.php\/product\/boucles-doreilles-eclat-dazur\/","og_site_name":"Perlya","article_modified_time":"2026-02-03T20:46:04+00:00","og_image":[{"width":2560,"height":2560,"url":"http:\/\/perlya-bijoux.com\/wp-content\/uploads\/2025\/11\/boucle-eclat-dazur-scaled.jpg","type":"image\/jpeg"}],"twitter_card":"summary_large_image","twitter_misc":{"Dur\u00e9e de lecture estim\u00e9e":"1 minute"},"schema":{"@context":"https:\/\/schema.org","@graph":[{"@type":"WebPage","@id":"https:\/\/perlya-bijoux.com\/index.php\/product\/boucles-doreilles-eclat-dazur\/","url":"https:\/\/perlya-bijoux.com\/index.php\/product\/boucles-doreilles-eclat-dazur\/","name":"Boucles d'oreilles Eclat d'azur - Perlya","isPartOf":{"@id":"https:\/\/perlya-bijoux.com\/#website"},"primaryImageOfPage":{"@id":"https:\/\/perlya-bijoux.com\/index.php\/product\/boucles-doreilles-eclat-dazur\/#primaryimage"},"image":{"@id":"https:\/\/perlya-bijoux.com\/index.php\/product\/boucles-doreilles-eclat-dazur\/#primaryimage"},"thumbnailUrl":"https:\/\/perlya-bijoux.com\/wp-content\/uploads\/2025\/11\/boucle-eclat-dazur-scaled.jpg","datePublished":"2025-11-22T22:09:57+00:00","dateModified":"2026-02-03T20:46:04+00:00","breadcrumb":{"@id":"https:\/\/perlya-bijoux.com\/index.php\/product\/boucles-doreilles-eclat-dazur\/#breadcrumb"},"inLanguage":"fr-FR","potentialAction":[{"@type":"ReadAction","target":["https:\/\/perlya-bijoux.com\/index.php\/product\/boucles-doreilles-eclat-dazur\/"]}]},{"@type":"ImageObject","inLanguage":"fr-FR","@id":"https:\/\/perlya-bijoux.com\/index.php\/product\/boucles-doreilles-eclat-dazur\/#primaryimage","url":"https:\/\/perlya-bijoux.com\/wp-content\/uploads\/2025\/11\/boucle-eclat-dazur-scaled.jpg","contentUrl":"https:\/\/perlya-bijoux.com\/wp-content\/uploads\/2025\/11\/boucle-eclat-dazur-scaled.jpg","width":2560,"height":2560},{"@type":"BreadcrumbList","@id":"https:\/\/perlya-bijoux.com\/index.php\/product\/boucles-doreilles-eclat-dazur\/#breadcrumb","itemListElement":[{"@type":"ListItem","position":1,"name":"Accueil","item":"https:\/\/perlya-bijoux.com\/"},{"@type":"ListItem","position":2,"name":"Boutique","item":"https:\/\/perlya-bijoux.com\/index.php\/boutique\/"},{"@type":"ListItem","position":3,"name":"Boucles d&#8217;oreilles Eclat d&#8217;azur"}]},{"@type":"WebSite","@id":"https:\/\/perlya-bijoux.com\/#website","url":"https:\/\/perlya-bijoux.com\/","name":"Perlya","description":"","potentialAction":[{"@type":"SearchAction","target":{"@type":"EntryPoint","urlTemplate":"https:\/\/perlya-bijoux.com\/?s={search_term_string}"},"query-input":{"@type":"PropertyValueSpecification","valueRequired":true,"valueName":"search_term_string"}}],"inLanguage":"fr-FR"}]}},"_links":{"self":[{"href":"https:\/\/perlya-bijoux.com\/index.php\/wp-json\/wp\/v2\/product\/3037","targetHints":{"allow":["GET"]}}],"collection":[{"href":"https:\/\/perlya-bijoux.com\/index.php\/wp-json\/wp\/v2\/product"}],"about":[{"href":"https:\/\/perlya-bijoux.com\/index.php\/wp-json\/wp\/v2\/types\/product"}],"replies":[{"embeddable":true,"href":"https:\/\/perlya-bijoux.com\/index.php\/wp-json\/wp\/v2\/comments?post=3037"}],"wp:featuredmedia":[{"embeddable":true,"href":"https:\/\/perlya-bijoux.com\/index.php\/wp-json\/wp\/v2\/media\/3039"}],"wp:attachment":[{"href":"https:\/\/perlya-bijoux.com\/index.php\/wp-json\/wp\/v2\/media?parent=3037"}],"wp:term":[{"taxonomy":"product_brand","embeddable":true,"href":"https:\/\/perlya-bijoux.com\/index.php\/wp-json\/wp\/v2\/product_brand?post=3037"},{"taxonomy":"product_cat","embeddable":true,"href":"https:\/\/perlya-bijoux.com\/index.php\/wp-json\/wp\/v2\/product_cat?post=3037"},{"taxonomy":"product_tag","embeddable":true,"href":"https:\/\/perlya-bijoux.com\/index.php\/wp-json\/wp\/v2\/product_tag?post=3037"}],"curies":[{"name":"wp","href":"https:\/\/api.w.org\/{rel}","templated":true}]}}