{"id":3063,"date":"2025-11-22T23:34:10","date_gmt":"2025-11-22T23:34:10","guid":{"rendered":"https:\/\/perlya-bijoux.com\/?post_type=product&#038;p=3063"},"modified":"2026-02-03T20:45:00","modified_gmt":"2026-02-03T20:45:00","slug":"boucles-doreilles-satin-boreal","status":"publish","type":"product","link":"https:\/\/perlya-bijoux.com\/index.php\/product\/boucles-doreilles-satin-boreal\/","title":{"rendered":"Boucles d&#8217;oreilles Satin Bor\u00e9al"},"content":{"rendered":"<p>D\u00e9couvrez <strong>Satin Bor\u00e9al<\/strong>, cr\u00e9ation raffin\u00e9e de la collection <em>P\u00e9tales de Soie<\/em>. Ses p\u00e9tales satin\u00e9s, l\u00e9gers et d\u00e9licatement sculpt\u00e9s, captent la lumi\u00e8re avec \u00e9l\u00e9gance et apportent un \u00e9clat subtil \u00e0 votre visage.<br \/>\nCon\u00e7u pour vous accompagner lors de vos moments les plus pr\u00e9cieux, ce mod\u00e8le offre une pr\u00e9sence unique qui sublimera votre tenue et mettra en valeur votre personnalit\u00e9 avec douceur.<\/p>\n<p>Mat\u00e9riaux: acier inoxydable, feuille verte satin\u00e9e en acrylique<\/p>\n","protected":false},"excerpt":{"rendered":"<p>Le mod\u00e8le <strong>Satin Bor\u00e9al<\/strong>, issu de la collection <em>P\u00e9tales de Soie<\/em>, d\u00e9voile des p\u00e9tales satin\u00e9s au mouvement d\u00e9licat. Une pi\u00e8ce unique qui illuminera votre allure et sublimera chaque tenue avec finesse<\/p>\n","protected":false},"featured_media":3061,"comment_status":"open","ping_status":"closed","template":"","meta":[],"product_brand":[],"product_cat":[64,96],"product_tag":[],"class_list":{"0":"post-3063","1":"product","2":"type-product","3":"status-publish","4":"has-post-thumbnail","6":"product_cat-bijoux","7":"product_cat-boucles","9":"first","10":"instock","11":"shipping-taxable","12":"purchasable","13":"product-type-simple"},"yoast_head":"<!-- This site is optimized with the Yoast SEO plugin v26.9 - https:\/\/yoast.com\/product\/yoast-seo-wordpress\/ -->\n<title>Boucles d&#039;oreilles Satin Bor\u00e9al - Perlya<\/title>\n<meta name=\"robots\" content=\"index, follow, max-snippet:-1, max-image-preview:large, max-video-preview:-1\" \/>\n<link rel=\"canonical\" href=\"https:\/\/perlya-bijoux.com\/index.php\/product\/boucles-doreilles-satin-boreal\/\" \/>\n<meta property=\"og:locale\" content=\"fr_FR\" \/>\n<meta property=\"og:type\" content=\"article\" \/>\n<meta property=\"og:title\" content=\"Boucles d&#039;oreilles Satin Bor\u00e9al - Perlya\" \/>\n<meta property=\"og:description\" content=\"Le mod\u00e8le Satin Bor\u00e9al, issu de la collection P\u00e9tales de Soie, d\u00e9voile des p\u00e9tales satin\u00e9s au mouvement d\u00e9licat. Une pi\u00e8ce unique qui illuminera votre allure et sublimera chaque tenue avec finesse\" \/>\n<meta property=\"og:url\" content=\"https:\/\/perlya-bijoux.com\/index.php\/product\/boucles-doreilles-satin-boreal\/\" \/>\n<meta property=\"og:site_name\" content=\"Perlya\" \/>\n<meta property=\"article:modified_time\" content=\"2026-02-03T20:45:00+00:00\" \/>\n<meta property=\"og:image\" content=\"http:\/\/perlya-bijoux.com\/wp-content\/uploads\/2025\/11\/satin-boreal-2-scaled.jpg\" \/>\n\t<meta property=\"og:image:width\" content=\"2560\" \/>\n\t<meta property=\"og:image:height\" content=\"2560\" \/>\n\t<meta property=\"og:image:type\" content=\"image\/jpeg\" \/>\n<meta name=\"twitter:card\" content=\"summary_large_image\" \/>\n<meta name=\"twitter:label1\" content=\"Dur\u00e9e de lecture estim\u00e9e\" \/>\n\t<meta name=\"twitter:data1\" content=\"1 minute\" \/>\n<script type=\"application\/ld+json\" class=\"yoast-schema-graph\">{\"@context\":\"https:\/\/schema.org\",\"@graph\":[{\"@type\":\"WebPage\",\"@id\":\"https:\/\/perlya-bijoux.com\/index.php\/product\/boucles-doreilles-satin-boreal\/\",\"url\":\"https:\/\/perlya-bijoux.com\/index.php\/product\/boucles-doreilles-satin-boreal\/\",\"name\":\"Boucles d'oreilles Satin Bor\u00e9al - Perlya\",\"isPartOf\":{\"@id\":\"https:\/\/perlya-bijoux.com\/#website\"},\"primaryImageOfPage\":{\"@id\":\"https:\/\/perlya-bijoux.com\/index.php\/product\/boucles-doreilles-satin-boreal\/#primaryimage\"},\"image\":{\"@id\":\"https:\/\/perlya-bijoux.com\/index.php\/product\/boucles-doreilles-satin-boreal\/#primaryimage\"},\"thumbnailUrl\":\"https:\/\/perlya-bijoux.com\/wp-content\/uploads\/2025\/11\/satin-boreal-2-scaled.jpg\",\"datePublished\":\"2025-11-22T23:34:10+00:00\",\"dateModified\":\"2026-02-03T20:45:00+00:00\",\"breadcrumb\":{\"@id\":\"https:\/\/perlya-bijoux.com\/index.php\/product\/boucles-doreilles-satin-boreal\/#breadcrumb\"},\"inLanguage\":\"fr-FR\",\"potentialAction\":[{\"@type\":\"ReadAction\",\"target\":[\"https:\/\/perlya-bijoux.com\/index.php\/product\/boucles-doreilles-satin-boreal\/\"]}]},{\"@type\":\"ImageObject\",\"inLanguage\":\"fr-FR\",\"@id\":\"https:\/\/perlya-bijoux.com\/index.php\/product\/boucles-doreilles-satin-boreal\/#primaryimage\",\"url\":\"https:\/\/perlya-bijoux.com\/wp-content\/uploads\/2025\/11\/satin-boreal-2-scaled.jpg\",\"contentUrl\":\"https:\/\/perlya-bijoux.com\/wp-content\/uploads\/2025\/11\/satin-boreal-2-scaled.jpg\",\"width\":2560,\"height\":2560},{\"@type\":\"BreadcrumbList\",\"@id\":\"https:\/\/perlya-bijoux.com\/index.php\/product\/boucles-doreilles-satin-boreal\/#breadcrumb\",\"itemListElement\":[{\"@type\":\"ListItem\",\"position\":1,\"name\":\"Accueil\",\"item\":\"https:\/\/perlya-bijoux.com\/\"},{\"@type\":\"ListItem\",\"position\":2,\"name\":\"Boutique\",\"item\":\"https:\/\/perlya-bijoux.com\/index.php\/boutique\/\"},{\"@type\":\"ListItem\",\"position\":3,\"name\":\"Boucles d&#8217;oreilles Satin Bor\u00e9al\"}]},{\"@type\":\"WebSite\",\"@id\":\"https:\/\/perlya-bijoux.com\/#website\",\"url\":\"https:\/\/perlya-bijoux.com\/\",\"name\":\"Perlya\",\"description\":\"\",\"potentialAction\":[{\"@type\":\"SearchAction\",\"target\":{\"@type\":\"EntryPoint\",\"urlTemplate\":\"https:\/\/perlya-bijoux.com\/?s={search_term_string}\"},\"query-input\":{\"@type\":\"PropertyValueSpecification\",\"valueRequired\":true,\"valueName\":\"search_term_string\"}}],\"inLanguage\":\"fr-FR\"}]}<\/script>\n<!-- \/ Yoast SEO plugin. -->","yoast_head_json":{"title":"Boucles d'oreilles Satin Bor\u00e9al - Perlya","robots":{"index":"index","follow":"follow","max-snippet":"max-snippet:-1","max-image-preview":"max-image-preview:large","max-video-preview":"max-video-preview:-1"},"canonical":"https:\/\/perlya-bijoux.com\/index.php\/product\/boucles-doreilles-satin-boreal\/","og_locale":"fr_FR","og_type":"article","og_title":"Boucles d'oreilles Satin Bor\u00e9al - Perlya","og_description":"Le mod\u00e8le Satin Bor\u00e9al, issu de la collection P\u00e9tales de Soie, d\u00e9voile des p\u00e9tales satin\u00e9s au mouvement d\u00e9licat. Une pi\u00e8ce unique qui illuminera votre allure et sublimera chaque tenue avec finesse","og_url":"https:\/\/perlya-bijoux.com\/index.php\/product\/boucles-doreilles-satin-boreal\/","og_site_name":"Perlya","article_modified_time":"2026-02-03T20:45:00+00:00","og_image":[{"width":2560,"height":2560,"url":"http:\/\/perlya-bijoux.com\/wp-content\/uploads\/2025\/11\/satin-boreal-2-scaled.jpg","type":"image\/jpeg"}],"twitter_card":"summary_large_image","twitter_misc":{"Dur\u00e9e de lecture estim\u00e9e":"1 minute"},"schema":{"@context":"https:\/\/schema.org","@graph":[{"@type":"WebPage","@id":"https:\/\/perlya-bijoux.com\/index.php\/product\/boucles-doreilles-satin-boreal\/","url":"https:\/\/perlya-bijoux.com\/index.php\/product\/boucles-doreilles-satin-boreal\/","name":"Boucles d'oreilles Satin Bor\u00e9al - Perlya","isPartOf":{"@id":"https:\/\/perlya-bijoux.com\/#website"},"primaryImageOfPage":{"@id":"https:\/\/perlya-bijoux.com\/index.php\/product\/boucles-doreilles-satin-boreal\/#primaryimage"},"image":{"@id":"https:\/\/perlya-bijoux.com\/index.php\/product\/boucles-doreilles-satin-boreal\/#primaryimage"},"thumbnailUrl":"https:\/\/perlya-bijoux.com\/wp-content\/uploads\/2025\/11\/satin-boreal-2-scaled.jpg","datePublished":"2025-11-22T23:34:10+00:00","dateModified":"2026-02-03T20:45:00+00:00","breadcrumb":{"@id":"https:\/\/perlya-bijoux.com\/index.php\/product\/boucles-doreilles-satin-boreal\/#breadcrumb"},"inLanguage":"fr-FR","potentialAction":[{"@type":"ReadAction","target":["https:\/\/perlya-bijoux.com\/index.php\/product\/boucles-doreilles-satin-boreal\/"]}]},{"@type":"ImageObject","inLanguage":"fr-FR","@id":"https:\/\/perlya-bijoux.com\/index.php\/product\/boucles-doreilles-satin-boreal\/#primaryimage","url":"https:\/\/perlya-bijoux.com\/wp-content\/uploads\/2025\/11\/satin-boreal-2-scaled.jpg","contentUrl":"https:\/\/perlya-bijoux.com\/wp-content\/uploads\/2025\/11\/satin-boreal-2-scaled.jpg","width":2560,"height":2560},{"@type":"BreadcrumbList","@id":"https:\/\/perlya-bijoux.com\/index.php\/product\/boucles-doreilles-satin-boreal\/#breadcrumb","itemListElement":[{"@type":"ListItem","position":1,"name":"Accueil","item":"https:\/\/perlya-bijoux.com\/"},{"@type":"ListItem","position":2,"name":"Boutique","item":"https:\/\/perlya-bijoux.com\/index.php\/boutique\/"},{"@type":"ListItem","position":3,"name":"Boucles d&#8217;oreilles Satin Bor\u00e9al"}]},{"@type":"WebSite","@id":"https:\/\/perlya-bijoux.com\/#website","url":"https:\/\/perlya-bijoux.com\/","name":"Perlya","description":"","potentialAction":[{"@type":"SearchAction","target":{"@type":"EntryPoint","urlTemplate":"https:\/\/perlya-bijoux.com\/?s={search_term_string}"},"query-input":{"@type":"PropertyValueSpecification","valueRequired":true,"valueName":"search_term_string"}}],"inLanguage":"fr-FR"}]}},"_links":{"self":[{"href":"https:\/\/perlya-bijoux.com\/index.php\/wp-json\/wp\/v2\/product\/3063","targetHints":{"allow":["GET"]}}],"collection":[{"href":"https:\/\/perlya-bijoux.com\/index.php\/wp-json\/wp\/v2\/product"}],"about":[{"href":"https:\/\/perlya-bijoux.com\/index.php\/wp-json\/wp\/v2\/types\/product"}],"replies":[{"embeddable":true,"href":"https:\/\/perlya-bijoux.com\/index.php\/wp-json\/wp\/v2\/comments?post=3063"}],"wp:featuredmedia":[{"embeddable":true,"href":"https:\/\/perlya-bijoux.com\/index.php\/wp-json\/wp\/v2\/media\/3061"}],"wp:attachment":[{"href":"https:\/\/perlya-bijoux.com\/index.php\/wp-json\/wp\/v2\/media?parent=3063"}],"wp:term":[{"taxonomy":"product_brand","embeddable":true,"href":"https:\/\/perlya-bijoux.com\/index.php\/wp-json\/wp\/v2\/product_brand?post=3063"},{"taxonomy":"product_cat","embeddable":true,"href":"https:\/\/perlya-bijoux.com\/index.php\/wp-json\/wp\/v2\/product_cat?post=3063"},{"taxonomy":"product_tag","embeddable":true,"href":"https:\/\/perlya-bijoux.com\/index.php\/wp-json\/wp\/v2\/product_tag?post=3063"}],"curies":[{"name":"wp","href":"https:\/\/api.w.org\/{rel}","templated":true}]}}