{"id":3178,"date":"2026-01-02T16:18:19","date_gmt":"2026-01-02T16:18:19","guid":{"rendered":"https:\/\/perlya-bijoux.com\/?post_type=product&#038;p=3178"},"modified":"2026-02-06T15:50:24","modified_gmt":"2026-02-06T15:50:24","slug":"boucles-doreilles-petales-perlee-mariage-mariee","status":"publish","type":"product","link":"https:\/\/perlya-bijoux.com\/index.php\/product\/boucles-doreilles-petales-perlee-mariage-mariee\/","title":{"rendered":"Boucles d&#8217;oreilles P\u00e9tales Perl\u00e9e"},"content":{"rendered":"<p>Les boucles d&#8217;oreilles\u00a0<strong>P\u00e9tale Perl\u00e9e<\/strong>\u00a0c\u00e9l\u00e8brent la f\u00e9minit\u00e9 et le savoir-faire\u00a0<strong>artisanal<\/strong>. Chaque fleur est patiemment\u00a0<strong>faite main<\/strong>\u00a0en tissant des perles blanches, des cristaux et des pierres d&#8217;<strong>h\u00e9matite dor\u00e9e 14k<\/strong>\u00a0sur un fil de cuivre dor\u00e9. Ces cr\u00e9ations\u00a0<strong>uniques<\/strong>\u00a0et\u00a0<strong>sur mesure<\/strong>\u00a0sont pens\u00e9es pour\u00a0<strong>sublimer votre tenue<\/strong>\u00a0en captant la lumi\u00e8re \u00e0 chaque mouvement. Un choix parfait pour une mari\u00e9e ou une soir\u00e9e prestigieuse en qu\u00eate d&#8217;un accessoire\u00a0<strong>boh\u00e8me chic<\/strong>\u00a0raffin\u00e9.<\/p>\n<p>Mat\u00e9riaux: Perles blanches, h\u00e9matites dor\u00e9es 14k, perle cristal, fil de cuivre dor\u00e9.<\/p>\n","protected":false},"excerpt":{"rendered":"<p>Illuminez votre visage avec les boucles\u00a0<strong>P\u00e9tale Perl\u00e9e<\/strong>. Un bijou\u00a0<strong>unique<\/strong>\u00a0et\u00a0<strong>artisanal<\/strong>\u00a0m\u00ealant perles de cristal et h\u00e9matites dor\u00e9es 14k pour un style\u00a0<strong>boh\u00e8me chic<\/strong>\u00a0irr\u00e9sistible.<\/p>\n","protected":false},"featured_media":3175,"comment_status":"open","ping_status":"closed","template":"","meta":[],"product_brand":[],"product_cat":[64,53,96,67],"product_tag":[],"class_list":{"0":"post-3178","1":"product","2":"type-product","3":"status-publish","4":"has-post-thumbnail","6":"product_cat-bijoux","7":"product_cat-bijoux-mariee","8":"product_cat-boucles","9":"product_cat-bouclesoreille","11":"first","12":"instock","13":"shipping-taxable","14":"purchasable","15":"product-type-simple"},"yoast_head":"<!-- This site is optimized with the Yoast SEO plugin v26.9 - https:\/\/yoast.com\/product\/yoast-seo-wordpress\/ -->\n<title>Boucles d&#039;oreilles P\u00e9tales Perl\u00e9e - Perlya<\/title>\n<meta name=\"description\" content=\"illuminez votre style avec les boucles P\u00e9tales Perl\u00e9e. Cr\u00e9ations uniques et faites main en perles, cristal et h\u00e9matite dor\u00e9e 14k pour une mari\u00e9e unique\" \/>\n<meta name=\"robots\" content=\"index, follow, max-snippet:-1, max-image-preview:large, max-video-preview:-1\" \/>\n<link rel=\"canonical\" href=\"https:\/\/perlya-bijoux.com\/index.php\/product\/boucles-doreilles-petales-perlee-mariage-mariee\/\" \/>\n<meta property=\"og:locale\" content=\"fr_FR\" \/>\n<meta property=\"og:type\" content=\"article\" \/>\n<meta property=\"og:title\" content=\"Boucles d&#039;oreilles P\u00e9tales Perl\u00e9e - Perlya\" \/>\n<meta property=\"og:description\" content=\"illuminez votre style avec les boucles P\u00e9tales Perl\u00e9e. Cr\u00e9ations uniques et faites main en perles, cristal et h\u00e9matite dor\u00e9e 14k pour une mari\u00e9e unique\" \/>\n<meta property=\"og:url\" content=\"https:\/\/perlya-bijoux.com\/index.php\/product\/boucles-doreilles-petales-perlee-mariage-mariee\/\" \/>\n<meta property=\"og:site_name\" content=\"Perlya\" \/>\n<meta property=\"article:modified_time\" content=\"2026-02-06T15:50:24+00:00\" \/>\n<meta property=\"og:image\" content=\"http:\/\/perlya-bijoux.com\/wp-content\/uploads\/2026\/01\/bc-petales-perlee-scaled.jpg\" \/>\n\t<meta property=\"og:image:width\" content=\"2560\" \/>\n\t<meta property=\"og:image:height\" content=\"2560\" \/>\n\t<meta property=\"og:image:type\" content=\"image\/jpeg\" \/>\n<meta name=\"twitter:card\" content=\"summary_large_image\" \/>\n<meta name=\"twitter:label1\" content=\"Dur\u00e9e de lecture estim\u00e9e\" \/>\n\t<meta name=\"twitter:data1\" content=\"1 minute\" \/>\n<script type=\"application\/ld+json\" class=\"yoast-schema-graph\">{\"@context\":\"https:\/\/schema.org\",\"@graph\":[{\"@type\":\"WebPage\",\"@id\":\"https:\/\/perlya-bijoux.com\/index.php\/product\/boucles-doreilles-petales-perlee-mariage-mariee\/\",\"url\":\"https:\/\/perlya-bijoux.com\/index.php\/product\/boucles-doreilles-petales-perlee-mariage-mariee\/\",\"name\":\"Boucles d'oreilles P\u00e9tales Perl\u00e9e - Perlya\",\"isPartOf\":{\"@id\":\"https:\/\/perlya-bijoux.com\/#website\"},\"primaryImageOfPage\":{\"@id\":\"https:\/\/perlya-bijoux.com\/index.php\/product\/boucles-doreilles-petales-perlee-mariage-mariee\/#primaryimage\"},\"image\":{\"@id\":\"https:\/\/perlya-bijoux.com\/index.php\/product\/boucles-doreilles-petales-perlee-mariage-mariee\/#primaryimage\"},\"thumbnailUrl\":\"https:\/\/perlya-bijoux.com\/wp-content\/uploads\/2026\/01\/bc-petales-perlee-scaled.jpg\",\"datePublished\":\"2026-01-02T16:18:19+00:00\",\"dateModified\":\"2026-02-06T15:50:24+00:00\",\"description\":\"illuminez votre style avec les boucles P\u00e9tales Perl\u00e9e. Cr\u00e9ations uniques et faites main en perles, cristal et h\u00e9matite dor\u00e9e 14k pour une mari\u00e9e unique\",\"breadcrumb\":{\"@id\":\"https:\/\/perlya-bijoux.com\/index.php\/product\/boucles-doreilles-petales-perlee-mariage-mariee\/#breadcrumb\"},\"inLanguage\":\"fr-FR\",\"potentialAction\":[{\"@type\":\"ReadAction\",\"target\":[\"https:\/\/perlya-bijoux.com\/index.php\/product\/boucles-doreilles-petales-perlee-mariage-mariee\/\"]}]},{\"@type\":\"ImageObject\",\"inLanguage\":\"fr-FR\",\"@id\":\"https:\/\/perlya-bijoux.com\/index.php\/product\/boucles-doreilles-petales-perlee-mariage-mariee\/#primaryimage\",\"url\":\"https:\/\/perlya-bijoux.com\/wp-content\/uploads\/2026\/01\/bc-petales-perlee-scaled.jpg\",\"contentUrl\":\"https:\/\/perlya-bijoux.com\/wp-content\/uploads\/2026\/01\/bc-petales-perlee-scaled.jpg\",\"width\":2560,\"height\":2560},{\"@type\":\"BreadcrumbList\",\"@id\":\"https:\/\/perlya-bijoux.com\/index.php\/product\/boucles-doreilles-petales-perlee-mariage-mariee\/#breadcrumb\",\"itemListElement\":[{\"@type\":\"ListItem\",\"position\":1,\"name\":\"Accueil\",\"item\":\"https:\/\/perlya-bijoux.com\/\"},{\"@type\":\"ListItem\",\"position\":2,\"name\":\"Boutique\",\"item\":\"https:\/\/perlya-bijoux.com\/index.php\/boutique\/\"},{\"@type\":\"ListItem\",\"position\":3,\"name\":\"Boucles d&#8217;oreilles P\u00e9tales Perl\u00e9e\"}]},{\"@type\":\"WebSite\",\"@id\":\"https:\/\/perlya-bijoux.com\/#website\",\"url\":\"https:\/\/perlya-bijoux.com\/\",\"name\":\"Perlya\",\"description\":\"\",\"potentialAction\":[{\"@type\":\"SearchAction\",\"target\":{\"@type\":\"EntryPoint\",\"urlTemplate\":\"https:\/\/perlya-bijoux.com\/?s={search_term_string}\"},\"query-input\":{\"@type\":\"PropertyValueSpecification\",\"valueRequired\":true,\"valueName\":\"search_term_string\"}}],\"inLanguage\":\"fr-FR\"}]}<\/script>\n<!-- \/ Yoast SEO plugin. -->","yoast_head_json":{"title":"Boucles d'oreilles P\u00e9tales Perl\u00e9e - Perlya","description":"illuminez votre style avec les boucles P\u00e9tales Perl\u00e9e. Cr\u00e9ations uniques et faites main en perles, cristal et h\u00e9matite dor\u00e9e 14k pour une mari\u00e9e unique","robots":{"index":"index","follow":"follow","max-snippet":"max-snippet:-1","max-image-preview":"max-image-preview:large","max-video-preview":"max-video-preview:-1"},"canonical":"https:\/\/perlya-bijoux.com\/index.php\/product\/boucles-doreilles-petales-perlee-mariage-mariee\/","og_locale":"fr_FR","og_type":"article","og_title":"Boucles d'oreilles P\u00e9tales Perl\u00e9e - Perlya","og_description":"illuminez votre style avec les boucles P\u00e9tales Perl\u00e9e. Cr\u00e9ations uniques et faites main en perles, cristal et h\u00e9matite dor\u00e9e 14k pour une mari\u00e9e unique","og_url":"https:\/\/perlya-bijoux.com\/index.php\/product\/boucles-doreilles-petales-perlee-mariage-mariee\/","og_site_name":"Perlya","article_modified_time":"2026-02-06T15:50:24+00:00","og_image":[{"width":2560,"height":2560,"url":"http:\/\/perlya-bijoux.com\/wp-content\/uploads\/2026\/01\/bc-petales-perlee-scaled.jpg","type":"image\/jpeg"}],"twitter_card":"summary_large_image","twitter_misc":{"Dur\u00e9e de lecture estim\u00e9e":"1 minute"},"schema":{"@context":"https:\/\/schema.org","@graph":[{"@type":"WebPage","@id":"https:\/\/perlya-bijoux.com\/index.php\/product\/boucles-doreilles-petales-perlee-mariage-mariee\/","url":"https:\/\/perlya-bijoux.com\/index.php\/product\/boucles-doreilles-petales-perlee-mariage-mariee\/","name":"Boucles d'oreilles P\u00e9tales Perl\u00e9e - Perlya","isPartOf":{"@id":"https:\/\/perlya-bijoux.com\/#website"},"primaryImageOfPage":{"@id":"https:\/\/perlya-bijoux.com\/index.php\/product\/boucles-doreilles-petales-perlee-mariage-mariee\/#primaryimage"},"image":{"@id":"https:\/\/perlya-bijoux.com\/index.php\/product\/boucles-doreilles-petales-perlee-mariage-mariee\/#primaryimage"},"thumbnailUrl":"https:\/\/perlya-bijoux.com\/wp-content\/uploads\/2026\/01\/bc-petales-perlee-scaled.jpg","datePublished":"2026-01-02T16:18:19+00:00","dateModified":"2026-02-06T15:50:24+00:00","description":"illuminez votre style avec les boucles P\u00e9tales Perl\u00e9e. Cr\u00e9ations uniques et faites main en perles, cristal et h\u00e9matite dor\u00e9e 14k pour une mari\u00e9e unique","breadcrumb":{"@id":"https:\/\/perlya-bijoux.com\/index.php\/product\/boucles-doreilles-petales-perlee-mariage-mariee\/#breadcrumb"},"inLanguage":"fr-FR","potentialAction":[{"@type":"ReadAction","target":["https:\/\/perlya-bijoux.com\/index.php\/product\/boucles-doreilles-petales-perlee-mariage-mariee\/"]}]},{"@type":"ImageObject","inLanguage":"fr-FR","@id":"https:\/\/perlya-bijoux.com\/index.php\/product\/boucles-doreilles-petales-perlee-mariage-mariee\/#primaryimage","url":"https:\/\/perlya-bijoux.com\/wp-content\/uploads\/2026\/01\/bc-petales-perlee-scaled.jpg","contentUrl":"https:\/\/perlya-bijoux.com\/wp-content\/uploads\/2026\/01\/bc-petales-perlee-scaled.jpg","width":2560,"height":2560},{"@type":"BreadcrumbList","@id":"https:\/\/perlya-bijoux.com\/index.php\/product\/boucles-doreilles-petales-perlee-mariage-mariee\/#breadcrumb","itemListElement":[{"@type":"ListItem","position":1,"name":"Accueil","item":"https:\/\/perlya-bijoux.com\/"},{"@type":"ListItem","position":2,"name":"Boutique","item":"https:\/\/perlya-bijoux.com\/index.php\/boutique\/"},{"@type":"ListItem","position":3,"name":"Boucles d&#8217;oreilles P\u00e9tales Perl\u00e9e"}]},{"@type":"WebSite","@id":"https:\/\/perlya-bijoux.com\/#website","url":"https:\/\/perlya-bijoux.com\/","name":"Perlya","description":"","potentialAction":[{"@type":"SearchAction","target":{"@type":"EntryPoint","urlTemplate":"https:\/\/perlya-bijoux.com\/?s={search_term_string}"},"query-input":{"@type":"PropertyValueSpecification","valueRequired":true,"valueName":"search_term_string"}}],"inLanguage":"fr-FR"}]}},"_links":{"self":[{"href":"https:\/\/perlya-bijoux.com\/index.php\/wp-json\/wp\/v2\/product\/3178","targetHints":{"allow":["GET"]}}],"collection":[{"href":"https:\/\/perlya-bijoux.com\/index.php\/wp-json\/wp\/v2\/product"}],"about":[{"href":"https:\/\/perlya-bijoux.com\/index.php\/wp-json\/wp\/v2\/types\/product"}],"replies":[{"embeddable":true,"href":"https:\/\/perlya-bijoux.com\/index.php\/wp-json\/wp\/v2\/comments?post=3178"}],"wp:featuredmedia":[{"embeddable":true,"href":"https:\/\/perlya-bijoux.com\/index.php\/wp-json\/wp\/v2\/media\/3175"}],"wp:attachment":[{"href":"https:\/\/perlya-bijoux.com\/index.php\/wp-json\/wp\/v2\/media?parent=3178"}],"wp:term":[{"taxonomy":"product_brand","embeddable":true,"href":"https:\/\/perlya-bijoux.com\/index.php\/wp-json\/wp\/v2\/product_brand?post=3178"},{"taxonomy":"product_cat","embeddable":true,"href":"https:\/\/perlya-bijoux.com\/index.php\/wp-json\/wp\/v2\/product_cat?post=3178"},{"taxonomy":"product_tag","embeddable":true,"href":"https:\/\/perlya-bijoux.com\/index.php\/wp-json\/wp\/v2\/product_tag?post=3178"}],"curies":[{"name":"wp","href":"https:\/\/api.w.org\/{rel}","templated":true}]}}