{"id":3190,"date":"2026-01-02T18:17:31","date_gmt":"2026-01-02T18:17:31","guid":{"rendered":"https:\/\/perlya-bijoux.com\/?post_type=product&#038;p=3190"},"modified":"2026-02-03T20:42:32","modified_gmt":"2026-02-03T20:42:32","slug":"boucles-doreilles-eclat-nacre","status":"publish","type":"product","link":"https:\/\/perlya-bijoux.com\/index.php\/product\/boucles-doreilles-eclat-nacre\/","title":{"rendered":"Boucles d&#8217;oreilles Eclat Nacr\u00e9"},"content":{"rendered":"<p>Les boucles d\u2019oreilles <em>\u00c9clat Nacr\u00e9<\/em> ont \u00e9t\u00e9 pens\u00e9es pour sublimer le visage de la mari\u00e9e avec discr\u00e9tion et gr\u00e2ce. R\u00e9alis\u00e9es \u00e0 la main, elles mettent en valeur une perle nacr\u00e9e, douce et lumineuse, suspendue avec finesse \u00e0 une monture dor\u00e9e.<\/p>\n<p>Leur design minimaliste apporte une touche d\u2019\u00e9clat sans exc\u00e8s, id\u00e9ale pour accompagner une robe de mari\u00e9e avec \u00e9l\u00e9gance. Chaque paire est unique, cr\u00e9\u00e9e avec soin pour refl\u00e9ter l\u2019authenticit\u00e9 et la singularit\u00e9 de celle qui la porte.<\/p>\n<p>Ces boucles d\u2019oreilles sont bien plus qu\u2019un bijou : elles sont le d\u00e9tail d\u00e9licat qui compl\u00e8te une tenue empreinte d\u2019\u00e9motion et de simplicit\u00e9.<\/p>\n<p>Materiaux: fil de cuivre dor\u00e9 hypoallerg\u00e9nique, perle blanche<\/p>\n","protected":false},"excerpt":{"rendered":"<p>Les boucles d\u2019oreilles <em>\u00c9clat Nacr\u00e9<\/em> sont des cr\u00e9ations faites main, d\u00e9licates et lumineuses. Parfaites pour une mari\u00e9e en qu\u00eate d\u2019\u00e9l\u00e9gance simple et naturelle.<\/p>\n","protected":false},"featured_media":3182,"comment_status":"open","ping_status":"closed","template":"","meta":[],"product_brand":[],"product_cat":[64,53,96,67],"product_tag":[],"class_list":{"0":"post-3190","1":"product","2":"type-product","3":"status-publish","4":"has-post-thumbnail","6":"product_cat-bijoux","7":"product_cat-bijoux-mariee","8":"product_cat-boucles","9":"product_cat-bouclesoreille","11":"first","12":"instock","13":"shipping-taxable","14":"purchasable","15":"product-type-simple"},"yoast_head":"<!-- This site is optimized with the Yoast SEO plugin v26.9 - https:\/\/yoast.com\/product\/yoast-seo-wordpress\/ -->\n<title>Boucles d&#039;oreilles Eclat Nacr\u00e9 - Perlya<\/title>\n<meta name=\"description\" content=\"Les boucles d\u2019oreilles \u00c9clat Nacr\u00e9 ont \u00e9t\u00e9 pens\u00e9es pour sublimer le visage de la mari\u00e9e avec discr\u00e9tion et gr\u00e2ce. R\u00e9alis\u00e9es \u00e0 la main, elles mettent en valeur une perle nacr\u00e9e, douce et lumineuse, suspendue avec finesse \u00e0 une monture dor\u00e9e. Parfaites pour une mari\u00e9e en qu\u00eate d\u2019\u00e9l\u00e9gance simple et naturelle.\" \/>\n<meta name=\"robots\" content=\"index, follow, max-snippet:-1, max-image-preview:large, max-video-preview:-1\" \/>\n<link rel=\"canonical\" href=\"https:\/\/perlya-bijoux.com\/index.php\/product\/boucles-doreilles-eclat-nacre\/\" \/>\n<meta property=\"og:locale\" content=\"fr_FR\" \/>\n<meta property=\"og:type\" content=\"article\" \/>\n<meta property=\"og:title\" content=\"Boucles d&#039;oreilles Eclat Nacr\u00e9 - Perlya\" \/>\n<meta property=\"og:description\" content=\"Les boucles d\u2019oreilles \u00c9clat Nacr\u00e9 ont \u00e9t\u00e9 pens\u00e9es pour sublimer le visage de la mari\u00e9e avec discr\u00e9tion et gr\u00e2ce. R\u00e9alis\u00e9es \u00e0 la main, elles mettent en valeur une perle nacr\u00e9e, douce et lumineuse, suspendue avec finesse \u00e0 une monture dor\u00e9e. Parfaites pour une mari\u00e9e en qu\u00eate d\u2019\u00e9l\u00e9gance simple et naturelle.\" \/>\n<meta property=\"og:url\" content=\"https:\/\/perlya-bijoux.com\/index.php\/product\/boucles-doreilles-eclat-nacre\/\" \/>\n<meta property=\"og:site_name\" content=\"Perlya\" \/>\n<meta property=\"article:modified_time\" content=\"2026-02-03T20:42:32+00:00\" \/>\n<meta property=\"og:image\" content=\"http:\/\/perlya-bijoux.com\/wp-content\/uploads\/2026\/01\/IMG_20251229_1228073.jpg\" \/>\n\t<meta property=\"og:image:width\" content=\"2231\" \/>\n\t<meta property=\"og:image:height\" content=\"2231\" \/>\n\t<meta property=\"og:image:type\" content=\"image\/jpeg\" \/>\n<meta name=\"twitter:card\" content=\"summary_large_image\" \/>\n<meta name=\"twitter:label1\" content=\"Dur\u00e9e de lecture estim\u00e9e\" \/>\n\t<meta name=\"twitter:data1\" content=\"1 minute\" \/>\n<script type=\"application\/ld+json\" class=\"yoast-schema-graph\">{\"@context\":\"https:\/\/schema.org\",\"@graph\":[{\"@type\":\"WebPage\",\"@id\":\"https:\/\/perlya-bijoux.com\/index.php\/product\/boucles-doreilles-eclat-nacre\/\",\"url\":\"https:\/\/perlya-bijoux.com\/index.php\/product\/boucles-doreilles-eclat-nacre\/\",\"name\":\"Boucles d'oreilles Eclat Nacr\u00e9 - Perlya\",\"isPartOf\":{\"@id\":\"https:\/\/perlya-bijoux.com\/#website\"},\"primaryImageOfPage\":{\"@id\":\"https:\/\/perlya-bijoux.com\/index.php\/product\/boucles-doreilles-eclat-nacre\/#primaryimage\"},\"image\":{\"@id\":\"https:\/\/perlya-bijoux.com\/index.php\/product\/boucles-doreilles-eclat-nacre\/#primaryimage\"},\"thumbnailUrl\":\"https:\/\/perlya-bijoux.com\/wp-content\/uploads\/2026\/01\/IMG_20251229_1228073.jpg\",\"datePublished\":\"2026-01-02T18:17:31+00:00\",\"dateModified\":\"2026-02-03T20:42:32+00:00\",\"description\":\"Les boucles d\u2019oreilles \u00c9clat Nacr\u00e9 ont \u00e9t\u00e9 pens\u00e9es pour sublimer le visage de la mari\u00e9e avec discr\u00e9tion et gr\u00e2ce. R\u00e9alis\u00e9es \u00e0 la main, elles mettent en valeur une perle nacr\u00e9e, douce et lumineuse, suspendue avec finesse \u00e0 une monture dor\u00e9e. Parfaites pour une mari\u00e9e en qu\u00eate d\u2019\u00e9l\u00e9gance simple et naturelle.\",\"breadcrumb\":{\"@id\":\"https:\/\/perlya-bijoux.com\/index.php\/product\/boucles-doreilles-eclat-nacre\/#breadcrumb\"},\"inLanguage\":\"fr-FR\",\"potentialAction\":[{\"@type\":\"ReadAction\",\"target\":[\"https:\/\/perlya-bijoux.com\/index.php\/product\/boucles-doreilles-eclat-nacre\/\"]}]},{\"@type\":\"ImageObject\",\"inLanguage\":\"fr-FR\",\"@id\":\"https:\/\/perlya-bijoux.com\/index.php\/product\/boucles-doreilles-eclat-nacre\/#primaryimage\",\"url\":\"https:\/\/perlya-bijoux.com\/wp-content\/uploads\/2026\/01\/IMG_20251229_1228073.jpg\",\"contentUrl\":\"https:\/\/perlya-bijoux.com\/wp-content\/uploads\/2026\/01\/IMG_20251229_1228073.jpg\",\"width\":2231,\"height\":2231},{\"@type\":\"BreadcrumbList\",\"@id\":\"https:\/\/perlya-bijoux.com\/index.php\/product\/boucles-doreilles-eclat-nacre\/#breadcrumb\",\"itemListElement\":[{\"@type\":\"ListItem\",\"position\":1,\"name\":\"Accueil\",\"item\":\"https:\/\/perlya-bijoux.com\/\"},{\"@type\":\"ListItem\",\"position\":2,\"name\":\"Boutique\",\"item\":\"https:\/\/perlya-bijoux.com\/index.php\/boutique\/\"},{\"@type\":\"ListItem\",\"position\":3,\"name\":\"Boucles d&#8217;oreilles Eclat Nacr\u00e9\"}]},{\"@type\":\"WebSite\",\"@id\":\"https:\/\/perlya-bijoux.com\/#website\",\"url\":\"https:\/\/perlya-bijoux.com\/\",\"name\":\"Perlya\",\"description\":\"\",\"potentialAction\":[{\"@type\":\"SearchAction\",\"target\":{\"@type\":\"EntryPoint\",\"urlTemplate\":\"https:\/\/perlya-bijoux.com\/?s={search_term_string}\"},\"query-input\":{\"@type\":\"PropertyValueSpecification\",\"valueRequired\":true,\"valueName\":\"search_term_string\"}}],\"inLanguage\":\"fr-FR\"}]}<\/script>\n<!-- \/ Yoast SEO plugin. -->","yoast_head_json":{"title":"Boucles d'oreilles Eclat Nacr\u00e9 - Perlya","description":"Les boucles d\u2019oreilles \u00c9clat Nacr\u00e9 ont \u00e9t\u00e9 pens\u00e9es pour sublimer le visage de la mari\u00e9e avec discr\u00e9tion et gr\u00e2ce. R\u00e9alis\u00e9es \u00e0 la main, elles mettent en valeur une perle nacr\u00e9e, douce et lumineuse, suspendue avec finesse \u00e0 une monture dor\u00e9e. Parfaites pour une mari\u00e9e en qu\u00eate d\u2019\u00e9l\u00e9gance simple et naturelle.","robots":{"index":"index","follow":"follow","max-snippet":"max-snippet:-1","max-image-preview":"max-image-preview:large","max-video-preview":"max-video-preview:-1"},"canonical":"https:\/\/perlya-bijoux.com\/index.php\/product\/boucles-doreilles-eclat-nacre\/","og_locale":"fr_FR","og_type":"article","og_title":"Boucles d'oreilles Eclat Nacr\u00e9 - Perlya","og_description":"Les boucles d\u2019oreilles \u00c9clat Nacr\u00e9 ont \u00e9t\u00e9 pens\u00e9es pour sublimer le visage de la mari\u00e9e avec discr\u00e9tion et gr\u00e2ce. R\u00e9alis\u00e9es \u00e0 la main, elles mettent en valeur une perle nacr\u00e9e, douce et lumineuse, suspendue avec finesse \u00e0 une monture dor\u00e9e. Parfaites pour une mari\u00e9e en qu\u00eate d\u2019\u00e9l\u00e9gance simple et naturelle.","og_url":"https:\/\/perlya-bijoux.com\/index.php\/product\/boucles-doreilles-eclat-nacre\/","og_site_name":"Perlya","article_modified_time":"2026-02-03T20:42:32+00:00","og_image":[{"width":2231,"height":2231,"url":"http:\/\/perlya-bijoux.com\/wp-content\/uploads\/2026\/01\/IMG_20251229_1228073.jpg","type":"image\/jpeg"}],"twitter_card":"summary_large_image","twitter_misc":{"Dur\u00e9e de lecture estim\u00e9e":"1 minute"},"schema":{"@context":"https:\/\/schema.org","@graph":[{"@type":"WebPage","@id":"https:\/\/perlya-bijoux.com\/index.php\/product\/boucles-doreilles-eclat-nacre\/","url":"https:\/\/perlya-bijoux.com\/index.php\/product\/boucles-doreilles-eclat-nacre\/","name":"Boucles d'oreilles Eclat Nacr\u00e9 - Perlya","isPartOf":{"@id":"https:\/\/perlya-bijoux.com\/#website"},"primaryImageOfPage":{"@id":"https:\/\/perlya-bijoux.com\/index.php\/product\/boucles-doreilles-eclat-nacre\/#primaryimage"},"image":{"@id":"https:\/\/perlya-bijoux.com\/index.php\/product\/boucles-doreilles-eclat-nacre\/#primaryimage"},"thumbnailUrl":"https:\/\/perlya-bijoux.com\/wp-content\/uploads\/2026\/01\/IMG_20251229_1228073.jpg","datePublished":"2026-01-02T18:17:31+00:00","dateModified":"2026-02-03T20:42:32+00:00","description":"Les boucles d\u2019oreilles \u00c9clat Nacr\u00e9 ont \u00e9t\u00e9 pens\u00e9es pour sublimer le visage de la mari\u00e9e avec discr\u00e9tion et gr\u00e2ce. R\u00e9alis\u00e9es \u00e0 la main, elles mettent en valeur une perle nacr\u00e9e, douce et lumineuse, suspendue avec finesse \u00e0 une monture dor\u00e9e. Parfaites pour une mari\u00e9e en qu\u00eate d\u2019\u00e9l\u00e9gance simple et naturelle.","breadcrumb":{"@id":"https:\/\/perlya-bijoux.com\/index.php\/product\/boucles-doreilles-eclat-nacre\/#breadcrumb"},"inLanguage":"fr-FR","potentialAction":[{"@type":"ReadAction","target":["https:\/\/perlya-bijoux.com\/index.php\/product\/boucles-doreilles-eclat-nacre\/"]}]},{"@type":"ImageObject","inLanguage":"fr-FR","@id":"https:\/\/perlya-bijoux.com\/index.php\/product\/boucles-doreilles-eclat-nacre\/#primaryimage","url":"https:\/\/perlya-bijoux.com\/wp-content\/uploads\/2026\/01\/IMG_20251229_1228073.jpg","contentUrl":"https:\/\/perlya-bijoux.com\/wp-content\/uploads\/2026\/01\/IMG_20251229_1228073.jpg","width":2231,"height":2231},{"@type":"BreadcrumbList","@id":"https:\/\/perlya-bijoux.com\/index.php\/product\/boucles-doreilles-eclat-nacre\/#breadcrumb","itemListElement":[{"@type":"ListItem","position":1,"name":"Accueil","item":"https:\/\/perlya-bijoux.com\/"},{"@type":"ListItem","position":2,"name":"Boutique","item":"https:\/\/perlya-bijoux.com\/index.php\/boutique\/"},{"@type":"ListItem","position":3,"name":"Boucles d&#8217;oreilles Eclat Nacr\u00e9"}]},{"@type":"WebSite","@id":"https:\/\/perlya-bijoux.com\/#website","url":"https:\/\/perlya-bijoux.com\/","name":"Perlya","description":"","potentialAction":[{"@type":"SearchAction","target":{"@type":"EntryPoint","urlTemplate":"https:\/\/perlya-bijoux.com\/?s={search_term_string}"},"query-input":{"@type":"PropertyValueSpecification","valueRequired":true,"valueName":"search_term_string"}}],"inLanguage":"fr-FR"}]}},"_links":{"self":[{"href":"https:\/\/perlya-bijoux.com\/index.php\/wp-json\/wp\/v2\/product\/3190","targetHints":{"allow":["GET"]}}],"collection":[{"href":"https:\/\/perlya-bijoux.com\/index.php\/wp-json\/wp\/v2\/product"}],"about":[{"href":"https:\/\/perlya-bijoux.com\/index.php\/wp-json\/wp\/v2\/types\/product"}],"replies":[{"embeddable":true,"href":"https:\/\/perlya-bijoux.com\/index.php\/wp-json\/wp\/v2\/comments?post=3190"}],"wp:featuredmedia":[{"embeddable":true,"href":"https:\/\/perlya-bijoux.com\/index.php\/wp-json\/wp\/v2\/media\/3182"}],"wp:attachment":[{"href":"https:\/\/perlya-bijoux.com\/index.php\/wp-json\/wp\/v2\/media?parent=3190"}],"wp:term":[{"taxonomy":"product_brand","embeddable":true,"href":"https:\/\/perlya-bijoux.com\/index.php\/wp-json\/wp\/v2\/product_brand?post=3190"},{"taxonomy":"product_cat","embeddable":true,"href":"https:\/\/perlya-bijoux.com\/index.php\/wp-json\/wp\/v2\/product_cat?post=3190"},{"taxonomy":"product_tag","embeddable":true,"href":"https:\/\/perlya-bijoux.com\/index.php\/wp-json\/wp\/v2\/product_tag?post=3190"}],"curies":[{"name":"wp","href":"https:\/\/api.w.org\/{rel}","templated":true}]}}