{"id":3192,"date":"2026-01-02T19:54:40","date_gmt":"2026-01-02T19:54:40","guid":{"rendered":"https:\/\/perlya-bijoux.com\/?post_type=product&#038;p=3192"},"modified":"2026-02-05T22:48:13","modified_gmt":"2026-02-05T22:48:13","slug":"collier-de-dos-voile-de-perles","status":"publish","type":"product","link":"https:\/\/perlya-bijoux.com\/index.php\/product\/collier-de-dos-voile-de-perles\/","title":{"rendered":"Collier de dos Voile de Perles"},"content":{"rendered":"<p>Le collier de dos <em>Voile de Perles<\/em> a \u00e9t\u00e9 imagin\u00e9 comme un bijou d\u2019exception pour sublimer les robes de mari\u00e9e au dos nu. Enti\u00e8rement r\u00e9alis\u00e9 \u00e0 la main, il se distingue par sa finesse et son \u00e9l\u00e9gance discr\u00e8te.<\/p>\n<p>Les perles d\u00e9licatement dispos\u00e9es le long de la cha\u00eene dor\u00e9e suivent la ligne du dos avec douceur, cr\u00e9ant un effet lumineux et raffin\u00e9. Ce bijou r\u00e9v\u00e8le la beaut\u00e9 de la mari\u00e9e sans jamais voler la vedette \u00e0 la robe, apportant une touche pr\u00e9cieuse et po\u00e9tique<\/p>\n<p>Pens\u00e9 pour une mari\u00e9e unique, il incarne la simplicit\u00e9 ma\u00eetris\u00e9e, le souci du d\u00e9tail et l\u2019\u00e9motion d\u2019un bijou cr\u00e9\u00e9 sp\u00e9cialement pour un jour inoubliable.<\/p>\n<p>Mat\u00e9riaux: acier inoxydable, perles blanches nacr\u00e9s<\/p>\n","protected":false},"excerpt":{"rendered":"<p>Fait main avec soin, le collier de dos <em>Voile de Perles<\/em> sublime les robes de mari\u00e9e dos nu avec \u00e9l\u00e9gance. Ses perles d\u00e9licates et sa cha\u00eene dor\u00e9e apportent une touche raffin\u00e9e et lumineuse, id\u00e9ale pour une mari\u00e9e en qu\u00eate d\u2019originalit\u00e9 et de douceur.<\/p>\n","protected":false},"featured_media":3197,"comment_status":"open","ping_status":"closed","template":"","meta":[],"product_brand":[],"product_cat":[53,97],"product_tag":[],"class_list":{"0":"post-3192","1":"product","2":"type-product","3":"status-publish","4":"has-post-thumbnail","6":"product_cat-bijoux-mariee","7":"product_cat-colliers-dos","9":"first","10":"instock","11":"shipping-taxable","12":"purchasable","13":"product-type-simple"},"yoast_head":"<!-- This site is optimized with the Yoast SEO plugin v26.9 - https:\/\/yoast.com\/product\/yoast-seo-wordpress\/ -->\n<title>Collier de dos Voile de Perles - Perlya<\/title>\n<meta name=\"description\" content=\"Fait main avec soin, le collier de dos Voile de Perles sublime les robes de mari\u00e9e dos nu avec \u00e9l\u00e9gance. Ses perles d\u00e9licates et sa cha\u00eene dor\u00e9e apportent une touche raffin\u00e9e et lumineuse, id\u00e9ale pour une mari\u00e9e en qu\u00eate d\u2019originalit\u00e9 et de douceur.\" \/>\n<meta name=\"robots\" content=\"index, follow, max-snippet:-1, max-image-preview:large, max-video-preview:-1\" \/>\n<link rel=\"canonical\" href=\"https:\/\/perlya-bijoux.com\/index.php\/product\/collier-de-dos-voile-de-perles\/\" \/>\n<meta property=\"og:locale\" content=\"fr_FR\" \/>\n<meta property=\"og:type\" content=\"article\" \/>\n<meta property=\"og:title\" content=\"Collier de dos Voile de Perles - Perlya\" \/>\n<meta property=\"og:description\" content=\"Fait main avec soin, le collier de dos Voile de Perles sublime les robes de mari\u00e9e dos nu avec \u00e9l\u00e9gance. Ses perles d\u00e9licates et sa cha\u00eene dor\u00e9e apportent une touche raffin\u00e9e et lumineuse, id\u00e9ale pour une mari\u00e9e en qu\u00eate d\u2019originalit\u00e9 et de douceur.\" \/>\n<meta property=\"og:url\" content=\"https:\/\/perlya-bijoux.com\/index.php\/product\/collier-de-dos-voile-de-perles\/\" \/>\n<meta property=\"og:site_name\" content=\"Perlya\" \/>\n<meta property=\"article:modified_time\" content=\"2026-02-05T22:48:13+00:00\" \/>\n<meta property=\"og:image\" content=\"http:\/\/perlya-bijoux.com\/wp-content\/uploads\/2026\/01\/collier-de-dos-voile-de-perle-1.jpg\" \/>\n\t<meta property=\"og:image:width\" content=\"2145\" \/>\n\t<meta property=\"og:image:height\" content=\"2145\" \/>\n\t<meta property=\"og:image:type\" content=\"image\/jpeg\" \/>\n<meta name=\"twitter:card\" content=\"summary_large_image\" \/>\n<meta name=\"twitter:label1\" content=\"Dur\u00e9e de lecture estim\u00e9e\" \/>\n\t<meta name=\"twitter:data1\" content=\"1 minute\" \/>\n<script type=\"application\/ld+json\" class=\"yoast-schema-graph\">{\"@context\":\"https:\/\/schema.org\",\"@graph\":[{\"@type\":\"WebPage\",\"@id\":\"https:\/\/perlya-bijoux.com\/index.php\/product\/collier-de-dos-voile-de-perles\/\",\"url\":\"https:\/\/perlya-bijoux.com\/index.php\/product\/collier-de-dos-voile-de-perles\/\",\"name\":\"Collier de dos Voile de Perles - Perlya\",\"isPartOf\":{\"@id\":\"https:\/\/perlya-bijoux.com\/#website\"},\"primaryImageOfPage\":{\"@id\":\"https:\/\/perlya-bijoux.com\/index.php\/product\/collier-de-dos-voile-de-perles\/#primaryimage\"},\"image\":{\"@id\":\"https:\/\/perlya-bijoux.com\/index.php\/product\/collier-de-dos-voile-de-perles\/#primaryimage\"},\"thumbnailUrl\":\"https:\/\/perlya-bijoux.com\/wp-content\/uploads\/2026\/01\/collier-de-dos-voile-de-perle-1.jpg\",\"datePublished\":\"2026-01-02T19:54:40+00:00\",\"dateModified\":\"2026-02-05T22:48:13+00:00\",\"description\":\"Fait main avec soin, le collier de dos Voile de Perles sublime les robes de mari\u00e9e dos nu avec \u00e9l\u00e9gance. Ses perles d\u00e9licates et sa cha\u00eene dor\u00e9e apportent une touche raffin\u00e9e et lumineuse, id\u00e9ale pour une mari\u00e9e en qu\u00eate d\u2019originalit\u00e9 et de douceur.\",\"breadcrumb\":{\"@id\":\"https:\/\/perlya-bijoux.com\/index.php\/product\/collier-de-dos-voile-de-perles\/#breadcrumb\"},\"inLanguage\":\"fr-FR\",\"potentialAction\":[{\"@type\":\"ReadAction\",\"target\":[\"https:\/\/perlya-bijoux.com\/index.php\/product\/collier-de-dos-voile-de-perles\/\"]}]},{\"@type\":\"ImageObject\",\"inLanguage\":\"fr-FR\",\"@id\":\"https:\/\/perlya-bijoux.com\/index.php\/product\/collier-de-dos-voile-de-perles\/#primaryimage\",\"url\":\"https:\/\/perlya-bijoux.com\/wp-content\/uploads\/2026\/01\/collier-de-dos-voile-de-perle-1.jpg\",\"contentUrl\":\"https:\/\/perlya-bijoux.com\/wp-content\/uploads\/2026\/01\/collier-de-dos-voile-de-perle-1.jpg\",\"width\":2145,\"height\":2145},{\"@type\":\"BreadcrumbList\",\"@id\":\"https:\/\/perlya-bijoux.com\/index.php\/product\/collier-de-dos-voile-de-perles\/#breadcrumb\",\"itemListElement\":[{\"@type\":\"ListItem\",\"position\":1,\"name\":\"Accueil\",\"item\":\"https:\/\/perlya-bijoux.com\/\"},{\"@type\":\"ListItem\",\"position\":2,\"name\":\"Boutique\",\"item\":\"https:\/\/perlya-bijoux.com\/index.php\/boutique\/\"},{\"@type\":\"ListItem\",\"position\":3,\"name\":\"Collier de dos Voile de Perles\"}]},{\"@type\":\"WebSite\",\"@id\":\"https:\/\/perlya-bijoux.com\/#website\",\"url\":\"https:\/\/perlya-bijoux.com\/\",\"name\":\"Perlya\",\"description\":\"\",\"potentialAction\":[{\"@type\":\"SearchAction\",\"target\":{\"@type\":\"EntryPoint\",\"urlTemplate\":\"https:\/\/perlya-bijoux.com\/?s={search_term_string}\"},\"query-input\":{\"@type\":\"PropertyValueSpecification\",\"valueRequired\":true,\"valueName\":\"search_term_string\"}}],\"inLanguage\":\"fr-FR\"}]}<\/script>\n<!-- \/ Yoast SEO plugin. -->","yoast_head_json":{"title":"Collier de dos Voile de Perles - Perlya","description":"Fait main avec soin, le collier de dos Voile de Perles sublime les robes de mari\u00e9e dos nu avec \u00e9l\u00e9gance. Ses perles d\u00e9licates et sa cha\u00eene dor\u00e9e apportent une touche raffin\u00e9e et lumineuse, id\u00e9ale pour une mari\u00e9e en qu\u00eate d\u2019originalit\u00e9 et de douceur.","robots":{"index":"index","follow":"follow","max-snippet":"max-snippet:-1","max-image-preview":"max-image-preview:large","max-video-preview":"max-video-preview:-1"},"canonical":"https:\/\/perlya-bijoux.com\/index.php\/product\/collier-de-dos-voile-de-perles\/","og_locale":"fr_FR","og_type":"article","og_title":"Collier de dos Voile de Perles - Perlya","og_description":"Fait main avec soin, le collier de dos Voile de Perles sublime les robes de mari\u00e9e dos nu avec \u00e9l\u00e9gance. Ses perles d\u00e9licates et sa cha\u00eene dor\u00e9e apportent une touche raffin\u00e9e et lumineuse, id\u00e9ale pour une mari\u00e9e en qu\u00eate d\u2019originalit\u00e9 et de douceur.","og_url":"https:\/\/perlya-bijoux.com\/index.php\/product\/collier-de-dos-voile-de-perles\/","og_site_name":"Perlya","article_modified_time":"2026-02-05T22:48:13+00:00","og_image":[{"width":2145,"height":2145,"url":"http:\/\/perlya-bijoux.com\/wp-content\/uploads\/2026\/01\/collier-de-dos-voile-de-perle-1.jpg","type":"image\/jpeg"}],"twitter_card":"summary_large_image","twitter_misc":{"Dur\u00e9e de lecture estim\u00e9e":"1 minute"},"schema":{"@context":"https:\/\/schema.org","@graph":[{"@type":"WebPage","@id":"https:\/\/perlya-bijoux.com\/index.php\/product\/collier-de-dos-voile-de-perles\/","url":"https:\/\/perlya-bijoux.com\/index.php\/product\/collier-de-dos-voile-de-perles\/","name":"Collier de dos Voile de Perles - Perlya","isPartOf":{"@id":"https:\/\/perlya-bijoux.com\/#website"},"primaryImageOfPage":{"@id":"https:\/\/perlya-bijoux.com\/index.php\/product\/collier-de-dos-voile-de-perles\/#primaryimage"},"image":{"@id":"https:\/\/perlya-bijoux.com\/index.php\/product\/collier-de-dos-voile-de-perles\/#primaryimage"},"thumbnailUrl":"https:\/\/perlya-bijoux.com\/wp-content\/uploads\/2026\/01\/collier-de-dos-voile-de-perle-1.jpg","datePublished":"2026-01-02T19:54:40+00:00","dateModified":"2026-02-05T22:48:13+00:00","description":"Fait main avec soin, le collier de dos Voile de Perles sublime les robes de mari\u00e9e dos nu avec \u00e9l\u00e9gance. Ses perles d\u00e9licates et sa cha\u00eene dor\u00e9e apportent une touche raffin\u00e9e et lumineuse, id\u00e9ale pour une mari\u00e9e en qu\u00eate d\u2019originalit\u00e9 et de douceur.","breadcrumb":{"@id":"https:\/\/perlya-bijoux.com\/index.php\/product\/collier-de-dos-voile-de-perles\/#breadcrumb"},"inLanguage":"fr-FR","potentialAction":[{"@type":"ReadAction","target":["https:\/\/perlya-bijoux.com\/index.php\/product\/collier-de-dos-voile-de-perles\/"]}]},{"@type":"ImageObject","inLanguage":"fr-FR","@id":"https:\/\/perlya-bijoux.com\/index.php\/product\/collier-de-dos-voile-de-perles\/#primaryimage","url":"https:\/\/perlya-bijoux.com\/wp-content\/uploads\/2026\/01\/collier-de-dos-voile-de-perle-1.jpg","contentUrl":"https:\/\/perlya-bijoux.com\/wp-content\/uploads\/2026\/01\/collier-de-dos-voile-de-perle-1.jpg","width":2145,"height":2145},{"@type":"BreadcrumbList","@id":"https:\/\/perlya-bijoux.com\/index.php\/product\/collier-de-dos-voile-de-perles\/#breadcrumb","itemListElement":[{"@type":"ListItem","position":1,"name":"Accueil","item":"https:\/\/perlya-bijoux.com\/"},{"@type":"ListItem","position":2,"name":"Boutique","item":"https:\/\/perlya-bijoux.com\/index.php\/boutique\/"},{"@type":"ListItem","position":3,"name":"Collier de dos Voile de Perles"}]},{"@type":"WebSite","@id":"https:\/\/perlya-bijoux.com\/#website","url":"https:\/\/perlya-bijoux.com\/","name":"Perlya","description":"","potentialAction":[{"@type":"SearchAction","target":{"@type":"EntryPoint","urlTemplate":"https:\/\/perlya-bijoux.com\/?s={search_term_string}"},"query-input":{"@type":"PropertyValueSpecification","valueRequired":true,"valueName":"search_term_string"}}],"inLanguage":"fr-FR"}]}},"_links":{"self":[{"href":"https:\/\/perlya-bijoux.com\/index.php\/wp-json\/wp\/v2\/product\/3192","targetHints":{"allow":["GET"]}}],"collection":[{"href":"https:\/\/perlya-bijoux.com\/index.php\/wp-json\/wp\/v2\/product"}],"about":[{"href":"https:\/\/perlya-bijoux.com\/index.php\/wp-json\/wp\/v2\/types\/product"}],"replies":[{"embeddable":true,"href":"https:\/\/perlya-bijoux.com\/index.php\/wp-json\/wp\/v2\/comments?post=3192"}],"wp:featuredmedia":[{"embeddable":true,"href":"https:\/\/perlya-bijoux.com\/index.php\/wp-json\/wp\/v2\/media\/3197"}],"wp:attachment":[{"href":"https:\/\/perlya-bijoux.com\/index.php\/wp-json\/wp\/v2\/media?parent=3192"}],"wp:term":[{"taxonomy":"product_brand","embeddable":true,"href":"https:\/\/perlya-bijoux.com\/index.php\/wp-json\/wp\/v2\/product_brand?post=3192"},{"taxonomy":"product_cat","embeddable":true,"href":"https:\/\/perlya-bijoux.com\/index.php\/wp-json\/wp\/v2\/product_cat?post=3192"},{"taxonomy":"product_tag","embeddable":true,"href":"https:\/\/perlya-bijoux.com\/index.php\/wp-json\/wp\/v2\/product_tag?post=3192"}],"curies":[{"name":"wp","href":"https:\/\/api.w.org\/{rel}","templated":true}]}}