{"id":3221,"date":"2026-01-15T15:00:35","date_gmt":"2026-01-15T15:00:35","guid":{"rendered":"https:\/\/perlya-bijoux.com\/?post_type=product&#038;p=3221"},"modified":"2026-02-05T20:52:02","modified_gmt":"2026-02-05T20:52:02","slug":"collier-perles-dinstant","status":"publish","type":"product","link":"https:\/\/perlya-bijoux.com\/index.php\/product\/collier-perles-dinstant\/","title":{"rendered":"Collier Perles d&#8217;instant"},"content":{"rendered":"<p>Le collier <em>Perles d\u2019Instant<\/em> est un bijou artisanal, enti\u00e8rement r\u00e9alis\u00e9 \u00e0 la main, o\u00f9 chaque perle est dispos\u00e9e avec soin.<\/p>\n<p>Son design \u00e9pur\u00e9 et raffin\u00e9 met en valeur le port de t\u00eate avec douceur, offrant une touche pr\u00e9cieuse sans exc\u00e8s.<\/p>\n<p>Pens\u00e9 pour une mari\u00e9e unique, il accompagne la robe avec \u00e9l\u00e9gance et peut \u00e9galement se d\u00e9cliner en collier de dos, id\u00e9al pour sublimer une robe de mari\u00e9e dos nu avec originalit\u00e9 et finesse.<\/p>\n<p>Il existe \u00e9galement en version collier de dos pour magnifier les robes dos nu.<\/p>\n","protected":false},"excerpt":{"rendered":"<p>Le collier <em>Perles d\u2019Instant<\/em> est une cr\u00e9ation faite main, d\u00e9licate et lumineuse. Une pi\u00e8ce unique pens\u00e9e pour sublimer la mari\u00e9e avec simplicit\u00e9 et \u00e9l\u00e9gance.<\/p>\n","protected":false},"featured_media":3220,"comment_status":"open","ping_status":"closed","template":"","meta":[],"product_brand":[],"product_cat":[53,93],"product_tag":[],"class_list":{"0":"post-3221","1":"product","2":"type-product","3":"status-publish","4":"has-post-thumbnail","6":"product_cat-bijoux-mariee","7":"product_cat-colliers-mariee","9":"first","10":"instock","11":"shipping-taxable","12":"purchasable","13":"product-type-simple"},"yoast_head":"<!-- This site is optimized with the Yoast SEO plugin v26.9 - https:\/\/yoast.com\/product\/yoast-seo-wordpress\/ -->\n<title>Collier Perles d&#039;instant - Perlya<\/title>\n<meta name=\"description\" content=\"Existe aussi en collier de dos pour sublimer une robe de mari\u00e9e dos nu avec \u00e9l\u00e9gance, artisanaux, artisanal, mariage\" \/>\n<meta name=\"robots\" content=\"index, follow, max-snippet:-1, max-image-preview:large, max-video-preview:-1\" \/>\n<link rel=\"canonical\" href=\"https:\/\/perlya-bijoux.com\/index.php\/product\/collier-perles-dinstant\/\" \/>\n<meta property=\"og:locale\" content=\"fr_FR\" \/>\n<meta property=\"og:type\" content=\"article\" \/>\n<meta property=\"og:title\" content=\"Collier Perles d&#039;instant - Perlya\" \/>\n<meta property=\"og:description\" content=\"Existe aussi en collier de dos pour sublimer une robe de mari\u00e9e dos nu avec \u00e9l\u00e9gance, artisanaux, artisanal, mariage\" \/>\n<meta property=\"og:url\" content=\"https:\/\/perlya-bijoux.com\/index.php\/product\/collier-perles-dinstant\/\" \/>\n<meta property=\"og:site_name\" content=\"Perlya\" \/>\n<meta property=\"article:modified_time\" content=\"2026-02-05T20:52:02+00:00\" \/>\n<meta property=\"og:image\" content=\"http:\/\/perlya-bijoux.com\/wp-content\/uploads\/2026\/01\/collier-perle-dinstant-et-bc-arabesque-nacree.jpg\" \/>\n\t<meta property=\"og:image:width\" content=\"2339\" \/>\n\t<meta property=\"og:image:height\" content=\"2340\" \/>\n\t<meta property=\"og:image:type\" content=\"image\/jpeg\" \/>\n<meta name=\"twitter:card\" content=\"summary_large_image\" \/>\n<meta name=\"twitter:label1\" content=\"Dur\u00e9e de lecture estim\u00e9e\" \/>\n\t<meta name=\"twitter:data1\" content=\"1 minute\" \/>\n<script type=\"application\/ld+json\" class=\"yoast-schema-graph\">{\"@context\":\"https:\/\/schema.org\",\"@graph\":[{\"@type\":\"WebPage\",\"@id\":\"https:\/\/perlya-bijoux.com\/index.php\/product\/collier-perles-dinstant\/\",\"url\":\"https:\/\/perlya-bijoux.com\/index.php\/product\/collier-perles-dinstant\/\",\"name\":\"Collier Perles d'instant - Perlya\",\"isPartOf\":{\"@id\":\"https:\/\/perlya-bijoux.com\/#website\"},\"primaryImageOfPage\":{\"@id\":\"https:\/\/perlya-bijoux.com\/index.php\/product\/collier-perles-dinstant\/#primaryimage\"},\"image\":{\"@id\":\"https:\/\/perlya-bijoux.com\/index.php\/product\/collier-perles-dinstant\/#primaryimage\"},\"thumbnailUrl\":\"https:\/\/perlya-bijoux.com\/wp-content\/uploads\/2026\/01\/collier-perle-dinstant-et-bc-arabesque-nacree.jpg\",\"datePublished\":\"2026-01-15T15:00:35+00:00\",\"dateModified\":\"2026-02-05T20:52:02+00:00\",\"description\":\"Existe aussi en collier de dos pour sublimer une robe de mari\u00e9e dos nu avec \u00e9l\u00e9gance, artisanaux, artisanal, mariage\",\"breadcrumb\":{\"@id\":\"https:\/\/perlya-bijoux.com\/index.php\/product\/collier-perles-dinstant\/#breadcrumb\"},\"inLanguage\":\"fr-FR\",\"potentialAction\":[{\"@type\":\"ReadAction\",\"target\":[\"https:\/\/perlya-bijoux.com\/index.php\/product\/collier-perles-dinstant\/\"]}]},{\"@type\":\"ImageObject\",\"inLanguage\":\"fr-FR\",\"@id\":\"https:\/\/perlya-bijoux.com\/index.php\/product\/collier-perles-dinstant\/#primaryimage\",\"url\":\"https:\/\/perlya-bijoux.com\/wp-content\/uploads\/2026\/01\/collier-perle-dinstant-et-bc-arabesque-nacree.jpg\",\"contentUrl\":\"https:\/\/perlya-bijoux.com\/wp-content\/uploads\/2026\/01\/collier-perle-dinstant-et-bc-arabesque-nacree.jpg\",\"width\":2339,\"height\":2340},{\"@type\":\"BreadcrumbList\",\"@id\":\"https:\/\/perlya-bijoux.com\/index.php\/product\/collier-perles-dinstant\/#breadcrumb\",\"itemListElement\":[{\"@type\":\"ListItem\",\"position\":1,\"name\":\"Accueil\",\"item\":\"https:\/\/perlya-bijoux.com\/\"},{\"@type\":\"ListItem\",\"position\":2,\"name\":\"Boutique\",\"item\":\"https:\/\/perlya-bijoux.com\/index.php\/boutique\/\"},{\"@type\":\"ListItem\",\"position\":3,\"name\":\"Collier Perles d&#8217;instant\"}]},{\"@type\":\"WebSite\",\"@id\":\"https:\/\/perlya-bijoux.com\/#website\",\"url\":\"https:\/\/perlya-bijoux.com\/\",\"name\":\"Perlya\",\"description\":\"\",\"potentialAction\":[{\"@type\":\"SearchAction\",\"target\":{\"@type\":\"EntryPoint\",\"urlTemplate\":\"https:\/\/perlya-bijoux.com\/?s={search_term_string}\"},\"query-input\":{\"@type\":\"PropertyValueSpecification\",\"valueRequired\":true,\"valueName\":\"search_term_string\"}}],\"inLanguage\":\"fr-FR\"}]}<\/script>\n<!-- \/ Yoast SEO plugin. -->","yoast_head_json":{"title":"Collier Perles d'instant - Perlya","description":"Existe aussi en collier de dos pour sublimer une robe de mari\u00e9e dos nu avec \u00e9l\u00e9gance, artisanaux, artisanal, mariage","robots":{"index":"index","follow":"follow","max-snippet":"max-snippet:-1","max-image-preview":"max-image-preview:large","max-video-preview":"max-video-preview:-1"},"canonical":"https:\/\/perlya-bijoux.com\/index.php\/product\/collier-perles-dinstant\/","og_locale":"fr_FR","og_type":"article","og_title":"Collier Perles d'instant - Perlya","og_description":"Existe aussi en collier de dos pour sublimer une robe de mari\u00e9e dos nu avec \u00e9l\u00e9gance, artisanaux, artisanal, mariage","og_url":"https:\/\/perlya-bijoux.com\/index.php\/product\/collier-perles-dinstant\/","og_site_name":"Perlya","article_modified_time":"2026-02-05T20:52:02+00:00","og_image":[{"width":2339,"height":2340,"url":"http:\/\/perlya-bijoux.com\/wp-content\/uploads\/2026\/01\/collier-perle-dinstant-et-bc-arabesque-nacree.jpg","type":"image\/jpeg"}],"twitter_card":"summary_large_image","twitter_misc":{"Dur\u00e9e de lecture estim\u00e9e":"1 minute"},"schema":{"@context":"https:\/\/schema.org","@graph":[{"@type":"WebPage","@id":"https:\/\/perlya-bijoux.com\/index.php\/product\/collier-perles-dinstant\/","url":"https:\/\/perlya-bijoux.com\/index.php\/product\/collier-perles-dinstant\/","name":"Collier Perles d'instant - Perlya","isPartOf":{"@id":"https:\/\/perlya-bijoux.com\/#website"},"primaryImageOfPage":{"@id":"https:\/\/perlya-bijoux.com\/index.php\/product\/collier-perles-dinstant\/#primaryimage"},"image":{"@id":"https:\/\/perlya-bijoux.com\/index.php\/product\/collier-perles-dinstant\/#primaryimage"},"thumbnailUrl":"https:\/\/perlya-bijoux.com\/wp-content\/uploads\/2026\/01\/collier-perle-dinstant-et-bc-arabesque-nacree.jpg","datePublished":"2026-01-15T15:00:35+00:00","dateModified":"2026-02-05T20:52:02+00:00","description":"Existe aussi en collier de dos pour sublimer une robe de mari\u00e9e dos nu avec \u00e9l\u00e9gance, artisanaux, artisanal, mariage","breadcrumb":{"@id":"https:\/\/perlya-bijoux.com\/index.php\/product\/collier-perles-dinstant\/#breadcrumb"},"inLanguage":"fr-FR","potentialAction":[{"@type":"ReadAction","target":["https:\/\/perlya-bijoux.com\/index.php\/product\/collier-perles-dinstant\/"]}]},{"@type":"ImageObject","inLanguage":"fr-FR","@id":"https:\/\/perlya-bijoux.com\/index.php\/product\/collier-perles-dinstant\/#primaryimage","url":"https:\/\/perlya-bijoux.com\/wp-content\/uploads\/2026\/01\/collier-perle-dinstant-et-bc-arabesque-nacree.jpg","contentUrl":"https:\/\/perlya-bijoux.com\/wp-content\/uploads\/2026\/01\/collier-perle-dinstant-et-bc-arabesque-nacree.jpg","width":2339,"height":2340},{"@type":"BreadcrumbList","@id":"https:\/\/perlya-bijoux.com\/index.php\/product\/collier-perles-dinstant\/#breadcrumb","itemListElement":[{"@type":"ListItem","position":1,"name":"Accueil","item":"https:\/\/perlya-bijoux.com\/"},{"@type":"ListItem","position":2,"name":"Boutique","item":"https:\/\/perlya-bijoux.com\/index.php\/boutique\/"},{"@type":"ListItem","position":3,"name":"Collier Perles d&#8217;instant"}]},{"@type":"WebSite","@id":"https:\/\/perlya-bijoux.com\/#website","url":"https:\/\/perlya-bijoux.com\/","name":"Perlya","description":"","potentialAction":[{"@type":"SearchAction","target":{"@type":"EntryPoint","urlTemplate":"https:\/\/perlya-bijoux.com\/?s={search_term_string}"},"query-input":{"@type":"PropertyValueSpecification","valueRequired":true,"valueName":"search_term_string"}}],"inLanguage":"fr-FR"}]}},"_links":{"self":[{"href":"https:\/\/perlya-bijoux.com\/index.php\/wp-json\/wp\/v2\/product\/3221","targetHints":{"allow":["GET"]}}],"collection":[{"href":"https:\/\/perlya-bijoux.com\/index.php\/wp-json\/wp\/v2\/product"}],"about":[{"href":"https:\/\/perlya-bijoux.com\/index.php\/wp-json\/wp\/v2\/types\/product"}],"replies":[{"embeddable":true,"href":"https:\/\/perlya-bijoux.com\/index.php\/wp-json\/wp\/v2\/comments?post=3221"}],"wp:featuredmedia":[{"embeddable":true,"href":"https:\/\/perlya-bijoux.com\/index.php\/wp-json\/wp\/v2\/media\/3220"}],"wp:attachment":[{"href":"https:\/\/perlya-bijoux.com\/index.php\/wp-json\/wp\/v2\/media?parent=3221"}],"wp:term":[{"taxonomy":"product_brand","embeddable":true,"href":"https:\/\/perlya-bijoux.com\/index.php\/wp-json\/wp\/v2\/product_brand?post=3221"},{"taxonomy":"product_cat","embeddable":true,"href":"https:\/\/perlya-bijoux.com\/index.php\/wp-json\/wp\/v2\/product_cat?post=3221"},{"taxonomy":"product_tag","embeddable":true,"href":"https:\/\/perlya-bijoux.com\/index.php\/wp-json\/wp\/v2\/product_tag?post=3221"}],"curies":[{"name":"wp","href":"https:\/\/api.w.org\/{rel}","templated":true}]}}