{"id":3222,"date":"2026-01-15T14:55:10","date_gmt":"2026-01-15T14:55:10","guid":{"rendered":"https:\/\/perlya-bijoux.com\/?post_type=product&#038;p=3222"},"modified":"2026-02-06T15:14:27","modified_gmt":"2026-02-06T15:14:27","slug":"collier-de-dos-perles-dinstant","status":"publish","type":"product","link":"https:\/\/perlya-bijoux.com\/index.php\/product\/collier-de-dos-perles-dinstant\/","title":{"rendered":"Collier de dos Perles d&#8217;instant"},"content":{"rendered":"<p>Le collier de dos <strong><em>Perles d\u2019Instant<\/em><\/strong> a \u00e9t\u00e9 imagin\u00e9 comme un bijou d\u2019exception pour accompagner les mari\u00e9es qui souhaitent r\u00e9v\u00e9ler leur dos avec subtilit\u00e9 et raffinement.<\/p>\n<p>Enti\u00e8rement fa\u00e7onn\u00e9 \u00e0 la main, chaque d\u00e9tail est soigneusement travaill\u00e9 pour offrir une pi\u00e8ce unique, empreinte de douceur et de po\u00e9sie. Les perles, d\u00e9licatement espac\u00e9es le long de la cha\u00eene dor\u00e9e, cr\u00e9ent un jeu de lumi\u00e8re \u00e9l\u00e9gant qui souligne la ligne du dos avec finesse.<\/p>\n<p>Le collier se termine par une petite fleur stylis\u00e9e, qui repose juste au-dessus du bas du dos. Ce pendentif floral final apporte une touche symbolique et d\u00e9licate, signature d\u2019un bijou pens\u00e9 pour un moment unique.<\/p>\n<p>Ce collier de dos sublime la robe sans la dominer, offrant \u00e0 la mari\u00e9e un bijou intemporel, \u00e0 la fois discret, original et profond\u00e9ment raffin\u00e9.<\/p>\n","protected":false},"excerpt":{"rendered":"<p>Le collier de dos <strong><em>Perles d\u2019Instant<\/em><\/strong> est une cr\u00e9ation faite main, d\u00e9licate et lumineuse. Pens\u00e9 pour sublimer une robe de mari\u00e9e dos nu, il apporte une touche raffin\u00e9e et unique tout en douceur.<\/p>\n","protected":false},"featured_media":3223,"comment_status":"open","ping_status":"closed","template":"","meta":[],"product_brand":[],"product_cat":[53,97],"product_tag":[],"class_list":{"0":"post-3222","1":"product","2":"type-product","3":"status-publish","4":"has-post-thumbnail","6":"product_cat-bijoux-mariee","7":"product_cat-colliers-dos","9":"first","10":"instock","11":"shipping-taxable","12":"purchasable","13":"product-type-simple"},"yoast_head":"<!-- This site is optimized with the Yoast SEO plugin v26.9 - https:\/\/yoast.com\/product\/yoast-seo-wordpress\/ -->\n<title>Collier de dos Perles d&#039;instant - Perlya<\/title>\n<meta name=\"description\" content=\"Bijou artisanal raffin\u00e9 et unique, id\u00e9al pour sublimer une robe de mari\u00e9e dos nu avec \u00e9l\u00e9gance fleur floral pendentif\" \/>\n<meta name=\"robots\" content=\"index, follow, max-snippet:-1, max-image-preview:large, max-video-preview:-1\" \/>\n<link rel=\"canonical\" href=\"https:\/\/perlya-bijoux.com\/index.php\/product\/collier-de-dos-perles-dinstant\/\" \/>\n<meta property=\"og:locale\" content=\"fr_FR\" \/>\n<meta property=\"og:type\" content=\"article\" \/>\n<meta property=\"og:title\" content=\"Collier de dos Perles d&#039;instant - Perlya\" \/>\n<meta property=\"og:description\" content=\"Bijou artisanal raffin\u00e9 et unique, id\u00e9al pour sublimer une robe de mari\u00e9e dos nu avec \u00e9l\u00e9gance fleur floral pendentif\" \/>\n<meta property=\"og:url\" content=\"https:\/\/perlya-bijoux.com\/index.php\/product\/collier-de-dos-perles-dinstant\/\" \/>\n<meta property=\"og:site_name\" content=\"Perlya\" \/>\n<meta property=\"article:modified_time\" content=\"2026-02-06T15:14:27+00:00\" \/>\n<meta property=\"og:image\" content=\"http:\/\/perlya-bijoux.com\/wp-content\/uploads\/2026\/01\/IMG_20251229_133528-1-scaled.jpg\" \/>\n\t<meta property=\"og:image:width\" content=\"2560\" \/>\n\t<meta property=\"og:image:height\" content=\"2560\" \/>\n\t<meta property=\"og:image:type\" content=\"image\/jpeg\" \/>\n<meta name=\"twitter:card\" content=\"summary_large_image\" \/>\n<meta name=\"twitter:label1\" content=\"Dur\u00e9e de lecture estim\u00e9e\" \/>\n\t<meta name=\"twitter:data1\" content=\"1 minute\" \/>\n<script type=\"application\/ld+json\" class=\"yoast-schema-graph\">{\"@context\":\"https:\/\/schema.org\",\"@graph\":[{\"@type\":\"WebPage\",\"@id\":\"https:\/\/perlya-bijoux.com\/index.php\/product\/collier-de-dos-perles-dinstant\/\",\"url\":\"https:\/\/perlya-bijoux.com\/index.php\/product\/collier-de-dos-perles-dinstant\/\",\"name\":\"Collier de dos Perles d'instant - Perlya\",\"isPartOf\":{\"@id\":\"https:\/\/perlya-bijoux.com\/#website\"},\"primaryImageOfPage\":{\"@id\":\"https:\/\/perlya-bijoux.com\/index.php\/product\/collier-de-dos-perles-dinstant\/#primaryimage\"},\"image\":{\"@id\":\"https:\/\/perlya-bijoux.com\/index.php\/product\/collier-de-dos-perles-dinstant\/#primaryimage\"},\"thumbnailUrl\":\"https:\/\/perlya-bijoux.com\/wp-content\/uploads\/2026\/01\/IMG_20251229_133528-1-scaled.jpg\",\"datePublished\":\"2026-01-15T14:55:10+00:00\",\"dateModified\":\"2026-02-06T15:14:27+00:00\",\"description\":\"Bijou artisanal raffin\u00e9 et unique, id\u00e9al pour sublimer une robe de mari\u00e9e dos nu avec \u00e9l\u00e9gance fleur floral pendentif\",\"breadcrumb\":{\"@id\":\"https:\/\/perlya-bijoux.com\/index.php\/product\/collier-de-dos-perles-dinstant\/#breadcrumb\"},\"inLanguage\":\"fr-FR\",\"potentialAction\":[{\"@type\":\"ReadAction\",\"target\":[\"https:\/\/perlya-bijoux.com\/index.php\/product\/collier-de-dos-perles-dinstant\/\"]}]},{\"@type\":\"ImageObject\",\"inLanguage\":\"fr-FR\",\"@id\":\"https:\/\/perlya-bijoux.com\/index.php\/product\/collier-de-dos-perles-dinstant\/#primaryimage\",\"url\":\"https:\/\/perlya-bijoux.com\/wp-content\/uploads\/2026\/01\/IMG_20251229_133528-1-scaled.jpg\",\"contentUrl\":\"https:\/\/perlya-bijoux.com\/wp-content\/uploads\/2026\/01\/IMG_20251229_133528-1-scaled.jpg\",\"width\":2560,\"height\":2560},{\"@type\":\"BreadcrumbList\",\"@id\":\"https:\/\/perlya-bijoux.com\/index.php\/product\/collier-de-dos-perles-dinstant\/#breadcrumb\",\"itemListElement\":[{\"@type\":\"ListItem\",\"position\":1,\"name\":\"Accueil\",\"item\":\"https:\/\/perlya-bijoux.com\/\"},{\"@type\":\"ListItem\",\"position\":2,\"name\":\"Boutique\",\"item\":\"https:\/\/perlya-bijoux.com\/index.php\/boutique\/\"},{\"@type\":\"ListItem\",\"position\":3,\"name\":\"Collier de dos Perles d&#8217;instant\"}]},{\"@type\":\"WebSite\",\"@id\":\"https:\/\/perlya-bijoux.com\/#website\",\"url\":\"https:\/\/perlya-bijoux.com\/\",\"name\":\"Perlya\",\"description\":\"\",\"potentialAction\":[{\"@type\":\"SearchAction\",\"target\":{\"@type\":\"EntryPoint\",\"urlTemplate\":\"https:\/\/perlya-bijoux.com\/?s={search_term_string}\"},\"query-input\":{\"@type\":\"PropertyValueSpecification\",\"valueRequired\":true,\"valueName\":\"search_term_string\"}}],\"inLanguage\":\"fr-FR\"}]}<\/script>\n<!-- \/ Yoast SEO plugin. -->","yoast_head_json":{"title":"Collier de dos Perles d'instant - Perlya","description":"Bijou artisanal raffin\u00e9 et unique, id\u00e9al pour sublimer une robe de mari\u00e9e dos nu avec \u00e9l\u00e9gance fleur floral pendentif","robots":{"index":"index","follow":"follow","max-snippet":"max-snippet:-1","max-image-preview":"max-image-preview:large","max-video-preview":"max-video-preview:-1"},"canonical":"https:\/\/perlya-bijoux.com\/index.php\/product\/collier-de-dos-perles-dinstant\/","og_locale":"fr_FR","og_type":"article","og_title":"Collier de dos Perles d'instant - Perlya","og_description":"Bijou artisanal raffin\u00e9 et unique, id\u00e9al pour sublimer une robe de mari\u00e9e dos nu avec \u00e9l\u00e9gance fleur floral pendentif","og_url":"https:\/\/perlya-bijoux.com\/index.php\/product\/collier-de-dos-perles-dinstant\/","og_site_name":"Perlya","article_modified_time":"2026-02-06T15:14:27+00:00","og_image":[{"width":2560,"height":2560,"url":"http:\/\/perlya-bijoux.com\/wp-content\/uploads\/2026\/01\/IMG_20251229_133528-1-scaled.jpg","type":"image\/jpeg"}],"twitter_card":"summary_large_image","twitter_misc":{"Dur\u00e9e de lecture estim\u00e9e":"1 minute"},"schema":{"@context":"https:\/\/schema.org","@graph":[{"@type":"WebPage","@id":"https:\/\/perlya-bijoux.com\/index.php\/product\/collier-de-dos-perles-dinstant\/","url":"https:\/\/perlya-bijoux.com\/index.php\/product\/collier-de-dos-perles-dinstant\/","name":"Collier de dos Perles d'instant - Perlya","isPartOf":{"@id":"https:\/\/perlya-bijoux.com\/#website"},"primaryImageOfPage":{"@id":"https:\/\/perlya-bijoux.com\/index.php\/product\/collier-de-dos-perles-dinstant\/#primaryimage"},"image":{"@id":"https:\/\/perlya-bijoux.com\/index.php\/product\/collier-de-dos-perles-dinstant\/#primaryimage"},"thumbnailUrl":"https:\/\/perlya-bijoux.com\/wp-content\/uploads\/2026\/01\/IMG_20251229_133528-1-scaled.jpg","datePublished":"2026-01-15T14:55:10+00:00","dateModified":"2026-02-06T15:14:27+00:00","description":"Bijou artisanal raffin\u00e9 et unique, id\u00e9al pour sublimer une robe de mari\u00e9e dos nu avec \u00e9l\u00e9gance fleur floral pendentif","breadcrumb":{"@id":"https:\/\/perlya-bijoux.com\/index.php\/product\/collier-de-dos-perles-dinstant\/#breadcrumb"},"inLanguage":"fr-FR","potentialAction":[{"@type":"ReadAction","target":["https:\/\/perlya-bijoux.com\/index.php\/product\/collier-de-dos-perles-dinstant\/"]}]},{"@type":"ImageObject","inLanguage":"fr-FR","@id":"https:\/\/perlya-bijoux.com\/index.php\/product\/collier-de-dos-perles-dinstant\/#primaryimage","url":"https:\/\/perlya-bijoux.com\/wp-content\/uploads\/2026\/01\/IMG_20251229_133528-1-scaled.jpg","contentUrl":"https:\/\/perlya-bijoux.com\/wp-content\/uploads\/2026\/01\/IMG_20251229_133528-1-scaled.jpg","width":2560,"height":2560},{"@type":"BreadcrumbList","@id":"https:\/\/perlya-bijoux.com\/index.php\/product\/collier-de-dos-perles-dinstant\/#breadcrumb","itemListElement":[{"@type":"ListItem","position":1,"name":"Accueil","item":"https:\/\/perlya-bijoux.com\/"},{"@type":"ListItem","position":2,"name":"Boutique","item":"https:\/\/perlya-bijoux.com\/index.php\/boutique\/"},{"@type":"ListItem","position":3,"name":"Collier de dos Perles d&#8217;instant"}]},{"@type":"WebSite","@id":"https:\/\/perlya-bijoux.com\/#website","url":"https:\/\/perlya-bijoux.com\/","name":"Perlya","description":"","potentialAction":[{"@type":"SearchAction","target":{"@type":"EntryPoint","urlTemplate":"https:\/\/perlya-bijoux.com\/?s={search_term_string}"},"query-input":{"@type":"PropertyValueSpecification","valueRequired":true,"valueName":"search_term_string"}}],"inLanguage":"fr-FR"}]}},"_links":{"self":[{"href":"https:\/\/perlya-bijoux.com\/index.php\/wp-json\/wp\/v2\/product\/3222","targetHints":{"allow":["GET"]}}],"collection":[{"href":"https:\/\/perlya-bijoux.com\/index.php\/wp-json\/wp\/v2\/product"}],"about":[{"href":"https:\/\/perlya-bijoux.com\/index.php\/wp-json\/wp\/v2\/types\/product"}],"replies":[{"embeddable":true,"href":"https:\/\/perlya-bijoux.com\/index.php\/wp-json\/wp\/v2\/comments?post=3222"}],"wp:featuredmedia":[{"embeddable":true,"href":"https:\/\/perlya-bijoux.com\/index.php\/wp-json\/wp\/v2\/media\/3223"}],"wp:attachment":[{"href":"https:\/\/perlya-bijoux.com\/index.php\/wp-json\/wp\/v2\/media?parent=3222"}],"wp:term":[{"taxonomy":"product_brand","embeddable":true,"href":"https:\/\/perlya-bijoux.com\/index.php\/wp-json\/wp\/v2\/product_brand?post=3222"},{"taxonomy":"product_cat","embeddable":true,"href":"https:\/\/perlya-bijoux.com\/index.php\/wp-json\/wp\/v2\/product_cat?post=3222"},{"taxonomy":"product_tag","embeddable":true,"href":"https:\/\/perlya-bijoux.com\/index.php\/wp-json\/wp\/v2\/product_tag?post=3222"}],"curies":[{"name":"wp","href":"https:\/\/api.w.org\/{rel}","templated":true}]}}