{"id":3227,"date":"2026-01-15T14:30:34","date_gmt":"2026-01-15T14:30:34","guid":{"rendered":"https:\/\/perlya-bijoux.com\/?post_type=product&#038;p=3227"},"modified":"2026-02-05T21:08:11","modified_gmt":"2026-02-05T21:08:11","slug":"boucles-doreilles-rosee-fine","status":"publish","type":"product","link":"https:\/\/perlya-bijoux.com\/index.php\/product\/boucles-doreilles-rosee-fine\/","title":{"rendered":"Boucles d&#8217;oreilles Ros\u00e9e fine"},"content":{"rendered":"<p>Les boucles d\u2019oreilles <strong>Ros\u00e9e Fine<\/strong> accompagnent la mari\u00e9e avec une \u00e9l\u00e9gance naturelle.<br \/>\nCompos\u00e9es de perles nacr\u00e9es et de perles de verre mont\u00e9es sur une structure en acier inoxydable, elles offrent un tomb\u00e9 d\u00e9licat et lumineux.<\/p>\n<p>Chaque paire est r\u00e9alis\u00e9e artisanalement, faisant de ce bijou une pi\u00e8ce unique, id\u00e9ale pour mettre en valeur le visage et s\u2019accorder parfaitement au collier de dos <strong>Ros\u00e9e d\u2019Ivoire<\/strong>.<\/p>\n","protected":false},"excerpt":{"rendered":"<p>Des boucles d\u2019oreilles fines et lumineuses, cr\u00e9\u00e9es \u00e0 la main pour sublimer la mari\u00e9e avec \u00e9l\u00e9gance et l\u00e9g\u00e8ret\u00e9.<\/p>\n","protected":false},"featured_media":3228,"comment_status":"open","ping_status":"closed","template":"","meta":[],"product_brand":[],"product_cat":[53,67],"product_tag":[],"class_list":{"0":"post-3227","1":"product","2":"type-product","3":"status-publish","4":"has-post-thumbnail","6":"product_cat-bijoux-mariee","7":"product_cat-bouclesoreille","9":"first","10":"instock","11":"shipping-taxable","12":"purchasable","13":"product-type-simple"},"yoast_head":"<!-- This site is optimized with the Yoast SEO plugin v26.9 - https:\/\/yoast.com\/product\/yoast-seo-wordpress\/ -->\n<title>Boucles d&#039;oreilles Ros\u00e9e fine - Perlya<\/title>\n<meta name=\"description\" content=\"Boucles d\u2019oreilles pendantes, Mari\u00e9e, d\u00e9licat, Artisanale, Acier inoxydable, perles nacr\u00e9es, perles de verre, Unique\" \/>\n<meta name=\"robots\" content=\"index, follow, max-snippet:-1, max-image-preview:large, max-video-preview:-1\" \/>\n<link rel=\"canonical\" href=\"https:\/\/perlya-bijoux.com\/index.php\/product\/boucles-doreilles-rosee-fine\/\" \/>\n<meta property=\"og:locale\" content=\"fr_FR\" \/>\n<meta property=\"og:type\" content=\"article\" \/>\n<meta property=\"og:title\" content=\"Boucles d&#039;oreilles Ros\u00e9e fine - Perlya\" \/>\n<meta property=\"og:description\" content=\"Boucles d\u2019oreilles pendantes, Mari\u00e9e, d\u00e9licat, Artisanale, Acier inoxydable, perles nacr\u00e9es, perles de verre, Unique\" \/>\n<meta property=\"og:url\" content=\"https:\/\/perlya-bijoux.com\/index.php\/product\/boucles-doreilles-rosee-fine\/\" \/>\n<meta property=\"og:site_name\" content=\"Perlya\" \/>\n<meta property=\"article:modified_time\" content=\"2026-02-05T21:08:11+00:00\" \/>\n<meta property=\"og:image\" content=\"http:\/\/perlya-bijoux.com\/wp-content\/uploads\/2026\/01\/bc-rosee-fine.jpg\" \/>\n\t<meta property=\"og:image:width\" content=\"1438\" \/>\n\t<meta property=\"og:image:height\" content=\"1438\" \/>\n\t<meta property=\"og:image:type\" content=\"image\/jpeg\" \/>\n<meta name=\"twitter:card\" content=\"summary_large_image\" \/>\n<meta name=\"twitter:label1\" content=\"Dur\u00e9e de lecture estim\u00e9e\" \/>\n\t<meta name=\"twitter:data1\" content=\"1 minute\" \/>\n<script type=\"application\/ld+json\" class=\"yoast-schema-graph\">{\"@context\":\"https:\/\/schema.org\",\"@graph\":[{\"@type\":\"WebPage\",\"@id\":\"https:\/\/perlya-bijoux.com\/index.php\/product\/boucles-doreilles-rosee-fine\/\",\"url\":\"https:\/\/perlya-bijoux.com\/index.php\/product\/boucles-doreilles-rosee-fine\/\",\"name\":\"Boucles d'oreilles Ros\u00e9e fine - Perlya\",\"isPartOf\":{\"@id\":\"https:\/\/perlya-bijoux.com\/#website\"},\"primaryImageOfPage\":{\"@id\":\"https:\/\/perlya-bijoux.com\/index.php\/product\/boucles-doreilles-rosee-fine\/#primaryimage\"},\"image\":{\"@id\":\"https:\/\/perlya-bijoux.com\/index.php\/product\/boucles-doreilles-rosee-fine\/#primaryimage\"},\"thumbnailUrl\":\"https:\/\/perlya-bijoux.com\/wp-content\/uploads\/2026\/01\/bc-rosee-fine.jpg\",\"datePublished\":\"2026-01-15T14:30:34+00:00\",\"dateModified\":\"2026-02-05T21:08:11+00:00\",\"description\":\"Boucles d\u2019oreilles pendantes, Mari\u00e9e, d\u00e9licat, Artisanale, Acier inoxydable, perles nacr\u00e9es, perles de verre, Unique\",\"breadcrumb\":{\"@id\":\"https:\/\/perlya-bijoux.com\/index.php\/product\/boucles-doreilles-rosee-fine\/#breadcrumb\"},\"inLanguage\":\"fr-FR\",\"potentialAction\":[{\"@type\":\"ReadAction\",\"target\":[\"https:\/\/perlya-bijoux.com\/index.php\/product\/boucles-doreilles-rosee-fine\/\"]}]},{\"@type\":\"ImageObject\",\"inLanguage\":\"fr-FR\",\"@id\":\"https:\/\/perlya-bijoux.com\/index.php\/product\/boucles-doreilles-rosee-fine\/#primaryimage\",\"url\":\"https:\/\/perlya-bijoux.com\/wp-content\/uploads\/2026\/01\/bc-rosee-fine.jpg\",\"contentUrl\":\"https:\/\/perlya-bijoux.com\/wp-content\/uploads\/2026\/01\/bc-rosee-fine.jpg\",\"width\":1438,\"height\":1438},{\"@type\":\"BreadcrumbList\",\"@id\":\"https:\/\/perlya-bijoux.com\/index.php\/product\/boucles-doreilles-rosee-fine\/#breadcrumb\",\"itemListElement\":[{\"@type\":\"ListItem\",\"position\":1,\"name\":\"Accueil\",\"item\":\"https:\/\/perlya-bijoux.com\/\"},{\"@type\":\"ListItem\",\"position\":2,\"name\":\"Boutique\",\"item\":\"https:\/\/perlya-bijoux.com\/index.php\/boutique\/\"},{\"@type\":\"ListItem\",\"position\":3,\"name\":\"Boucles d&#8217;oreilles Ros\u00e9e fine\"}]},{\"@type\":\"WebSite\",\"@id\":\"https:\/\/perlya-bijoux.com\/#website\",\"url\":\"https:\/\/perlya-bijoux.com\/\",\"name\":\"Perlya\",\"description\":\"\",\"potentialAction\":[{\"@type\":\"SearchAction\",\"target\":{\"@type\":\"EntryPoint\",\"urlTemplate\":\"https:\/\/perlya-bijoux.com\/?s={search_term_string}\"},\"query-input\":{\"@type\":\"PropertyValueSpecification\",\"valueRequired\":true,\"valueName\":\"search_term_string\"}}],\"inLanguage\":\"fr-FR\"}]}<\/script>\n<!-- \/ Yoast SEO plugin. -->","yoast_head_json":{"title":"Boucles d'oreilles Ros\u00e9e fine - Perlya","description":"Boucles d\u2019oreilles pendantes, Mari\u00e9e, d\u00e9licat, Artisanale, Acier inoxydable, perles nacr\u00e9es, perles de verre, Unique","robots":{"index":"index","follow":"follow","max-snippet":"max-snippet:-1","max-image-preview":"max-image-preview:large","max-video-preview":"max-video-preview:-1"},"canonical":"https:\/\/perlya-bijoux.com\/index.php\/product\/boucles-doreilles-rosee-fine\/","og_locale":"fr_FR","og_type":"article","og_title":"Boucles d'oreilles Ros\u00e9e fine - Perlya","og_description":"Boucles d\u2019oreilles pendantes, Mari\u00e9e, d\u00e9licat, Artisanale, Acier inoxydable, perles nacr\u00e9es, perles de verre, Unique","og_url":"https:\/\/perlya-bijoux.com\/index.php\/product\/boucles-doreilles-rosee-fine\/","og_site_name":"Perlya","article_modified_time":"2026-02-05T21:08:11+00:00","og_image":[{"width":1438,"height":1438,"url":"http:\/\/perlya-bijoux.com\/wp-content\/uploads\/2026\/01\/bc-rosee-fine.jpg","type":"image\/jpeg"}],"twitter_card":"summary_large_image","twitter_misc":{"Dur\u00e9e de lecture estim\u00e9e":"1 minute"},"schema":{"@context":"https:\/\/schema.org","@graph":[{"@type":"WebPage","@id":"https:\/\/perlya-bijoux.com\/index.php\/product\/boucles-doreilles-rosee-fine\/","url":"https:\/\/perlya-bijoux.com\/index.php\/product\/boucles-doreilles-rosee-fine\/","name":"Boucles d'oreilles Ros\u00e9e fine - Perlya","isPartOf":{"@id":"https:\/\/perlya-bijoux.com\/#website"},"primaryImageOfPage":{"@id":"https:\/\/perlya-bijoux.com\/index.php\/product\/boucles-doreilles-rosee-fine\/#primaryimage"},"image":{"@id":"https:\/\/perlya-bijoux.com\/index.php\/product\/boucles-doreilles-rosee-fine\/#primaryimage"},"thumbnailUrl":"https:\/\/perlya-bijoux.com\/wp-content\/uploads\/2026\/01\/bc-rosee-fine.jpg","datePublished":"2026-01-15T14:30:34+00:00","dateModified":"2026-02-05T21:08:11+00:00","description":"Boucles d\u2019oreilles pendantes, Mari\u00e9e, d\u00e9licat, Artisanale, Acier inoxydable, perles nacr\u00e9es, perles de verre, Unique","breadcrumb":{"@id":"https:\/\/perlya-bijoux.com\/index.php\/product\/boucles-doreilles-rosee-fine\/#breadcrumb"},"inLanguage":"fr-FR","potentialAction":[{"@type":"ReadAction","target":["https:\/\/perlya-bijoux.com\/index.php\/product\/boucles-doreilles-rosee-fine\/"]}]},{"@type":"ImageObject","inLanguage":"fr-FR","@id":"https:\/\/perlya-bijoux.com\/index.php\/product\/boucles-doreilles-rosee-fine\/#primaryimage","url":"https:\/\/perlya-bijoux.com\/wp-content\/uploads\/2026\/01\/bc-rosee-fine.jpg","contentUrl":"https:\/\/perlya-bijoux.com\/wp-content\/uploads\/2026\/01\/bc-rosee-fine.jpg","width":1438,"height":1438},{"@type":"BreadcrumbList","@id":"https:\/\/perlya-bijoux.com\/index.php\/product\/boucles-doreilles-rosee-fine\/#breadcrumb","itemListElement":[{"@type":"ListItem","position":1,"name":"Accueil","item":"https:\/\/perlya-bijoux.com\/"},{"@type":"ListItem","position":2,"name":"Boutique","item":"https:\/\/perlya-bijoux.com\/index.php\/boutique\/"},{"@type":"ListItem","position":3,"name":"Boucles d&#8217;oreilles Ros\u00e9e fine"}]},{"@type":"WebSite","@id":"https:\/\/perlya-bijoux.com\/#website","url":"https:\/\/perlya-bijoux.com\/","name":"Perlya","description":"","potentialAction":[{"@type":"SearchAction","target":{"@type":"EntryPoint","urlTemplate":"https:\/\/perlya-bijoux.com\/?s={search_term_string}"},"query-input":{"@type":"PropertyValueSpecification","valueRequired":true,"valueName":"search_term_string"}}],"inLanguage":"fr-FR"}]}},"_links":{"self":[{"href":"https:\/\/perlya-bijoux.com\/index.php\/wp-json\/wp\/v2\/product\/3227","targetHints":{"allow":["GET"]}}],"collection":[{"href":"https:\/\/perlya-bijoux.com\/index.php\/wp-json\/wp\/v2\/product"}],"about":[{"href":"https:\/\/perlya-bijoux.com\/index.php\/wp-json\/wp\/v2\/types\/product"}],"replies":[{"embeddable":true,"href":"https:\/\/perlya-bijoux.com\/index.php\/wp-json\/wp\/v2\/comments?post=3227"}],"wp:featuredmedia":[{"embeddable":true,"href":"https:\/\/perlya-bijoux.com\/index.php\/wp-json\/wp\/v2\/media\/3228"}],"wp:attachment":[{"href":"https:\/\/perlya-bijoux.com\/index.php\/wp-json\/wp\/v2\/media?parent=3227"}],"wp:term":[{"taxonomy":"product_brand","embeddable":true,"href":"https:\/\/perlya-bijoux.com\/index.php\/wp-json\/wp\/v2\/product_brand?post=3227"},{"taxonomy":"product_cat","embeddable":true,"href":"https:\/\/perlya-bijoux.com\/index.php\/wp-json\/wp\/v2\/product_cat?post=3227"},{"taxonomy":"product_tag","embeddable":true,"href":"https:\/\/perlya-bijoux.com\/index.php\/wp-json\/wp\/v2\/product_tag?post=3227"}],"curies":[{"name":"wp","href":"https:\/\/api.w.org\/{rel}","templated":true}]}}