{"id":3275,"date":"2026-02-05T23:17:38","date_gmt":"2026-02-05T23:17:38","guid":{"rendered":"https:\/\/perlya-bijoux.com\/?post_type=product&#038;p=3275"},"modified":"2026-02-09T08:04:48","modified_gmt":"2026-02-09T08:04:48","slug":"collier-de-dos-eclat-nymphe","status":"publish","type":"product","link":"https:\/\/perlya-bijoux.com\/index.php\/product\/collier-de-dos-eclat-nymphe\/","title":{"rendered":"Collier de dos Eclat Nymphe"},"content":{"rendered":"<p>Le collier de dos <strong data-start=\"339\" data-end=\"355\">\u00c9clat Nymphe<\/strong> se pose comme une caresse lumineuse sur la peau.<\/p>\n<p>Sa cha\u00eene fine descend d\u00e9licatement le long du dos, rythm\u00e9e par des perles nacr\u00e9es et des perles de verre qui captent la lumi\u00e8re avec douceur.<\/p>\n<p>R\u00e9alis\u00e9 sur mesure, il accompagne chaque silhouette avec justesse et \u00e9l\u00e9gance.<\/p>\n<p>En acier inoxydable, il est pens\u00e9 pour durer, tout en restant l\u00e9ger et d\u00e9licat, afin de sublimer la mari\u00e9e dans la gr\u00e2ce et l\u2019\u00e9motion de l\u2019instant.<\/p>\n<p>&nbsp;<\/p>\n","protected":false},"excerpt":{"rendered":"<p>Un souffle de lumi\u00e8re glisse le long du dos, port\u00e9 par des perles nacr\u00e9es et des perles de verre.<\/p>\n","protected":false},"featured_media":3232,"comment_status":"open","ping_status":"closed","template":"","meta":[],"product_brand":[],"product_cat":[53,97],"product_tag":[],"class_list":{"0":"post-3275","1":"product","2":"type-product","3":"status-publish","4":"has-post-thumbnail","6":"product_cat-bijoux-mariee","7":"product_cat-colliers-dos","9":"first","10":"instock","11":"shipping-taxable","12":"purchasable","13":"product-type-simple"},"yoast_head":"<!-- This site is optimized with the Yoast SEO plugin v26.9 - https:\/\/yoast.com\/product\/yoast-seo-wordpress\/ -->\n<title>Collier de dos Eclat Nymphe - Perlya<\/title>\n<meta name=\"description\" content=\"Collier de dos mari\u00e9e d\u00e9licat, perles nacr\u00e9es et perles de verre, cr\u00e9ation lumineuse sur mesure.\" \/>\n<meta name=\"robots\" content=\"index, follow, max-snippet:-1, max-image-preview:large, max-video-preview:-1\" \/>\n<link rel=\"canonical\" href=\"https:\/\/perlya-bijoux.com\/index.php\/product\/collier-de-dos-eclat-nymphe\/\" \/>\n<meta property=\"og:locale\" content=\"fr_FR\" \/>\n<meta property=\"og:type\" content=\"article\" \/>\n<meta property=\"og:title\" content=\"Collier de dos Eclat Nymphe - Perlya\" \/>\n<meta property=\"og:description\" content=\"Collier de dos mari\u00e9e d\u00e9licat, perles nacr\u00e9es et perles de verre, cr\u00e9ation lumineuse sur mesure.\" \/>\n<meta property=\"og:url\" content=\"https:\/\/perlya-bijoux.com\/index.php\/product\/collier-de-dos-eclat-nymphe\/\" \/>\n<meta property=\"og:site_name\" content=\"Perlya\" \/>\n<meta property=\"article:modified_time\" content=\"2026-02-09T08:04:48+00:00\" \/>\n<meta property=\"og:image\" content=\"http:\/\/perlya-bijoux.com\/wp-content\/uploads\/2026\/01\/IMG_20251229_1302574-1.jpg\" \/>\n\t<meta property=\"og:image:width\" content=\"1702\" \/>\n\t<meta property=\"og:image:height\" content=\"1702\" \/>\n\t<meta property=\"og:image:type\" content=\"image\/jpeg\" \/>\n<meta name=\"twitter:card\" content=\"summary_large_image\" \/>\n<meta name=\"twitter:label1\" content=\"Dur\u00e9e de lecture estim\u00e9e\" \/>\n\t<meta name=\"twitter:data1\" content=\"1 minute\" \/>\n<script type=\"application\/ld+json\" class=\"yoast-schema-graph\">{\"@context\":\"https:\/\/schema.org\",\"@graph\":[{\"@type\":\"WebPage\",\"@id\":\"https:\/\/perlya-bijoux.com\/index.php\/product\/collier-de-dos-eclat-nymphe\/\",\"url\":\"https:\/\/perlya-bijoux.com\/index.php\/product\/collier-de-dos-eclat-nymphe\/\",\"name\":\"Collier de dos Eclat Nymphe - Perlya\",\"isPartOf\":{\"@id\":\"https:\/\/perlya-bijoux.com\/#website\"},\"primaryImageOfPage\":{\"@id\":\"https:\/\/perlya-bijoux.com\/index.php\/product\/collier-de-dos-eclat-nymphe\/#primaryimage\"},\"image\":{\"@id\":\"https:\/\/perlya-bijoux.com\/index.php\/product\/collier-de-dos-eclat-nymphe\/#primaryimage\"},\"thumbnailUrl\":\"https:\/\/perlya-bijoux.com\/wp-content\/uploads\/2026\/01\/IMG_20251229_1302574-1.jpg\",\"datePublished\":\"2026-02-05T23:17:38+00:00\",\"dateModified\":\"2026-02-09T08:04:48+00:00\",\"description\":\"Collier de dos mari\u00e9e d\u00e9licat, perles nacr\u00e9es et perles de verre, cr\u00e9ation lumineuse sur mesure.\",\"breadcrumb\":{\"@id\":\"https:\/\/perlya-bijoux.com\/index.php\/product\/collier-de-dos-eclat-nymphe\/#breadcrumb\"},\"inLanguage\":\"fr-FR\",\"potentialAction\":[{\"@type\":\"ReadAction\",\"target\":[\"https:\/\/perlya-bijoux.com\/index.php\/product\/collier-de-dos-eclat-nymphe\/\"]}]},{\"@type\":\"ImageObject\",\"inLanguage\":\"fr-FR\",\"@id\":\"https:\/\/perlya-bijoux.com\/index.php\/product\/collier-de-dos-eclat-nymphe\/#primaryimage\",\"url\":\"https:\/\/perlya-bijoux.com\/wp-content\/uploads\/2026\/01\/IMG_20251229_1302574-1.jpg\",\"contentUrl\":\"https:\/\/perlya-bijoux.com\/wp-content\/uploads\/2026\/01\/IMG_20251229_1302574-1.jpg\",\"width\":1702,\"height\":1702},{\"@type\":\"BreadcrumbList\",\"@id\":\"https:\/\/perlya-bijoux.com\/index.php\/product\/collier-de-dos-eclat-nymphe\/#breadcrumb\",\"itemListElement\":[{\"@type\":\"ListItem\",\"position\":1,\"name\":\"Accueil\",\"item\":\"https:\/\/perlya-bijoux.com\/\"},{\"@type\":\"ListItem\",\"position\":2,\"name\":\"Boutique\",\"item\":\"https:\/\/perlya-bijoux.com\/index.php\/boutique\/\"},{\"@type\":\"ListItem\",\"position\":3,\"name\":\"Collier de dos Eclat Nymphe\"}]},{\"@type\":\"WebSite\",\"@id\":\"https:\/\/perlya-bijoux.com\/#website\",\"url\":\"https:\/\/perlya-bijoux.com\/\",\"name\":\"Perlya\",\"description\":\"\",\"potentialAction\":[{\"@type\":\"SearchAction\",\"target\":{\"@type\":\"EntryPoint\",\"urlTemplate\":\"https:\/\/perlya-bijoux.com\/?s={search_term_string}\"},\"query-input\":{\"@type\":\"PropertyValueSpecification\",\"valueRequired\":true,\"valueName\":\"search_term_string\"}}],\"inLanguage\":\"fr-FR\"}]}<\/script>\n<!-- \/ Yoast SEO plugin. -->","yoast_head_json":{"title":"Collier de dos Eclat Nymphe - Perlya","description":"Collier de dos mari\u00e9e d\u00e9licat, perles nacr\u00e9es et perles de verre, cr\u00e9ation lumineuse sur mesure.","robots":{"index":"index","follow":"follow","max-snippet":"max-snippet:-1","max-image-preview":"max-image-preview:large","max-video-preview":"max-video-preview:-1"},"canonical":"https:\/\/perlya-bijoux.com\/index.php\/product\/collier-de-dos-eclat-nymphe\/","og_locale":"fr_FR","og_type":"article","og_title":"Collier de dos Eclat Nymphe - Perlya","og_description":"Collier de dos mari\u00e9e d\u00e9licat, perles nacr\u00e9es et perles de verre, cr\u00e9ation lumineuse sur mesure.","og_url":"https:\/\/perlya-bijoux.com\/index.php\/product\/collier-de-dos-eclat-nymphe\/","og_site_name":"Perlya","article_modified_time":"2026-02-09T08:04:48+00:00","og_image":[{"width":1702,"height":1702,"url":"http:\/\/perlya-bijoux.com\/wp-content\/uploads\/2026\/01\/IMG_20251229_1302574-1.jpg","type":"image\/jpeg"}],"twitter_card":"summary_large_image","twitter_misc":{"Dur\u00e9e de lecture estim\u00e9e":"1 minute"},"schema":{"@context":"https:\/\/schema.org","@graph":[{"@type":"WebPage","@id":"https:\/\/perlya-bijoux.com\/index.php\/product\/collier-de-dos-eclat-nymphe\/","url":"https:\/\/perlya-bijoux.com\/index.php\/product\/collier-de-dos-eclat-nymphe\/","name":"Collier de dos Eclat Nymphe - Perlya","isPartOf":{"@id":"https:\/\/perlya-bijoux.com\/#website"},"primaryImageOfPage":{"@id":"https:\/\/perlya-bijoux.com\/index.php\/product\/collier-de-dos-eclat-nymphe\/#primaryimage"},"image":{"@id":"https:\/\/perlya-bijoux.com\/index.php\/product\/collier-de-dos-eclat-nymphe\/#primaryimage"},"thumbnailUrl":"https:\/\/perlya-bijoux.com\/wp-content\/uploads\/2026\/01\/IMG_20251229_1302574-1.jpg","datePublished":"2026-02-05T23:17:38+00:00","dateModified":"2026-02-09T08:04:48+00:00","description":"Collier de dos mari\u00e9e d\u00e9licat, perles nacr\u00e9es et perles de verre, cr\u00e9ation lumineuse sur mesure.","breadcrumb":{"@id":"https:\/\/perlya-bijoux.com\/index.php\/product\/collier-de-dos-eclat-nymphe\/#breadcrumb"},"inLanguage":"fr-FR","potentialAction":[{"@type":"ReadAction","target":["https:\/\/perlya-bijoux.com\/index.php\/product\/collier-de-dos-eclat-nymphe\/"]}]},{"@type":"ImageObject","inLanguage":"fr-FR","@id":"https:\/\/perlya-bijoux.com\/index.php\/product\/collier-de-dos-eclat-nymphe\/#primaryimage","url":"https:\/\/perlya-bijoux.com\/wp-content\/uploads\/2026\/01\/IMG_20251229_1302574-1.jpg","contentUrl":"https:\/\/perlya-bijoux.com\/wp-content\/uploads\/2026\/01\/IMG_20251229_1302574-1.jpg","width":1702,"height":1702},{"@type":"BreadcrumbList","@id":"https:\/\/perlya-bijoux.com\/index.php\/product\/collier-de-dos-eclat-nymphe\/#breadcrumb","itemListElement":[{"@type":"ListItem","position":1,"name":"Accueil","item":"https:\/\/perlya-bijoux.com\/"},{"@type":"ListItem","position":2,"name":"Boutique","item":"https:\/\/perlya-bijoux.com\/index.php\/boutique\/"},{"@type":"ListItem","position":3,"name":"Collier de dos Eclat Nymphe"}]},{"@type":"WebSite","@id":"https:\/\/perlya-bijoux.com\/#website","url":"https:\/\/perlya-bijoux.com\/","name":"Perlya","description":"","potentialAction":[{"@type":"SearchAction","target":{"@type":"EntryPoint","urlTemplate":"https:\/\/perlya-bijoux.com\/?s={search_term_string}"},"query-input":{"@type":"PropertyValueSpecification","valueRequired":true,"valueName":"search_term_string"}}],"inLanguage":"fr-FR"}]}},"_links":{"self":[{"href":"https:\/\/perlya-bijoux.com\/index.php\/wp-json\/wp\/v2\/product\/3275","targetHints":{"allow":["GET"]}}],"collection":[{"href":"https:\/\/perlya-bijoux.com\/index.php\/wp-json\/wp\/v2\/product"}],"about":[{"href":"https:\/\/perlya-bijoux.com\/index.php\/wp-json\/wp\/v2\/types\/product"}],"replies":[{"embeddable":true,"href":"https:\/\/perlya-bijoux.com\/index.php\/wp-json\/wp\/v2\/comments?post=3275"}],"wp:featuredmedia":[{"embeddable":true,"href":"https:\/\/perlya-bijoux.com\/index.php\/wp-json\/wp\/v2\/media\/3232"}],"wp:attachment":[{"href":"https:\/\/perlya-bijoux.com\/index.php\/wp-json\/wp\/v2\/media?parent=3275"}],"wp:term":[{"taxonomy":"product_brand","embeddable":true,"href":"https:\/\/perlya-bijoux.com\/index.php\/wp-json\/wp\/v2\/product_brand?post=3275"},{"taxonomy":"product_cat","embeddable":true,"href":"https:\/\/perlya-bijoux.com\/index.php\/wp-json\/wp\/v2\/product_cat?post=3275"},{"taxonomy":"product_tag","embeddable":true,"href":"https:\/\/perlya-bijoux.com\/index.php\/wp-json\/wp\/v2\/product_tag?post=3275"}],"curies":[{"name":"wp","href":"https:\/\/api.w.org\/{rel}","templated":true}]}}