{"id":3276,"date":"2026-02-06T15:08:57","date_gmt":"2026-02-06T15:08:57","guid":{"rendered":"https:\/\/perlya-bijoux.com\/?post_type=product&#038;p=3276"},"modified":"2026-02-06T15:08:57","modified_gmt":"2026-02-06T15:08:57","slug":"collier-de-dos-vague-perlee","status":"publish","type":"product","link":"https:\/\/perlya-bijoux.com\/index.php\/product\/collier-de-dos-vague-perlee\/","title":{"rendered":"Collier de dos Vague Perl\u00e9e"},"content":{"rendered":"<p>Le <strong>collier de dos Vigne Vague Perl\u00e9e<\/strong> dessine une ligne a\u00e9rienne inspir\u00e9e de la nature<\/p>\n<p>\u00c0 l\u2019avant, un fil dor\u00e9 torsad\u00e9 se d\u00e9ploie comme une vigne l\u00e9g\u00e8re, ponctu\u00e9e de perles ovales aux reflets doux.<br \/>\nDans le dos, une fine cha\u00eene en acier inoxydable accompagne le mouvement et se termine par une cascade de perles, cr\u00e9ant un \u00e9quilibre subtil entre finesse et \u00e9clat<\/p>\n<p>Bijou unique, il sublime une robe \u00e9pur\u00e9e et enveloppe la mari\u00e9e d\u2019une \u00e9l\u00e9gance naturelle pour le jour J.<\/p>\n<p>longueur de la chaine dans le dos sur mesure<\/p>\n","protected":false},"excerpt":{"rendered":"<p>Une vigne d\u00e9licate aux reflets nacr\u00e9s ondule sur la peau et r\u00e9v\u00e8le le dos avec douceur et lumi\u00e8re.<\/p>\n","protected":false},"featured_media":3177,"comment_status":"open","ping_status":"closed","template":"","meta":[],"product_brand":[],"product_cat":[53,97],"product_tag":[],"class_list":{"0":"post-3276","1":"product","2":"type-product","3":"status-publish","4":"has-post-thumbnail","6":"product_cat-bijoux-mariee","7":"product_cat-colliers-dos","9":"first","10":"instock","11":"shipping-taxable","12":"purchasable","13":"product-type-simple"},"yoast_head":"<!-- This site is optimized with the Yoast SEO plugin v26.9 - https:\/\/yoast.com\/product\/yoast-seo-wordpress\/ -->\n<title>Collier de dos Vague Perl\u00e9e - Perlya<\/title>\n<meta name=\"description\" content=\"Collier de dos mari\u00e9e en acier inoxydable, perles ovales, bijou po\u00e9tique et unique pour robe \u00e9pur\u00e9e.\" \/>\n<meta name=\"robots\" content=\"index, follow, max-snippet:-1, max-image-preview:large, max-video-preview:-1\" \/>\n<link rel=\"canonical\" href=\"https:\/\/perlya-bijoux.com\/index.php\/product\/collier-de-dos-vague-perlee\/\" \/>\n<meta property=\"og:locale\" content=\"fr_FR\" \/>\n<meta property=\"og:type\" content=\"article\" \/>\n<meta property=\"og:title\" content=\"Collier de dos Vague Perl\u00e9e - Perlya\" \/>\n<meta property=\"og:description\" content=\"Collier de dos mari\u00e9e en acier inoxydable, perles ovales, bijou po\u00e9tique et unique pour robe \u00e9pur\u00e9e.\" \/>\n<meta property=\"og:url\" content=\"https:\/\/perlya-bijoux.com\/index.php\/product\/collier-de-dos-vague-perlee\/\" \/>\n<meta property=\"og:site_name\" content=\"Perlya\" \/>\n<meta property=\"og:image\" content=\"http:\/\/perlya-bijoux.com\/wp-content\/uploads\/2026\/01\/coller-vague-perlee-et-boucles-petales-perlees-2.jpg\" \/>\n\t<meta property=\"og:image:width\" content=\"2129\" \/>\n\t<meta property=\"og:image:height\" content=\"2129\" \/>\n\t<meta property=\"og:image:type\" content=\"image\/jpeg\" \/>\n<meta name=\"twitter:card\" content=\"summary_large_image\" \/>\n<meta name=\"twitter:label1\" content=\"Dur\u00e9e de lecture estim\u00e9e\" \/>\n\t<meta name=\"twitter:data1\" content=\"1 minute\" \/>\n<script type=\"application\/ld+json\" class=\"yoast-schema-graph\">{\"@context\":\"https:\/\/schema.org\",\"@graph\":[{\"@type\":\"WebPage\",\"@id\":\"https:\/\/perlya-bijoux.com\/index.php\/product\/collier-de-dos-vague-perlee\/\",\"url\":\"https:\/\/perlya-bijoux.com\/index.php\/product\/collier-de-dos-vague-perlee\/\",\"name\":\"Collier de dos Vague Perl\u00e9e - Perlya\",\"isPartOf\":{\"@id\":\"https:\/\/perlya-bijoux.com\/#website\"},\"primaryImageOfPage\":{\"@id\":\"https:\/\/perlya-bijoux.com\/index.php\/product\/collier-de-dos-vague-perlee\/#primaryimage\"},\"image\":{\"@id\":\"https:\/\/perlya-bijoux.com\/index.php\/product\/collier-de-dos-vague-perlee\/#primaryimage\"},\"thumbnailUrl\":\"https:\/\/perlya-bijoux.com\/wp-content\/uploads\/2026\/01\/coller-vague-perlee-et-boucles-petales-perlees-2.jpg\",\"datePublished\":\"2026-02-06T15:08:57+00:00\",\"description\":\"Collier de dos mari\u00e9e en acier inoxydable, perles ovales, bijou po\u00e9tique et unique pour robe \u00e9pur\u00e9e.\",\"breadcrumb\":{\"@id\":\"https:\/\/perlya-bijoux.com\/index.php\/product\/collier-de-dos-vague-perlee\/#breadcrumb\"},\"inLanguage\":\"fr-FR\",\"potentialAction\":[{\"@type\":\"ReadAction\",\"target\":[\"https:\/\/perlya-bijoux.com\/index.php\/product\/collier-de-dos-vague-perlee\/\"]}]},{\"@type\":\"ImageObject\",\"inLanguage\":\"fr-FR\",\"@id\":\"https:\/\/perlya-bijoux.com\/index.php\/product\/collier-de-dos-vague-perlee\/#primaryimage\",\"url\":\"https:\/\/perlya-bijoux.com\/wp-content\/uploads\/2026\/01\/coller-vague-perlee-et-boucles-petales-perlees-2.jpg\",\"contentUrl\":\"https:\/\/perlya-bijoux.com\/wp-content\/uploads\/2026\/01\/coller-vague-perlee-et-boucles-petales-perlees-2.jpg\",\"width\":2129,\"height\":2129},{\"@type\":\"BreadcrumbList\",\"@id\":\"https:\/\/perlya-bijoux.com\/index.php\/product\/collier-de-dos-vague-perlee\/#breadcrumb\",\"itemListElement\":[{\"@type\":\"ListItem\",\"position\":1,\"name\":\"Accueil\",\"item\":\"https:\/\/perlya-bijoux.com\/\"},{\"@type\":\"ListItem\",\"position\":2,\"name\":\"Boutique\",\"item\":\"https:\/\/perlya-bijoux.com\/index.php\/boutique\/\"},{\"@type\":\"ListItem\",\"position\":3,\"name\":\"Collier de dos Vague Perl\u00e9e\"}]},{\"@type\":\"WebSite\",\"@id\":\"https:\/\/perlya-bijoux.com\/#website\",\"url\":\"https:\/\/perlya-bijoux.com\/\",\"name\":\"Perlya\",\"description\":\"\",\"potentialAction\":[{\"@type\":\"SearchAction\",\"target\":{\"@type\":\"EntryPoint\",\"urlTemplate\":\"https:\/\/perlya-bijoux.com\/?s={search_term_string}\"},\"query-input\":{\"@type\":\"PropertyValueSpecification\",\"valueRequired\":true,\"valueName\":\"search_term_string\"}}],\"inLanguage\":\"fr-FR\"}]}<\/script>\n<!-- \/ Yoast SEO plugin. -->","yoast_head_json":{"title":"Collier de dos Vague Perl\u00e9e - Perlya","description":"Collier de dos mari\u00e9e en acier inoxydable, perles ovales, bijou po\u00e9tique et unique pour robe \u00e9pur\u00e9e.","robots":{"index":"index","follow":"follow","max-snippet":"max-snippet:-1","max-image-preview":"max-image-preview:large","max-video-preview":"max-video-preview:-1"},"canonical":"https:\/\/perlya-bijoux.com\/index.php\/product\/collier-de-dos-vague-perlee\/","og_locale":"fr_FR","og_type":"article","og_title":"Collier de dos Vague Perl\u00e9e - Perlya","og_description":"Collier de dos mari\u00e9e en acier inoxydable, perles ovales, bijou po\u00e9tique et unique pour robe \u00e9pur\u00e9e.","og_url":"https:\/\/perlya-bijoux.com\/index.php\/product\/collier-de-dos-vague-perlee\/","og_site_name":"Perlya","og_image":[{"width":2129,"height":2129,"url":"http:\/\/perlya-bijoux.com\/wp-content\/uploads\/2026\/01\/coller-vague-perlee-et-boucles-petales-perlees-2.jpg","type":"image\/jpeg"}],"twitter_card":"summary_large_image","twitter_misc":{"Dur\u00e9e de lecture estim\u00e9e":"1 minute"},"schema":{"@context":"https:\/\/schema.org","@graph":[{"@type":"WebPage","@id":"https:\/\/perlya-bijoux.com\/index.php\/product\/collier-de-dos-vague-perlee\/","url":"https:\/\/perlya-bijoux.com\/index.php\/product\/collier-de-dos-vague-perlee\/","name":"Collier de dos Vague Perl\u00e9e - Perlya","isPartOf":{"@id":"https:\/\/perlya-bijoux.com\/#website"},"primaryImageOfPage":{"@id":"https:\/\/perlya-bijoux.com\/index.php\/product\/collier-de-dos-vague-perlee\/#primaryimage"},"image":{"@id":"https:\/\/perlya-bijoux.com\/index.php\/product\/collier-de-dos-vague-perlee\/#primaryimage"},"thumbnailUrl":"https:\/\/perlya-bijoux.com\/wp-content\/uploads\/2026\/01\/coller-vague-perlee-et-boucles-petales-perlees-2.jpg","datePublished":"2026-02-06T15:08:57+00:00","description":"Collier de dos mari\u00e9e en acier inoxydable, perles ovales, bijou po\u00e9tique et unique pour robe \u00e9pur\u00e9e.","breadcrumb":{"@id":"https:\/\/perlya-bijoux.com\/index.php\/product\/collier-de-dos-vague-perlee\/#breadcrumb"},"inLanguage":"fr-FR","potentialAction":[{"@type":"ReadAction","target":["https:\/\/perlya-bijoux.com\/index.php\/product\/collier-de-dos-vague-perlee\/"]}]},{"@type":"ImageObject","inLanguage":"fr-FR","@id":"https:\/\/perlya-bijoux.com\/index.php\/product\/collier-de-dos-vague-perlee\/#primaryimage","url":"https:\/\/perlya-bijoux.com\/wp-content\/uploads\/2026\/01\/coller-vague-perlee-et-boucles-petales-perlees-2.jpg","contentUrl":"https:\/\/perlya-bijoux.com\/wp-content\/uploads\/2026\/01\/coller-vague-perlee-et-boucles-petales-perlees-2.jpg","width":2129,"height":2129},{"@type":"BreadcrumbList","@id":"https:\/\/perlya-bijoux.com\/index.php\/product\/collier-de-dos-vague-perlee\/#breadcrumb","itemListElement":[{"@type":"ListItem","position":1,"name":"Accueil","item":"https:\/\/perlya-bijoux.com\/"},{"@type":"ListItem","position":2,"name":"Boutique","item":"https:\/\/perlya-bijoux.com\/index.php\/boutique\/"},{"@type":"ListItem","position":3,"name":"Collier de dos Vague Perl\u00e9e"}]},{"@type":"WebSite","@id":"https:\/\/perlya-bijoux.com\/#website","url":"https:\/\/perlya-bijoux.com\/","name":"Perlya","description":"","potentialAction":[{"@type":"SearchAction","target":{"@type":"EntryPoint","urlTemplate":"https:\/\/perlya-bijoux.com\/?s={search_term_string}"},"query-input":{"@type":"PropertyValueSpecification","valueRequired":true,"valueName":"search_term_string"}}],"inLanguage":"fr-FR"}]}},"_links":{"self":[{"href":"https:\/\/perlya-bijoux.com\/index.php\/wp-json\/wp\/v2\/product\/3276","targetHints":{"allow":["GET"]}}],"collection":[{"href":"https:\/\/perlya-bijoux.com\/index.php\/wp-json\/wp\/v2\/product"}],"about":[{"href":"https:\/\/perlya-bijoux.com\/index.php\/wp-json\/wp\/v2\/types\/product"}],"replies":[{"embeddable":true,"href":"https:\/\/perlya-bijoux.com\/index.php\/wp-json\/wp\/v2\/comments?post=3276"}],"wp:featuredmedia":[{"embeddable":true,"href":"https:\/\/perlya-bijoux.com\/index.php\/wp-json\/wp\/v2\/media\/3177"}],"wp:attachment":[{"href":"https:\/\/perlya-bijoux.com\/index.php\/wp-json\/wp\/v2\/media?parent=3276"}],"wp:term":[{"taxonomy":"product_brand","embeddable":true,"href":"https:\/\/perlya-bijoux.com\/index.php\/wp-json\/wp\/v2\/product_brand?post=3276"},{"taxonomy":"product_cat","embeddable":true,"href":"https:\/\/perlya-bijoux.com\/index.php\/wp-json\/wp\/v2\/product_cat?post=3276"},{"taxonomy":"product_tag","embeddable":true,"href":"https:\/\/perlya-bijoux.com\/index.php\/wp-json\/wp\/v2\/product_tag?post=3276"}],"curies":[{"name":"wp","href":"https:\/\/api.w.org\/{rel}","templated":true}]}}